
{"id":2165,"date":"2026-03-11T19:41:34","date_gmt":"2026-03-11T19:41:34","guid":{"rendered":"https:\/\/derkabeldoc.de\/?post_type=product&#038;p=2165"},"modified":"2026-03-11T20:07:23","modified_gmt":"2026-03-11T20:07:23","slug":"motorkabelbaum-restauration-mercedes-sprinter-w901-w902-w903-w904-m111","status":"publish","type":"product","link":"https:\/\/derkabeldoc.de\/en\/produkt\/motorkabelbaum-restauration-mercedes-sprinter-w901-w902-w903-w904-m111\/","title":{"rendered":"Motorkabelbaum Restauration Mercedes Sprinter W901 W902 W903 W904"},"content":{"rendered":"<p><strong>Kabelbaum Restauration A9015403809 \/ A9015405109<\/strong><\/p>\n<p>Wir bieten die <strong>professionelle Restauration\u00a0 Ihres Motorkabelb\u00e4ums<\/strong> f\u00fcr die Modelle des<br \/>\nMercedes-Benz Sprinter (T1N) der Baureihen <strong>W901, W902, W903 und W904 an.<\/strong><\/p>\n<p>Bei den Fahrzeugen von Mercedes-Benz Sprinter (T1N) der Baureihen <strong>W901, W902, W903 und W904 mit M111 Motor <\/strong>wird die <strong>Kabelisolierung im Motorraum durch Hitze, mangelhafte Materialqualit\u00e4t und \u00d6l oft spr\u00f6de<\/strong>, wodurch es zu elektrischen Fehlern kommt.<br \/>\nWir restaurieren Ihren <strong>originalen Motorkabelbaum fachgerecht<\/strong> und ersetzen die Verkabelung gegen temperaturbest\u00e4ndige Leitungen.<\/p>\n<p>&nbsp;<\/p>\n<p><strong>Typische Symptome eines defekten Motorkabelbaums<\/strong><\/p>\n<ul>\n<li>Motor l\u00e4uft unruhig<\/li>\n<li>Motor startet schlecht oder geht aus<\/li>\n<li>Fehlermeldungen im Motorsteuerger\u00e4t<\/li>\n<li>Sensor- oder Einspritzfehler<\/li>\n<li>br\u00fcchige oder zerfallene Kabelisolierung<\/li>\n<\/ul>\n<p>&nbsp;<\/p>\n<p><strong>Passende Original-Teilenummern<\/strong><\/p>\n<p>Dieser Reparaturservice eignet sich u. a. f\u00fcr folgende Motorkabelb\u00e4ume:<\/p>\n<ul>\n<li><strong>A9015403809<\/strong><\/li>\n<li><strong>A9015405109<\/strong><\/li>\n<\/ul>\n<p>&nbsp;<\/p>\n<p>Karosserievarianten:<\/p>\n<ul>\n<li>Kastenwagen<\/li>\n<li>Kombi \/ Bus<\/li>\n<li>Pritsche<\/li>\n<li>Fahrgestell<\/li>\n<\/ul>\n<p>&nbsp;<\/p>\n<p><strong>Kompatible Baumuster<\/strong><\/p>\n<p><strong>Baureihe 901, 902, 903 und 904<\/strong><\/p>\n<p>&nbsp;<\/p>\n<p><strong>Ablauf der Kabelbaum Reparatur<\/strong><\/p>\n<p>1\ufe0f\u20e3 Motorkabelbaum ausbauen<br \/>\n2\ufe0f\u20e3 Kabelbaum an uns einsenden<br \/>\n3\ufe0f\u20e3 Fachgerechte \u00dcberarbeitung \/ Neuisolierung<br \/>\n4\ufe0f\u20e3 R\u00fcckversand des gepr\u00fcften Kabelbaums<\/p>\n<p>W\u00e4hrend der Restauration werden:<\/p>\n<ul>\n<li>Alle por\u00f6sen Kabel gegen hochwertige Silikonleitungen ersetzt<\/li>\n<li>die meisten Steckverbindungen gegen neue getauscht<\/li>\n<li>der nun neuwertige Kabelbaum gepr\u00fcft<\/li>\n<\/ul>\n<p>&nbsp;<\/p>\n<p><strong>Hinweis zur Kompatibilit\u00e4t<\/strong><\/p>\n<p>Mercedes hat je nach <strong>Motor, Baujahr und Ausstattung unterschiedliche Motorkabelb\u00e4ume verbaut.<\/strong><\/p>\n<p>Bitte vor der Bestellung:<\/p>\n<p>\u2714 Teilenummer vergleichen<br \/>\noder<br \/>\n\u2714 Fahrgestellnummer (VIN) senden<\/p>\n<p>Wir pr\u00fcfen die Kompatibilit\u00e4t kostenlos.<\/p>\n<p>&nbsp;<\/p>\n","protected":false},"excerpt":{"rendered":"<p>Fachm\u00e4nnische Restauration Ihres Motorkabelbaums.<\/p>\n","protected":false},"featured_media":2166,"template":"","meta":{"_et_pb_use_builder":"","_et_pb_old_content":"","_et_gb_content_width":"","_uag_custom_page_level_css":""},"product_brand":[],"product_cat":[128,98,185],"product_tag":[1594,1595,1578,1583,1584,1585,1586,1592,1579,1589,1593,1580,1588,1591,1576,1577,1582,1590,1587,1596,1597,1598,1599,1600,1601,1606,1602,1603,1604,1607,1605,1608,1609,1610,1611,1581],"class_list":{"0":"post-2165","1":"product","2":"type-product","3":"status-publish","4":"has-post-thumbnail","6":"product_cat-m111","7":"product_cat-motorkabelbaum","8":"product_cat-zubehoer","9":"product_tag-a9015403809","10":"product_tag-a9015405109","11":"product_tag-kabelbaum-instandsetzung","12":"product_tag-kabelbaum-mercedes-w901","13":"product_tag-kabelbaum-mercedes-w902","14":"product_tag-kabelbaum-mercedes-w903","15":"product_tag-kabelbaum-mercedes-w904","16":"product_tag-kabelbaum-motorraum-reparatur","17":"product_tag-kabelbaum-reparatur-mercedes","18":"product_tag-kabelisolierung-poroes-mercedes","19":"product_tag-mercedes-sprinter-elektrik-reparatur","20":"product_tag-mercedes-sprinter-motorkabelbaum","21":"product_tag-motor-kabelbaum-mercedes-reparieren","22":"product_tag-motorkabelbaum-instandsetzen","23":"product_tag-motorkabelbaum-reparatur","24":"product_tag-motorkabelbaum-restauration","25":"product_tag-motorkabelbaum-sprinter-t1n","26":"product_tag-motorkabelbaum-ueberholen","27":"product_tag-motorleitungssatz-reparatur","28":"product_tag-sprinter-208","29":"product_tag-sprinter-210","30":"product_tag-sprinter-212","31":"product_tag-sprinter-214","32":"product_tag-sprinter-308","33":"product_tag-sprinter-310","34":"product_tag-sprinter-311","35":"product_tag-sprinter-312","36":"product_tag-sprinter-313","37":"product_tag-sprinter-314","38":"product_tag-sprinter-315","39":"product_tag-sprinter-316","40":"product_tag-sprinter-318","41":"product_tag-sprinter-412","42":"product_tag-sprinter-413","43":"product_tag-sprinter-416","44":"product_tag-sprinter-kabelbaum-reparatur","45":"product_shipping_class-mittel","47":"first","48":"instock","49":"taxable","50":"shipping-taxable","51":"purchasable","52":"product-type-simple"},"yoast_head":"<!-- This site is optimized with the Yoast SEO plugin v27.5 - https:\/\/yoast.com\/product\/yoast-seo-wordpress\/ -->\n<title>Motorkabelbaum Restauration Mercedes Sprinter W901 W902 W903 W904 - DerKabeldoc.de<\/title>\n<meta name=\"description\" content=\"Professionelle Motorkabelbaum Restauration f\u00fcr Mercedes Sprinter W901 bis W904. Fachgerechte Restauration defekter Motorleitungss\u00e4tze f\u00fcr A9015403809 und A9015405109.\" \/>\n<meta name=\"robots\" content=\"index, follow, max-snippet:-1, max-image-preview:large, max-video-preview:-1\" \/>\n<link rel=\"canonical\" href=\"https:\/\/derkabeldoc.de\/en\/produkt\/motorkabelbaum-restauration-mercedes-sprinter-w901-w902-w903-w904-m111\/\" \/>\n<meta property=\"og:locale\" content=\"en_US\" \/>\n<meta property=\"og:type\" content=\"article\" \/>\n<meta property=\"og:title\" content=\"Motorkabelbaum Restauration Mercedes Sprinter W901 W902 W903 W904 - DerKabeldoc.de\" \/>\n<meta property=\"og:description\" content=\"Professionelle Motorkabelbaum Restauration f\u00fcr Mercedes Sprinter W901 bis W904. Fachgerechte Restauration defekter Motorleitungss\u00e4tze f\u00fcr A9015403809 und A9015405109.\" \/>\n<meta property=\"og:url\" content=\"https:\/\/derkabeldoc.de\/en\/produkt\/motorkabelbaum-restauration-mercedes-sprinter-w901-w902-w903-w904-m111\/\" \/>\n<meta property=\"og:site_name\" content=\"DerKabeldoc.de\" \/>\n<meta property=\"article:modified_time\" content=\"2026-03-11T20:07:23+00:00\" \/>\n<meta property=\"og:image\" content=\"https:\/\/derkabeldoc.de\/wp-content\/uploads\/2026\/03\/A9015403809.png\" \/>\n\t<meta property=\"og:image:width\" content=\"2137\" \/>\n\t<meta property=\"og:image:height\" content=\"1588\" \/>\n\t<meta property=\"og:image:type\" content=\"image\/png\" \/>\n<meta name=\"twitter:card\" content=\"summary_large_image\" \/>\n<meta name=\"twitter:label1\" content=\"Est. reading time\" \/>\n\t<meta name=\"twitter:data1\" content=\"2 minutes\" \/>\n<script type=\"application\/ld+json\" class=\"yoast-schema-graph\">{\"@context\":\"https:\\\/\\\/schema.org\",\"@graph\":[{\"@type\":\"WebPage\",\"@id\":\"https:\\\/\\\/derkabeldoc.de\\\/en\\\/produkt\\\/motorkabelbaum-restauration-mercedes-sprinter-w901-w902-w903-w904-m111\\\/\",\"url\":\"https:\\\/\\\/derkabeldoc.de\\\/en\\\/produkt\\\/motorkabelbaum-restauration-mercedes-sprinter-w901-w902-w903-w904-m111\\\/\",\"name\":\"Motorkabelbaum Restauration Mercedes Sprinter W901 W902 W903 W904 - DerKabeldoc.de\",\"isPartOf\":{\"@id\":\"https:\\\/\\\/derkabeldoc.de\\\/en\\\/#website\"},\"primaryImageOfPage\":{\"@id\":\"https:\\\/\\\/derkabeldoc.de\\\/en\\\/produkt\\\/motorkabelbaum-restauration-mercedes-sprinter-w901-w902-w903-w904-m111\\\/#primaryimage\"},\"image\":{\"@id\":\"https:\\\/\\\/derkabeldoc.de\\\/en\\\/produkt\\\/motorkabelbaum-restauration-mercedes-sprinter-w901-w902-w903-w904-m111\\\/#primaryimage\"},\"thumbnailUrl\":\"https:\\\/\\\/derkabeldoc.de\\\/wp-content\\\/uploads\\\/2026\\\/03\\\/A9015403809.png\",\"datePublished\":\"2026-03-11T19:41:34+00:00\",\"dateModified\":\"2026-03-11T20:07:23+00:00\",\"description\":\"Professionelle Motorkabelbaum Restauration f\u00fcr Mercedes Sprinter W901 bis W904. Fachgerechte Restauration defekter Motorleitungss\u00e4tze f\u00fcr A9015403809 und A9015405109.\",\"breadcrumb\":{\"@id\":\"https:\\\/\\\/derkabeldoc.de\\\/en\\\/produkt\\\/motorkabelbaum-restauration-mercedes-sprinter-w901-w902-w903-w904-m111\\\/#breadcrumb\"},\"inLanguage\":\"en-US\",\"potentialAction\":[{\"@type\":\"ReadAction\",\"target\":[\"https:\\\/\\\/derkabeldoc.de\\\/en\\\/produkt\\\/motorkabelbaum-restauration-mercedes-sprinter-w901-w902-w903-w904-m111\\\/\"]}]},{\"@type\":\"ImageObject\",\"inLanguage\":\"en-US\",\"@id\":\"https:\\\/\\\/derkabeldoc.de\\\/en\\\/produkt\\\/motorkabelbaum-restauration-mercedes-sprinter-w901-w902-w903-w904-m111\\\/#primaryimage\",\"url\":\"https:\\\/\\\/derkabeldoc.de\\\/wp-content\\\/uploads\\\/2026\\\/03\\\/A9015403809.png\",\"contentUrl\":\"https:\\\/\\\/derkabeldoc.de\\\/wp-content\\\/uploads\\\/2026\\\/03\\\/A9015403809.png\",\"width\":2137,\"height\":1588},{\"@type\":\"BreadcrumbList\",\"@id\":\"https:\\\/\\\/derkabeldoc.de\\\/en\\\/produkt\\\/motorkabelbaum-restauration-mercedes-sprinter-w901-w902-w903-w904-m111\\\/#breadcrumb\",\"itemListElement\":[{\"@type\":\"ListItem\",\"position\":1,\"name\":\"Startseite\",\"item\":\"https:\\\/\\\/derkabeldoc.de\\\/en\\\/shop\\\/\"},{\"@type\":\"ListItem\",\"position\":2,\"name\":\"Home\",\"item\":\"https:\\\/\\\/derkabeldoc.de\\\/\"},{\"@type\":\"ListItem\",\"position\":3,\"name\":\"Motorkabelbaum Restauration Mercedes Sprinter W901 W902 W903 W904\"}]},{\"@type\":\"WebSite\",\"@id\":\"https:\\\/\\\/derkabeldoc.de\\\/en\\\/#website\",\"url\":\"https:\\\/\\\/derkabeldoc.de\\\/en\\\/\",\"name\":\"DerKabeldoc.de\",\"description\":\"Vertrauen Sie auf Qualit\u00e4t und Innovation \u2013 w\u00e4hlen Sie unseren Kabelbaum. Erleben Sie Spitzenqualit\u00e4t und Zuverl\u00e4ssigkeit.\",\"publisher\":{\"@id\":\"https:\\\/\\\/derkabeldoc.de\\\/en\\\/#organization\"},\"potentialAction\":[{\"@type\":\"SearchAction\",\"target\":{\"@type\":\"EntryPoint\",\"urlTemplate\":\"https:\\\/\\\/derkabeldoc.de\\\/en\\\/?s={search_term_string}\"},\"query-input\":{\"@type\":\"PropertyValueSpecification\",\"valueRequired\":true,\"valueName\":\"search_term_string\"}}],\"inLanguage\":\"en-US\"},{\"@type\":\"Organization\",\"@id\":\"https:\\\/\\\/derkabeldoc.de\\\/en\\\/#organization\",\"name\":\"DerKabeldoc.de\",\"url\":\"https:\\\/\\\/derkabeldoc.de\\\/en\\\/\",\"logo\":{\"@type\":\"ImageObject\",\"inLanguage\":\"en-US\",\"@id\":\"https:\\\/\\\/derkabeldoc.de\\\/en\\\/#\\\/schema\\\/logo\\\/image\\\/\",\"url\":\"https:\\\/\\\/derkabeldoc.de\\\/wp-content\\\/uploads\\\/2023\\\/01\\\/cropped-Screenshot-2023-01-30-222446-e1675196845195.jpg\",\"contentUrl\":\"https:\\\/\\\/derkabeldoc.de\\\/wp-content\\\/uploads\\\/2023\\\/01\\\/cropped-Screenshot-2023-01-30-222446-e1675196845195.jpg\",\"width\":512,\"height\":512,\"caption\":\"DerKabeldoc.de\"},\"image\":{\"@id\":\"https:\\\/\\\/derkabeldoc.de\\\/en\\\/#\\\/schema\\\/logo\\\/image\\\/\"}}]}<\/script>\n<!-- \/ Yoast SEO plugin. -->","yoast_head_json":{"title":"Motorkabelbaum Restauration Mercedes Sprinter W901 W902 W903 W904 - DerKabeldoc.de","description":"Professionelle Motorkabelbaum Restauration f\u00fcr Mercedes Sprinter W901 bis W904. Fachgerechte Restauration defekter Motorleitungss\u00e4tze f\u00fcr A9015403809 und A9015405109.","robots":{"index":"index","follow":"follow","max-snippet":"max-snippet:-1","max-image-preview":"max-image-preview:large","max-video-preview":"max-video-preview:-1"},"canonical":"https:\/\/derkabeldoc.de\/en\/produkt\/motorkabelbaum-restauration-mercedes-sprinter-w901-w902-w903-w904-m111\/","og_locale":"en_US","og_type":"article","og_title":"Motorkabelbaum Restauration Mercedes Sprinter W901 W902 W903 W904 - DerKabeldoc.de","og_description":"Professionelle Motorkabelbaum Restauration f\u00fcr Mercedes Sprinter W901 bis W904. Fachgerechte Restauration defekter Motorleitungss\u00e4tze f\u00fcr A9015403809 und A9015405109.","og_url":"https:\/\/derkabeldoc.de\/en\/produkt\/motorkabelbaum-restauration-mercedes-sprinter-w901-w902-w903-w904-m111\/","og_site_name":"DerKabeldoc.de","article_modified_time":"2026-03-11T20:07:23+00:00","og_image":[{"width":2137,"height":1588,"url":"https:\/\/derkabeldoc.de\/wp-content\/uploads\/2026\/03\/A9015403809.png","type":"image\/png"}],"twitter_card":"summary_large_image","twitter_misc":{"Est. reading time":"2 minutes"},"schema":{"@context":"https:\/\/schema.org","@graph":[{"@type":"WebPage","@id":"https:\/\/derkabeldoc.de\/en\/produkt\/motorkabelbaum-restauration-mercedes-sprinter-w901-w902-w903-w904-m111\/","url":"https:\/\/derkabeldoc.de\/en\/produkt\/motorkabelbaum-restauration-mercedes-sprinter-w901-w902-w903-w904-m111\/","name":"Motorkabelbaum Restauration Mercedes Sprinter W901 W902 W903 W904 - DerKabeldoc.de","isPartOf":{"@id":"https:\/\/derkabeldoc.de\/en\/#website"},"primaryImageOfPage":{"@id":"https:\/\/derkabeldoc.de\/en\/produkt\/motorkabelbaum-restauration-mercedes-sprinter-w901-w902-w903-w904-m111\/#primaryimage"},"image":{"@id":"https:\/\/derkabeldoc.de\/en\/produkt\/motorkabelbaum-restauration-mercedes-sprinter-w901-w902-w903-w904-m111\/#primaryimage"},"thumbnailUrl":"https:\/\/derkabeldoc.de\/wp-content\/uploads\/2026\/03\/A9015403809.png","datePublished":"2026-03-11T19:41:34+00:00","dateModified":"2026-03-11T20:07:23+00:00","description":"Professionelle Motorkabelbaum Restauration f\u00fcr Mercedes Sprinter W901 bis W904. Fachgerechte Restauration defekter Motorleitungss\u00e4tze f\u00fcr A9015403809 und A9015405109.","breadcrumb":{"@id":"https:\/\/derkabeldoc.de\/en\/produkt\/motorkabelbaum-restauration-mercedes-sprinter-w901-w902-w903-w904-m111\/#breadcrumb"},"inLanguage":"en-US","potentialAction":[{"@type":"ReadAction","target":["https:\/\/derkabeldoc.de\/en\/produkt\/motorkabelbaum-restauration-mercedes-sprinter-w901-w902-w903-w904-m111\/"]}]},{"@type":"ImageObject","inLanguage":"en-US","@id":"https:\/\/derkabeldoc.de\/en\/produkt\/motorkabelbaum-restauration-mercedes-sprinter-w901-w902-w903-w904-m111\/#primaryimage","url":"https:\/\/derkabeldoc.de\/wp-content\/uploads\/2026\/03\/A9015403809.png","contentUrl":"https:\/\/derkabeldoc.de\/wp-content\/uploads\/2026\/03\/A9015403809.png","width":2137,"height":1588},{"@type":"BreadcrumbList","@id":"https:\/\/derkabeldoc.de\/en\/produkt\/motorkabelbaum-restauration-mercedes-sprinter-w901-w902-w903-w904-m111\/#breadcrumb","itemListElement":[{"@type":"ListItem","position":1,"name":"Startseite","item":"https:\/\/derkabeldoc.de\/en\/shop\/"},{"@type":"ListItem","position":2,"name":"Home","item":"https:\/\/derkabeldoc.de\/"},{"@type":"ListItem","position":3,"name":"Motorkabelbaum Restauration Mercedes Sprinter W901 W902 W903 W904"}]},{"@type":"WebSite","@id":"https:\/\/derkabeldoc.de\/en\/#website","url":"https:\/\/derkabeldoc.de\/en\/","name":"DerKabeldoc.de","description":"Vertrauen Sie auf Qualit\u00e4t und Innovation \u2013 w\u00e4hlen Sie unseren Kabelbaum. Erleben Sie Spitzenqualit\u00e4t und Zuverl\u00e4ssigkeit.","publisher":{"@id":"https:\/\/derkabeldoc.de\/en\/#organization"},"potentialAction":[{"@type":"SearchAction","target":{"@type":"EntryPoint","urlTemplate":"https:\/\/derkabeldoc.de\/en\/?s={search_term_string}"},"query-input":{"@type":"PropertyValueSpecification","valueRequired":true,"valueName":"search_term_string"}}],"inLanguage":"en-US"},{"@type":"Organization","@id":"https:\/\/derkabeldoc.de\/en\/#organization","name":"DerKabeldoc.de","url":"https:\/\/derkabeldoc.de\/en\/","logo":{"@type":"ImageObject","inLanguage":"en-US","@id":"https:\/\/derkabeldoc.de\/en\/#\/schema\/logo\/image\/","url":"https:\/\/derkabeldoc.de\/wp-content\/uploads\/2023\/01\/cropped-Screenshot-2023-01-30-222446-e1675196845195.jpg","contentUrl":"https:\/\/derkabeldoc.de\/wp-content\/uploads\/2023\/01\/cropped-Screenshot-2023-01-30-222446-e1675196845195.jpg","width":512,"height":512,"caption":"DerKabeldoc.de"},"image":{"@id":"https:\/\/derkabeldoc.de\/en\/#\/schema\/logo\/image\/"}}]}},"uagb_featured_image_src":{"full":["https:\/\/derkabeldoc.de\/wp-content\/uploads\/2026\/03\/A9015403809.png",2137,1588,false],"thumbnail":["https:\/\/derkabeldoc.de\/wp-content\/uploads\/2026\/03\/A9015403809-150x150.png",150,150,true],"medium":["https:\/\/derkabeldoc.de\/wp-content\/uploads\/2026\/03\/A9015403809-300x223.png",300,223,true],"medium_large":["https:\/\/derkabeldoc.de\/wp-content\/uploads\/2026\/03\/A9015403809-768x571.png",768,571,true],"large":["https:\/\/derkabeldoc.de\/wp-content\/uploads\/2026\/03\/A9015403809-1024x761.png",1024,761,true],"1536x1536":["https:\/\/derkabeldoc.de\/wp-content\/uploads\/2026\/03\/A9015403809-1536x1141.png",1536,1141,true],"2048x2048":["https:\/\/derkabeldoc.de\/wp-content\/uploads\/2026\/03\/A9015403809-2048x1522.png",2048,1522,true],"et-pb-post-main-image":["https:\/\/derkabeldoc.de\/wp-content\/uploads\/2026\/03\/A9015403809-400x250.png",400,250,true],"et-pb-post-main-image-fullwidth":["https:\/\/derkabeldoc.de\/wp-content\/uploads\/2026\/03\/A9015403809-1080x675.png",1080,675,true],"et-pb-portfolio-image":["https:\/\/derkabeldoc.de\/wp-content\/uploads\/2026\/03\/A9015403809-400x284.png",400,284,true],"et-pb-portfolio-module-image":["https:\/\/derkabeldoc.de\/wp-content\/uploads\/2026\/03\/A9015403809-510x382.png",510,382,true],"et-pb-portfolio-image-single":["https:\/\/derkabeldoc.de\/wp-content\/uploads\/2026\/03\/A9015403809-1080x803.png",1080,803,true],"et-pb-gallery-module-image-portrait":["https:\/\/derkabeldoc.de\/wp-content\/uploads\/2026\/03\/A9015403809-400x516.png",400,516,true],"et-pb-post-main-image-fullwidth-large":["https:\/\/derkabeldoc.de\/wp-content\/uploads\/2026\/03\/A9015403809.png",2137,1588,false],"et-pb-image--responsive--desktop":["https:\/\/derkabeldoc.de\/wp-content\/uploads\/2026\/03\/A9015403809-1280x951.png",969,720,true],"et-pb-image--responsive--tablet":["https:\/\/derkabeldoc.de\/wp-content\/uploads\/2026\/03\/A9015403809-980x728.png",742,551,true],"et-pb-image--responsive--phone":["https:\/\/derkabeldoc.de\/wp-content\/uploads\/2026\/03\/A9015403809-480x357.png",363,270,true],"cfw_cart_thumb":["https:\/\/derkabeldoc.de\/wp-content\/uploads\/2026\/03\/A9015403809-60x45.png",60,45,true],"cfw_order_bump_thumb":["https:\/\/derkabeldoc.de\/wp-content\/uploads\/2026\/03\/A9015403809-320x238.png",320,238,true],"woocommerce_thumbnail":["https:\/\/derkabeldoc.de\/wp-content\/uploads\/2026\/03\/A9015403809-300x300.png",300,300,true],"woocommerce_single":["https:\/\/derkabeldoc.de\/wp-content\/uploads\/2026\/03\/A9015403809-600x446.png",600,446,true],"woocommerce_gallery_thumbnail":["https:\/\/derkabeldoc.de\/wp-content\/uploads\/2026\/03\/A9015403809-100x100.png",100,100,true]},"uagb_author_info":{"display_name":"admin","author_link":"https:\/\/derkabeldoc.de\/en\/author\/"},"uagb_comment_info":0,"uagb_excerpt":"Fachm\u00e4nnische Restauration Ihres Motorkabelbaums.","_links":{"self":[{"href":"https:\/\/derkabeldoc.de\/en\/wp-json\/wp\/v2\/product\/2165","targetHints":{"allow":["GET"]}}],"collection":[{"href":"https:\/\/derkabeldoc.de\/en\/wp-json\/wp\/v2\/product"}],"about":[{"href":"https:\/\/derkabeldoc.de\/en\/wp-json\/wp\/v2\/types\/product"}],"wp:featuredmedia":[{"embeddable":true,"href":"https:\/\/derkabeldoc.de\/en\/wp-json\/wp\/v2\/media\/2166"}],"wp:attachment":[{"href":"https:\/\/derkabeldoc.de\/en\/wp-json\/wp\/v2\/media?parent=2165"}],"wp:term":[{"taxonomy":"product_brand","embeddable":true,"href":"https:\/\/derkabeldoc.de\/en\/wp-json\/wp\/v2\/product_brand?post=2165"},{"taxonomy":"product_cat","embeddable":true,"href":"https:\/\/derkabeldoc.de\/en\/wp-json\/wp\/v2\/product_cat?post=2165"},{"taxonomy":"product_tag","embeddable":true,"href":"https:\/\/derkabeldoc.de\/en\/wp-json\/wp\/v2\/product_tag?post=2165"}],"curies":[{"name":"wp","href":"https:\/\/api.w.org\/{rel}","templated":true}]}}