
{"id":2066,"date":"2026-02-18T14:35:50","date_gmt":"2026-02-18T14:35:50","guid":{"rendered":"https:\/\/derkabeldoc.de\/produkt\/a2105402181-3-pin-connector-oem-quality-for-mercedes\/"},"modified":"2026-03-17T11:51:29","modified_gmt":"2026-03-17T11:51:29","slug":"a2105402181-3-pin-connector-oem-quality-for-mercedes","status":"publish","type":"product","link":"https:\/\/derkabeldoc.de\/en\/produkt\/a2105402181-3-pin-connector-oem-quality-for-mercedes\/","title":{"rendered":"A2105402181 3-Pin Connector OEM Quality for Mercedes"},"content":{"rendered":"<p data-start=\"243\" data-end=\"385\">The A2105402181 connector is a 3-pin OEM plug for professional repairs in vehicle wiring harnesses and sensor connections.<\/p>\n<p data-start=\"387\" data-end=\"403\"><strong>Technical Data<\/strong><\/p>\n<p data-start=\"405\" data-end=\"628\">Manufacturer: TE Connectivity (formerly AMP)<br data-start=\"446\" data-end=\"449\">Reference part number: A2105402181<br data-start=\"482\" data-end=\"485\">Number of pins: 3-pin<br data-start=\"501\" data-end=\"504\">Version: Connector housing with crimp contacts<br data-start=\"556\" data-end=\"559\">Color: Black<br data-start=\"573\" data-end=\"576\">Condition: New<br data-start=\"588\" data-end=\"591\">Quality: OEM quality<\/p>\n<p data-start=\"630\" data-end=\"642\"><strong>Package Contents<\/strong><\/p>\n<p data-start=\"644\" data-end=\"733\">3-Pin Connector Housing<\/p>\n<p data-start=\"838\" data-end=\"853\"><strong>Applications<\/strong><\/p>\n<p data-start=\"855\" data-end=\"958\">Sensor connectors<br data-start=\"871\" data-end=\"874\">Parktronic \/ distance sensors<br data-start=\"903\" data-end=\"906\">Wiring harness repair<br data-start=\"925\" data-end=\"928\">General vehicle electrics<\/p>\n<p data-start=\"960\" data-end=\"973\"><strong>Your Advantages<\/strong><\/p>\n<p data-start=\"975\" data-end=\"1228\">OEM quality from the actual series manufacturer<br data-start=\"1022\" data-end=\"1025\">Identical material and manufacturing quality as the original part<br data-start=\"1089\" data-end=\"1092\">Precise fit to manufacturer specifications<br data-start=\"1137\" data-end=\"1140\">High vibration and temperature resistance<br data-start=\"1184\" data-end=\"1187\">Ideal for professional repairs<\/p>\n<p data-start=\"1230\" data-end=\"1410\" data-is-last-node=\"\" data-is-only-node=\"\">The A2105402181 connector is perfect for workshops, vehicle detailers, and parts dealers who rely on original equipment quality \u2013 without paying extra for branded packaging.<\/p>\n","protected":false},"excerpt":{"rendered":"<p>The A2105402181 connector is a 3-pin OEM plug for professional repairs in vehicle wiring harnesses and sensor connections. Technical Data Manufacturer: TE Connectivity (formerly AMP)Reference part number: A2105402181Number of pins: 3-pinVersion: Connector housing with crimp contactsColor: BlackCondition: NewQuality: OEM quality Package Contents 3-Pin Connector Housing Applications Sensor connectorsParktronic \/ distance sensorsWiring harness repairGeneral vehicle electrics [&hellip;]<\/p>\n","protected":false},"featured_media":2067,"template":"","meta":{"_et_pb_use_builder":"","_et_pb_old_content":"","_et_gb_content_width":"","_uag_custom_page_level_css":""},"product_brand":[],"product_cat":[710,887],"product_tag":[1491,890,1492,1490,1493],"class_list":{"0":"post-2066","1":"product","2":"type-product","3":"status-publish","4":"has-post-thumbnail","6":"product_cat-accessories","7":"product_cat-connector","8":"product_tag-3-pin-plug","9":"product_tag-3-pin-connector","10":"product_tag-3-pin-vehicle-connector","11":"product_tag-a2105402181","12":"product_tag-oem-connector","13":"product_shipping_class-small","15":"first","16":"instock","17":"taxable","18":"shipping-taxable","19":"purchasable","20":"product-type-simple"},"yoast_head":"<!-- This site is optimized with the Yoast SEO plugin v27.4 - https:\/\/yoast.com\/product\/yoast-seo-wordpress\/ -->\n<title>A2105402181 3-Pin Connector OEM Quality for Mercedes<\/title>\n<meta name=\"description\" content=\"3-pin connector compatible with A2105402181 in OEM quality by TE Connectivity (AMP). Ideal for professional Mercedes cable repair.\" \/>\n<meta name=\"robots\" content=\"index, follow, max-snippet:-1, max-image-preview:large, max-video-preview:-1\" \/>\n<link rel=\"canonical\" href=\"https:\/\/derkabeldoc.de\/en\/produkt\/a2105402181-3-pin-connector-oem-quality-for-mercedes\/\" \/>\n<meta property=\"og:locale\" content=\"en_US\" \/>\n<meta property=\"og:type\" content=\"article\" \/>\n<meta property=\"og:title\" content=\"A2105402181 3-Pin Connector OEM Quality for Mercedes\" \/>\n<meta property=\"og:description\" content=\"3-pin connector compatible with A2105402181 in OEM quality by TE Connectivity (AMP). Ideal for professional Mercedes cable repair.\" \/>\n<meta property=\"og:url\" content=\"https:\/\/derkabeldoc.de\/en\/produkt\/a2105402181-3-pin-connector-oem-quality-for-mercedes\/\" \/>\n<meta property=\"og:site_name\" content=\"DerKabeldoc.de\" \/>\n<meta property=\"article:modified_time\" content=\"2026-03-17T11:51:29+00:00\" \/>\n<meta property=\"og:image\" content=\"https:\/\/derkabeldoc.de\/wp-content\/uploads\/2026\/02\/A2105402181-1.png\" \/>\n\t<meta property=\"og:image:width\" content=\"2323\" \/>\n\t<meta property=\"og:image:height\" content=\"1747\" \/>\n\t<meta property=\"og:image:type\" content=\"image\/png\" \/>\n<meta name=\"twitter:card\" content=\"summary_large_image\" \/>\n<meta name=\"twitter:label1\" content=\"Est. reading time\" \/>\n\t<meta name=\"twitter:data1\" content=\"1 minute\" \/>\n<script type=\"application\/ld+json\" class=\"yoast-schema-graph\">{\"@context\":\"https:\\\/\\\/schema.org\",\"@graph\":[{\"@type\":\"WebPage\",\"@id\":\"https:\\\/\\\/derkabeldoc.de\\\/en\\\/produkt\\\/a2105402181-3-pin-connector-oem-quality-for-mercedes\\\/\",\"url\":\"https:\\\/\\\/derkabeldoc.de\\\/en\\\/produkt\\\/a2105402181-3-pin-connector-oem-quality-for-mercedes\\\/\",\"name\":\"A2105402181 3-Pin Connector OEM Quality for Mercedes\",\"isPartOf\":{\"@id\":\"https:\\\/\\\/derkabeldoc.de\\\/en\\\/#website\"},\"primaryImageOfPage\":{\"@id\":\"https:\\\/\\\/derkabeldoc.de\\\/en\\\/produkt\\\/a2105402181-3-pin-connector-oem-quality-for-mercedes\\\/#primaryimage\"},\"image\":{\"@id\":\"https:\\\/\\\/derkabeldoc.de\\\/en\\\/produkt\\\/a2105402181-3-pin-connector-oem-quality-for-mercedes\\\/#primaryimage\"},\"thumbnailUrl\":\"https:\\\/\\\/derkabeldoc.de\\\/wp-content\\\/uploads\\\/2026\\\/02\\\/A2105402181-1.png\",\"datePublished\":\"2026-02-18T14:35:50+00:00\",\"dateModified\":\"2026-03-17T11:51:29+00:00\",\"description\":\"3-pin connector compatible with A2105402181 in OEM quality by TE Connectivity (AMP). Ideal for professional Mercedes cable repair.\",\"breadcrumb\":{\"@id\":\"https:\\\/\\\/derkabeldoc.de\\\/en\\\/produkt\\\/a2105402181-3-pin-connector-oem-quality-for-mercedes\\\/#breadcrumb\"},\"inLanguage\":\"en-US\",\"potentialAction\":[{\"@type\":\"ReadAction\",\"target\":[\"https:\\\/\\\/derkabeldoc.de\\\/en\\\/produkt\\\/a2105402181-3-pin-connector-oem-quality-for-mercedes\\\/\"]}]},{\"@type\":\"ImageObject\",\"inLanguage\":\"en-US\",\"@id\":\"https:\\\/\\\/derkabeldoc.de\\\/en\\\/produkt\\\/a2105402181-3-pin-connector-oem-quality-for-mercedes\\\/#primaryimage\",\"url\":\"https:\\\/\\\/derkabeldoc.de\\\/wp-content\\\/uploads\\\/2026\\\/02\\\/A2105402181-1.png\",\"contentUrl\":\"https:\\\/\\\/derkabeldoc.de\\\/wp-content\\\/uploads\\\/2026\\\/02\\\/A2105402181-1.png\",\"width\":2323,\"height\":1747},{\"@type\":\"BreadcrumbList\",\"@id\":\"https:\\\/\\\/derkabeldoc.de\\\/en\\\/produkt\\\/a2105402181-3-pin-connector-oem-quality-for-mercedes\\\/#breadcrumb\",\"itemListElement\":[{\"@type\":\"ListItem\",\"position\":1,\"name\":\"Startseite\",\"item\":\"https:\\\/\\\/derkabeldoc.de\\\/en\\\/shop\\\/\"},{\"@type\":\"ListItem\",\"position\":2,\"name\":\"Home\",\"item\":\"https:\\\/\\\/derkabeldoc.de\\\/\"},{\"@type\":\"ListItem\",\"position\":3,\"name\":\"A2105402181 3-Pin Connector OEM Quality for Mercedes\"}]},{\"@type\":\"WebSite\",\"@id\":\"https:\\\/\\\/derkabeldoc.de\\\/en\\\/#website\",\"url\":\"https:\\\/\\\/derkabeldoc.de\\\/en\\\/\",\"name\":\"DerKabeldoc.de\",\"description\":\"Vertrauen Sie auf Qualit\u00e4t und Innovation \u2013 w\u00e4hlen Sie unseren Kabelbaum. Erleben Sie Spitzenqualit\u00e4t und Zuverl\u00e4ssigkeit.\",\"publisher\":{\"@id\":\"https:\\\/\\\/derkabeldoc.de\\\/en\\\/#organization\"},\"potentialAction\":[{\"@type\":\"SearchAction\",\"target\":{\"@type\":\"EntryPoint\",\"urlTemplate\":\"https:\\\/\\\/derkabeldoc.de\\\/en\\\/?s={search_term_string}\"},\"query-input\":{\"@type\":\"PropertyValueSpecification\",\"valueRequired\":true,\"valueName\":\"search_term_string\"}}],\"inLanguage\":\"en-US\"},{\"@type\":\"Organization\",\"@id\":\"https:\\\/\\\/derkabeldoc.de\\\/en\\\/#organization\",\"name\":\"DerKabeldoc.de\",\"url\":\"https:\\\/\\\/derkabeldoc.de\\\/en\\\/\",\"logo\":{\"@type\":\"ImageObject\",\"inLanguage\":\"en-US\",\"@id\":\"https:\\\/\\\/derkabeldoc.de\\\/en\\\/#\\\/schema\\\/logo\\\/image\\\/\",\"url\":\"https:\\\/\\\/derkabeldoc.de\\\/wp-content\\\/uploads\\\/2023\\\/01\\\/cropped-Screenshot-2023-01-30-222446-e1675196845195.jpg\",\"contentUrl\":\"https:\\\/\\\/derkabeldoc.de\\\/wp-content\\\/uploads\\\/2023\\\/01\\\/cropped-Screenshot-2023-01-30-222446-e1675196845195.jpg\",\"width\":512,\"height\":512,\"caption\":\"DerKabeldoc.de\"},\"image\":{\"@id\":\"https:\\\/\\\/derkabeldoc.de\\\/en\\\/#\\\/schema\\\/logo\\\/image\\\/\"}}]}<\/script>\n<!-- \/ Yoast SEO plugin. -->","yoast_head_json":{"title":"A2105402181 3-Pin Connector OEM Quality for Mercedes","description":"3-pin connector compatible with A2105402181 in OEM quality by TE Connectivity (AMP). Ideal for professional Mercedes cable repair.","robots":{"index":"index","follow":"follow","max-snippet":"max-snippet:-1","max-image-preview":"max-image-preview:large","max-video-preview":"max-video-preview:-1"},"canonical":"https:\/\/derkabeldoc.de\/en\/produkt\/a2105402181-3-pin-connector-oem-quality-for-mercedes\/","og_locale":"en_US","og_type":"article","og_title":"A2105402181 3-Pin Connector OEM Quality for Mercedes","og_description":"3-pin connector compatible with A2105402181 in OEM quality by TE Connectivity (AMP). Ideal for professional Mercedes cable repair.","og_url":"https:\/\/derkabeldoc.de\/en\/produkt\/a2105402181-3-pin-connector-oem-quality-for-mercedes\/","og_site_name":"DerKabeldoc.de","article_modified_time":"2026-03-17T11:51:29+00:00","og_image":[{"width":2323,"height":1747,"url":"https:\/\/derkabeldoc.de\/wp-content\/uploads\/2026\/02\/A2105402181-1.png","type":"image\/png"}],"twitter_card":"summary_large_image","twitter_misc":{"Est. reading time":"1 minute"},"schema":{"@context":"https:\/\/schema.org","@graph":[{"@type":"WebPage","@id":"https:\/\/derkabeldoc.de\/en\/produkt\/a2105402181-3-pin-connector-oem-quality-for-mercedes\/","url":"https:\/\/derkabeldoc.de\/en\/produkt\/a2105402181-3-pin-connector-oem-quality-for-mercedes\/","name":"A2105402181 3-Pin Connector OEM Quality for Mercedes","isPartOf":{"@id":"https:\/\/derkabeldoc.de\/en\/#website"},"primaryImageOfPage":{"@id":"https:\/\/derkabeldoc.de\/en\/produkt\/a2105402181-3-pin-connector-oem-quality-for-mercedes\/#primaryimage"},"image":{"@id":"https:\/\/derkabeldoc.de\/en\/produkt\/a2105402181-3-pin-connector-oem-quality-for-mercedes\/#primaryimage"},"thumbnailUrl":"https:\/\/derkabeldoc.de\/wp-content\/uploads\/2026\/02\/A2105402181-1.png","datePublished":"2026-02-18T14:35:50+00:00","dateModified":"2026-03-17T11:51:29+00:00","description":"3-pin connector compatible with A2105402181 in OEM quality by TE Connectivity (AMP). Ideal for professional Mercedes cable repair.","breadcrumb":{"@id":"https:\/\/derkabeldoc.de\/en\/produkt\/a2105402181-3-pin-connector-oem-quality-for-mercedes\/#breadcrumb"},"inLanguage":"en-US","potentialAction":[{"@type":"ReadAction","target":["https:\/\/derkabeldoc.de\/en\/produkt\/a2105402181-3-pin-connector-oem-quality-for-mercedes\/"]}]},{"@type":"ImageObject","inLanguage":"en-US","@id":"https:\/\/derkabeldoc.de\/en\/produkt\/a2105402181-3-pin-connector-oem-quality-for-mercedes\/#primaryimage","url":"https:\/\/derkabeldoc.de\/wp-content\/uploads\/2026\/02\/A2105402181-1.png","contentUrl":"https:\/\/derkabeldoc.de\/wp-content\/uploads\/2026\/02\/A2105402181-1.png","width":2323,"height":1747},{"@type":"BreadcrumbList","@id":"https:\/\/derkabeldoc.de\/en\/produkt\/a2105402181-3-pin-connector-oem-quality-for-mercedes\/#breadcrumb","itemListElement":[{"@type":"ListItem","position":1,"name":"Startseite","item":"https:\/\/derkabeldoc.de\/en\/shop\/"},{"@type":"ListItem","position":2,"name":"Home","item":"https:\/\/derkabeldoc.de\/"},{"@type":"ListItem","position":3,"name":"A2105402181 3-Pin Connector OEM Quality for Mercedes"}]},{"@type":"WebSite","@id":"https:\/\/derkabeldoc.de\/en\/#website","url":"https:\/\/derkabeldoc.de\/en\/","name":"DerKabeldoc.de","description":"Vertrauen Sie auf Qualit\u00e4t und Innovation \u2013 w\u00e4hlen Sie unseren Kabelbaum. Erleben Sie Spitzenqualit\u00e4t und Zuverl\u00e4ssigkeit.","publisher":{"@id":"https:\/\/derkabeldoc.de\/en\/#organization"},"potentialAction":[{"@type":"SearchAction","target":{"@type":"EntryPoint","urlTemplate":"https:\/\/derkabeldoc.de\/en\/?s={search_term_string}"},"query-input":{"@type":"PropertyValueSpecification","valueRequired":true,"valueName":"search_term_string"}}],"inLanguage":"en-US"},{"@type":"Organization","@id":"https:\/\/derkabeldoc.de\/en\/#organization","name":"DerKabeldoc.de","url":"https:\/\/derkabeldoc.de\/en\/","logo":{"@type":"ImageObject","inLanguage":"en-US","@id":"https:\/\/derkabeldoc.de\/en\/#\/schema\/logo\/image\/","url":"https:\/\/derkabeldoc.de\/wp-content\/uploads\/2023\/01\/cropped-Screenshot-2023-01-30-222446-e1675196845195.jpg","contentUrl":"https:\/\/derkabeldoc.de\/wp-content\/uploads\/2023\/01\/cropped-Screenshot-2023-01-30-222446-e1675196845195.jpg","width":512,"height":512,"caption":"DerKabeldoc.de"},"image":{"@id":"https:\/\/derkabeldoc.de\/en\/#\/schema\/logo\/image\/"}}]}},"uagb_featured_image_src":{"full":["https:\/\/derkabeldoc.de\/wp-content\/uploads\/2026\/02\/A2105402181-1.png",2323,1747,false],"thumbnail":["https:\/\/derkabeldoc.de\/wp-content\/uploads\/2026\/02\/A2105402181-1-150x150.png",150,150,true],"medium":["https:\/\/derkabeldoc.de\/wp-content\/uploads\/2026\/02\/A2105402181-1-300x226.png",300,226,true],"medium_large":["https:\/\/derkabeldoc.de\/wp-content\/uploads\/2026\/02\/A2105402181-1-768x578.png",768,578,true],"large":["https:\/\/derkabeldoc.de\/wp-content\/uploads\/2026\/02\/A2105402181-1-1024x770.png",1024,770,true],"1536x1536":["https:\/\/derkabeldoc.de\/wp-content\/uploads\/2026\/02\/A2105402181-1-1536x1155.png",1536,1155,true],"2048x2048":["https:\/\/derkabeldoc.de\/wp-content\/uploads\/2026\/02\/A2105402181-1-2048x1540.png",2048,1540,true],"et-pb-post-main-image":["https:\/\/derkabeldoc.de\/wp-content\/uploads\/2026\/02\/A2105402181-1-400x250.png",400,250,true],"et-pb-post-main-image-fullwidth":["https:\/\/derkabeldoc.de\/wp-content\/uploads\/2026\/02\/A2105402181-1-1080x675.png",1080,675,true],"et-pb-portfolio-image":["https:\/\/derkabeldoc.de\/wp-content\/uploads\/2026\/02\/A2105402181-1-400x284.png",400,284,true],"et-pb-portfolio-module-image":["https:\/\/derkabeldoc.de\/wp-content\/uploads\/2026\/02\/A2105402181-1-510x382.png",510,382,true],"et-pb-portfolio-image-single":["https:\/\/derkabeldoc.de\/wp-content\/uploads\/2026\/02\/A2105402181-1-1080x812.png",1080,812,true],"et-pb-gallery-module-image-portrait":["https:\/\/derkabeldoc.de\/wp-content\/uploads\/2026\/02\/A2105402181-1-400x516.png",400,516,true],"et-pb-post-main-image-fullwidth-large":["https:\/\/derkabeldoc.de\/wp-content\/uploads\/2026\/02\/A2105402181-1.png",2323,1747,false],"et-pb-image--responsive--desktop":["https:\/\/derkabeldoc.de\/wp-content\/uploads\/2026\/02\/A2105402181-1-1280x963.png",957,720,true],"et-pb-image--responsive--tablet":["https:\/\/derkabeldoc.de\/wp-content\/uploads\/2026\/02\/A2105402181-1-980x737.png",733,551,true],"et-pb-image--responsive--phone":["https:\/\/derkabeldoc.de\/wp-content\/uploads\/2026\/02\/A2105402181-1-480x361.png",359,270,true],"cfw_cart_thumb":["https:\/\/derkabeldoc.de\/wp-content\/uploads\/2026\/02\/A2105402181-1-60x45.png",60,45,true],"cfw_order_bump_thumb":["https:\/\/derkabeldoc.de\/wp-content\/uploads\/2026\/02\/A2105402181-1-320x241.png",320,241,true],"woocommerce_thumbnail":["https:\/\/derkabeldoc.de\/wp-content\/uploads\/2026\/02\/A2105402181-1-300x300.png",300,300,true],"woocommerce_single":["https:\/\/derkabeldoc.de\/wp-content\/uploads\/2026\/02\/A2105402181-1-600x451.png",600,451,true],"woocommerce_gallery_thumbnail":["https:\/\/derkabeldoc.de\/wp-content\/uploads\/2026\/02\/A2105402181-1-100x100.png",100,100,true]},"uagb_author_info":{"display_name":"admin","author_link":"https:\/\/derkabeldoc.de\/en\/author\/"},"uagb_comment_info":0,"uagb_excerpt":"The A2105402181 connector is a 3-pin OEM plug for professional repairs in vehicle wiring harnesses and sensor connections. Technical Data Manufacturer: TE Connectivity (formerly AMP)Reference part number: A2105402181Number of pins: 3-pinVersion: Connector housing with crimp contactsColor: BlackCondition: NewQuality: OEM quality Package Contents 3-Pin Connector Housing Applications Sensor connectorsParktronic \/ distance sensorsWiring harness repairGeneral vehicle electrics&hellip;","_links":{"self":[{"href":"https:\/\/derkabeldoc.de\/en\/wp-json\/wp\/v2\/product\/2066","targetHints":{"allow":["GET"]}}],"collection":[{"href":"https:\/\/derkabeldoc.de\/en\/wp-json\/wp\/v2\/product"}],"about":[{"href":"https:\/\/derkabeldoc.de\/en\/wp-json\/wp\/v2\/types\/product"}],"wp:featuredmedia":[{"embeddable":true,"href":"https:\/\/derkabeldoc.de\/en\/wp-json\/wp\/v2\/media\/2067"}],"wp:attachment":[{"href":"https:\/\/derkabeldoc.de\/en\/wp-json\/wp\/v2\/media?parent=2066"}],"wp:term":[{"taxonomy":"product_brand","embeddable":true,"href":"https:\/\/derkabeldoc.de\/en\/wp-json\/wp\/v2\/product_brand?post=2066"},{"taxonomy":"product_cat","embeddable":true,"href":"https:\/\/derkabeldoc.de\/en\/wp-json\/wp\/v2\/product_cat?post=2066"},{"taxonomy":"product_tag","embeddable":true,"href":"https:\/\/derkabeldoc.de\/en\/wp-json\/wp\/v2\/product_tag?post=2066"}],"curies":[{"name":"wp","href":"https:\/\/api.w.org\/{rel}","templated":true}]}}