
{"id":1828,"date":"2025-11-27T10:02:24","date_gmt":"2025-11-27T10:02:24","guid":{"rendered":"https:\/\/derkabeldoc.de\/?post_type=product&#038;p=1828"},"modified":"2025-11-27T10:09:56","modified_gmt":"2025-11-27T10:09:56","slug":"mercedes-benz-throttle-valve-seal-m119-a1191411280-kopie","status":"publish","type":"product","link":"https:\/\/derkabeldoc.de\/en\/produkt\/mercedes-benz-throttle-valve-seal-m119-a1191411280-kopie\/","title":{"rendered":"Mercedes-Benz Throttle Body Gasket M104 M120 A1041410780"},"content":{"rendered":"<p data-start=\"187\" data-end=\"267\"><strong data-start=\"187\" data-end=\"215\">Part Number: A1041410780<\/strong><\/p>\n<p data-start=\"187\" data-end=\"267\"><strong>Fits engines: M104 and M120<\/strong><\/p>\n<p data-start=\"187\" data-end=\"267\">This genuine Mercedes gasket, part number <strong>A1041410780<\/strong>, ensures a reliable seal between the throttle body and the intake manifold. It prevents unmetered air and supports smooth, clean engine operation. <\/p>\n<h3 data-start=\"491\" data-end=\"513\"><strong data-start=\"495\" data-end=\"513\">Product details<\/strong><\/h3>\n<ul data-start=\"514\" data-end=\"764\">\n<li data-start=\"514\" data-end=\"555\">\n<p data-start=\"516\" data-end=\"555\"><strong data-start=\"516\" data-end=\"553\">Original Mercedes-Benz Spare Part<\/strong><\/p>\n<\/li>\n<li data-start=\"556\" data-end=\"588\">\n<p data-start=\"558\" data-end=\"588\"><strong data-start=\"558\" data-end=\"574\">Part Number:<\/strong> A1041410780<\/p>\n<\/li>\n<li data-start=\"589\" data-end=\"656\">\n<p data-start=\"591\" data-end=\"656\"><strong data-start=\"591\" data-end=\"621\">Fits many models:<\/strong><br data-start=\"621\" data-end=\"624\">W124, R129, W140, W202, W210<\/p>\n<\/li>\n<li data-start=\"657\" data-end=\"700\">\n<p data-start=\"659\" data-end=\"700\">High-quality, durable sealing material<\/p>\n<\/li>\n<li data-start=\"701\" data-end=\"764\">\n<p data-start=\"703\" data-end=\"764\">Ideal for replacing or cleaning the throttle valve<\/p>\n<\/li>\n<\/ul>\n<h3 data-start=\"766\" data-end=\"782\"><strong data-start=\"770\" data-end=\"782\">Advantages<\/strong><\/h3>\n<ul data-start=\"783\" data-end=\"907\">\n<li data-start=\"783\" data-end=\"832\">\n<p data-start=\"785\" data-end=\"832\">Prevents leaks &amp; idling problems<\/p>\n<\/li>\n<li data-start=\"833\" data-end=\"871\">\n<p data-start=\"835\" data-end=\"871\">Perfect fit thanks to OE quality<\/p>\n<\/li>\n<li data-start=\"872\" data-end=\"907\">\n<p data-start=\"874\" data-end=\"907\">Easy installation without adjustments<\/p>\n<\/li>\n<\/ul>\n<p>&nbsp;<\/p>\n","protected":false},"excerpt":{"rendered":"<p>Part Number: A1041410780 Fits engines: M104 and M120 This genuine Mercedes gasket, part number A1041410780, ensures a reliable seal between the throttle body and the intake manifold. It prevents unmetered air and supports smooth, clean engine operation. Product details Original Mercedes-Benz Spare Part Part Number: A1041410780 Fits many models:W124, R129, W140, W202, W210 High-quality, durable [&hellip;]<\/p>\n","protected":false},"featured_media":1831,"template":"","meta":{"_et_pb_use_builder":"","_et_pb_old_content":"","_et_gb_content_width":"","_uag_custom_page_level_css":""},"product_brand":[],"product_cat":[710,720,972,903,708,904,1002],"product_tag":[1458,1457,1451,1037,996,1450,1449,1452],"class_list":{"0":"post-1828","1":"product","2":"type-product","3":"status-publish","4":"has-post-thumbnail","6":"product_cat-accessories","7":"product_cat-m104","8":"product_cat-m120","9":"product_cat-r129","10":"product_cat-w124","11":"product_cat-w140","12":"product_cat-w210","13":"product_tag-1458","14":"product_tag-a1041410780","15":"product_tag-intake-manifold-seal-mercedes","16":"product_tag-mercedes","17":"product_tag-mercedes-benz","18":"product_tag-original-mercedes-spare-part","19":"product_tag-throttle-valve-seal-w124","20":"product_tag-w202-w210-throttle-valve-seal","21":"product_shipping_class-small","23":"first","24":"instock","25":"taxable","26":"shipping-taxable","27":"purchasable","28":"product-type-simple"},"yoast_head":"<!-- This site is optimized with the Yoast SEO plugin v27.4 - https:\/\/yoast.com\/product\/yoast-seo-wordpress\/ -->\n<title>Throttle Valve Seal A1041410780 \u2013 Genuine Mercedes<\/title>\n<meta name=\"description\" content=\"Genuine Mercedes Throttle Body Gasket A1041410780. Fits M104 and M120 engines. High-quality OE gasket for a perfect seal and reliable engine operation.\" \/>\n<meta name=\"robots\" content=\"index, follow, max-snippet:-1, max-image-preview:large, max-video-preview:-1\" \/>\n<link rel=\"canonical\" href=\"https:\/\/derkabeldoc.de\/en\/produkt\/mercedes-benz-throttle-valve-seal-m119-a1191411280-kopie\/\" \/>\n<meta property=\"og:locale\" content=\"en_US\" \/>\n<meta property=\"og:type\" content=\"article\" \/>\n<meta property=\"og:title\" content=\"Throttle Valve Seal A1041410780 \u2013 Genuine Mercedes\" \/>\n<meta property=\"og:description\" content=\"Genuine Mercedes Throttle Body Gasket A1041410780. Fits M104 and M120 engines. High-quality OE gasket for a perfect seal and reliable engine operation.\" \/>\n<meta property=\"og:url\" content=\"https:\/\/derkabeldoc.de\/en\/produkt\/mercedes-benz-throttle-valve-seal-m119-a1191411280-kopie\/\" \/>\n<meta property=\"og:site_name\" content=\"DerKabeldoc.de\" \/>\n<meta property=\"article:modified_time\" content=\"2025-11-27T10:09:56+00:00\" \/>\n<meta property=\"og:image\" content=\"https:\/\/derkabeldoc.de\/wp-content\/uploads\/2025\/11\/Dichtung-DK-M104-A1041410780.png\" \/>\n\t<meta property=\"og:image:width\" content=\"2120\" \/>\n\t<meta property=\"og:image:height\" content=\"1585\" \/>\n\t<meta property=\"og:image:type\" content=\"image\/png\" \/>\n<meta name=\"twitter:card\" content=\"summary_large_image\" \/>\n<script type=\"application\/ld+json\" class=\"yoast-schema-graph\">{\"@context\":\"https:\\\/\\\/schema.org\",\"@graph\":[{\"@type\":\"WebPage\",\"@id\":\"https:\\\/\\\/derkabeldoc.de\\\/en\\\/produkt\\\/mercedes-benz-throttle-valve-seal-m119-a1191411280-kopie\\\/\",\"url\":\"https:\\\/\\\/derkabeldoc.de\\\/en\\\/produkt\\\/mercedes-benz-throttle-valve-seal-m119-a1191411280-kopie\\\/\",\"name\":\"Throttle Valve Seal A1041410780 \u2013 Genuine Mercedes\",\"isPartOf\":{\"@id\":\"https:\\\/\\\/derkabeldoc.de\\\/en\\\/#website\"},\"primaryImageOfPage\":{\"@id\":\"https:\\\/\\\/derkabeldoc.de\\\/en\\\/produkt\\\/mercedes-benz-throttle-valve-seal-m119-a1191411280-kopie\\\/#primaryimage\"},\"image\":{\"@id\":\"https:\\\/\\\/derkabeldoc.de\\\/en\\\/produkt\\\/mercedes-benz-throttle-valve-seal-m119-a1191411280-kopie\\\/#primaryimage\"},\"thumbnailUrl\":\"https:\\\/\\\/derkabeldoc.de\\\/wp-content\\\/uploads\\\/2025\\\/11\\\/Dichtung-DK-M104-A1041410780.png\",\"datePublished\":\"2025-11-27T10:02:24+00:00\",\"dateModified\":\"2025-11-27T10:09:56+00:00\",\"description\":\"Genuine Mercedes Throttle Body Gasket A1041410780. Fits M104 and M120 engines. High-quality OE gasket for a perfect seal and reliable engine operation.\",\"breadcrumb\":{\"@id\":\"https:\\\/\\\/derkabeldoc.de\\\/en\\\/produkt\\\/mercedes-benz-throttle-valve-seal-m119-a1191411280-kopie\\\/#breadcrumb\"},\"inLanguage\":\"en-US\",\"potentialAction\":[{\"@type\":\"ReadAction\",\"target\":[\"https:\\\/\\\/derkabeldoc.de\\\/en\\\/produkt\\\/mercedes-benz-throttle-valve-seal-m119-a1191411280-kopie\\\/\"]}]},{\"@type\":\"ImageObject\",\"inLanguage\":\"en-US\",\"@id\":\"https:\\\/\\\/derkabeldoc.de\\\/en\\\/produkt\\\/mercedes-benz-throttle-valve-seal-m119-a1191411280-kopie\\\/#primaryimage\",\"url\":\"https:\\\/\\\/derkabeldoc.de\\\/wp-content\\\/uploads\\\/2025\\\/11\\\/Dichtung-DK-M104-A1041410780.png\",\"contentUrl\":\"https:\\\/\\\/derkabeldoc.de\\\/wp-content\\\/uploads\\\/2025\\\/11\\\/Dichtung-DK-M104-A1041410780.png\",\"width\":2120,\"height\":1585},{\"@type\":\"BreadcrumbList\",\"@id\":\"https:\\\/\\\/derkabeldoc.de\\\/en\\\/produkt\\\/mercedes-benz-throttle-valve-seal-m119-a1191411280-kopie\\\/#breadcrumb\",\"itemListElement\":[{\"@type\":\"ListItem\",\"position\":1,\"name\":\"Startseite\",\"item\":\"https:\\\/\\\/derkabeldoc.de\\\/en\\\/shop\\\/\"},{\"@type\":\"ListItem\",\"position\":2,\"name\":\"Home\",\"item\":\"https:\\\/\\\/derkabeldoc.de\\\/\"},{\"@type\":\"ListItem\",\"position\":3,\"name\":\"Mercedes-Benz Throttle Body Gasket M104 M120 A1041410780\"}]},{\"@type\":\"WebSite\",\"@id\":\"https:\\\/\\\/derkabeldoc.de\\\/en\\\/#website\",\"url\":\"https:\\\/\\\/derkabeldoc.de\\\/en\\\/\",\"name\":\"DerKabeldoc.de\",\"description\":\"Vertrauen Sie auf Qualit\u00e4t und Innovation \u2013 w\u00e4hlen Sie unseren Kabelbaum. Erleben Sie Spitzenqualit\u00e4t und Zuverl\u00e4ssigkeit.\",\"publisher\":{\"@id\":\"https:\\\/\\\/derkabeldoc.de\\\/en\\\/#organization\"},\"potentialAction\":[{\"@type\":\"SearchAction\",\"target\":{\"@type\":\"EntryPoint\",\"urlTemplate\":\"https:\\\/\\\/derkabeldoc.de\\\/en\\\/?s={search_term_string}\"},\"query-input\":{\"@type\":\"PropertyValueSpecification\",\"valueRequired\":true,\"valueName\":\"search_term_string\"}}],\"inLanguage\":\"en-US\"},{\"@type\":\"Organization\",\"@id\":\"https:\\\/\\\/derkabeldoc.de\\\/en\\\/#organization\",\"name\":\"DerKabeldoc.de\",\"url\":\"https:\\\/\\\/derkabeldoc.de\\\/en\\\/\",\"logo\":{\"@type\":\"ImageObject\",\"inLanguage\":\"en-US\",\"@id\":\"https:\\\/\\\/derkabeldoc.de\\\/en\\\/#\\\/schema\\\/logo\\\/image\\\/\",\"url\":\"https:\\\/\\\/derkabeldoc.de\\\/wp-content\\\/uploads\\\/2023\\\/01\\\/cropped-Screenshot-2023-01-30-222446-e1675196845195.jpg\",\"contentUrl\":\"https:\\\/\\\/derkabeldoc.de\\\/wp-content\\\/uploads\\\/2023\\\/01\\\/cropped-Screenshot-2023-01-30-222446-e1675196845195.jpg\",\"width\":512,\"height\":512,\"caption\":\"DerKabeldoc.de\"},\"image\":{\"@id\":\"https:\\\/\\\/derkabeldoc.de\\\/en\\\/#\\\/schema\\\/logo\\\/image\\\/\"}}]}<\/script>\n<!-- \/ Yoast SEO plugin. -->","yoast_head_json":{"title":"Throttle Valve Seal A1041410780 \u2013 Genuine Mercedes","description":"Genuine Mercedes Throttle Body Gasket A1041410780. Fits M104 and M120 engines. High-quality OE gasket for a perfect seal and reliable engine operation.","robots":{"index":"index","follow":"follow","max-snippet":"max-snippet:-1","max-image-preview":"max-image-preview:large","max-video-preview":"max-video-preview:-1"},"canonical":"https:\/\/derkabeldoc.de\/en\/produkt\/mercedes-benz-throttle-valve-seal-m119-a1191411280-kopie\/","og_locale":"en_US","og_type":"article","og_title":"Throttle Valve Seal A1041410780 \u2013 Genuine Mercedes","og_description":"Genuine Mercedes Throttle Body Gasket A1041410780. Fits M104 and M120 engines. High-quality OE gasket for a perfect seal and reliable engine operation.","og_url":"https:\/\/derkabeldoc.de\/en\/produkt\/mercedes-benz-throttle-valve-seal-m119-a1191411280-kopie\/","og_site_name":"DerKabeldoc.de","article_modified_time":"2025-11-27T10:09:56+00:00","og_image":[{"width":2120,"height":1585,"url":"https:\/\/derkabeldoc.de\/wp-content\/uploads\/2025\/11\/Dichtung-DK-M104-A1041410780.png","type":"image\/png"}],"twitter_card":"summary_large_image","schema":{"@context":"https:\/\/schema.org","@graph":[{"@type":"WebPage","@id":"https:\/\/derkabeldoc.de\/en\/produkt\/mercedes-benz-throttle-valve-seal-m119-a1191411280-kopie\/","url":"https:\/\/derkabeldoc.de\/en\/produkt\/mercedes-benz-throttle-valve-seal-m119-a1191411280-kopie\/","name":"Throttle Valve Seal A1041410780 \u2013 Genuine Mercedes","isPartOf":{"@id":"https:\/\/derkabeldoc.de\/en\/#website"},"primaryImageOfPage":{"@id":"https:\/\/derkabeldoc.de\/en\/produkt\/mercedes-benz-throttle-valve-seal-m119-a1191411280-kopie\/#primaryimage"},"image":{"@id":"https:\/\/derkabeldoc.de\/en\/produkt\/mercedes-benz-throttle-valve-seal-m119-a1191411280-kopie\/#primaryimage"},"thumbnailUrl":"https:\/\/derkabeldoc.de\/wp-content\/uploads\/2025\/11\/Dichtung-DK-M104-A1041410780.png","datePublished":"2025-11-27T10:02:24+00:00","dateModified":"2025-11-27T10:09:56+00:00","description":"Genuine Mercedes Throttle Body Gasket A1041410780. Fits M104 and M120 engines. High-quality OE gasket for a perfect seal and reliable engine operation.","breadcrumb":{"@id":"https:\/\/derkabeldoc.de\/en\/produkt\/mercedes-benz-throttle-valve-seal-m119-a1191411280-kopie\/#breadcrumb"},"inLanguage":"en-US","potentialAction":[{"@type":"ReadAction","target":["https:\/\/derkabeldoc.de\/en\/produkt\/mercedes-benz-throttle-valve-seal-m119-a1191411280-kopie\/"]}]},{"@type":"ImageObject","inLanguage":"en-US","@id":"https:\/\/derkabeldoc.de\/en\/produkt\/mercedes-benz-throttle-valve-seal-m119-a1191411280-kopie\/#primaryimage","url":"https:\/\/derkabeldoc.de\/wp-content\/uploads\/2025\/11\/Dichtung-DK-M104-A1041410780.png","contentUrl":"https:\/\/derkabeldoc.de\/wp-content\/uploads\/2025\/11\/Dichtung-DK-M104-A1041410780.png","width":2120,"height":1585},{"@type":"BreadcrumbList","@id":"https:\/\/derkabeldoc.de\/en\/produkt\/mercedes-benz-throttle-valve-seal-m119-a1191411280-kopie\/#breadcrumb","itemListElement":[{"@type":"ListItem","position":1,"name":"Startseite","item":"https:\/\/derkabeldoc.de\/en\/shop\/"},{"@type":"ListItem","position":2,"name":"Home","item":"https:\/\/derkabeldoc.de\/"},{"@type":"ListItem","position":3,"name":"Mercedes-Benz Throttle Body Gasket M104 M120 A1041410780"}]},{"@type":"WebSite","@id":"https:\/\/derkabeldoc.de\/en\/#website","url":"https:\/\/derkabeldoc.de\/en\/","name":"DerKabeldoc.de","description":"Vertrauen Sie auf Qualit\u00e4t und Innovation \u2013 w\u00e4hlen Sie unseren Kabelbaum. Erleben Sie Spitzenqualit\u00e4t und Zuverl\u00e4ssigkeit.","publisher":{"@id":"https:\/\/derkabeldoc.de\/en\/#organization"},"potentialAction":[{"@type":"SearchAction","target":{"@type":"EntryPoint","urlTemplate":"https:\/\/derkabeldoc.de\/en\/?s={search_term_string}"},"query-input":{"@type":"PropertyValueSpecification","valueRequired":true,"valueName":"search_term_string"}}],"inLanguage":"en-US"},{"@type":"Organization","@id":"https:\/\/derkabeldoc.de\/en\/#organization","name":"DerKabeldoc.de","url":"https:\/\/derkabeldoc.de\/en\/","logo":{"@type":"ImageObject","inLanguage":"en-US","@id":"https:\/\/derkabeldoc.de\/en\/#\/schema\/logo\/image\/","url":"https:\/\/derkabeldoc.de\/wp-content\/uploads\/2023\/01\/cropped-Screenshot-2023-01-30-222446-e1675196845195.jpg","contentUrl":"https:\/\/derkabeldoc.de\/wp-content\/uploads\/2023\/01\/cropped-Screenshot-2023-01-30-222446-e1675196845195.jpg","width":512,"height":512,"caption":"DerKabeldoc.de"},"image":{"@id":"https:\/\/derkabeldoc.de\/en\/#\/schema\/logo\/image\/"}}]}},"uagb_featured_image_src":{"full":["https:\/\/derkabeldoc.de\/wp-content\/uploads\/2025\/11\/Dichtung-DK-M104-A1041410780.png",2120,1585,false],"thumbnail":["https:\/\/derkabeldoc.de\/wp-content\/uploads\/2025\/11\/Dichtung-DK-M104-A1041410780-150x150.png",150,150,true],"medium":["https:\/\/derkabeldoc.de\/wp-content\/uploads\/2025\/11\/Dichtung-DK-M104-A1041410780-300x224.png",300,224,true],"medium_large":["https:\/\/derkabeldoc.de\/wp-content\/uploads\/2025\/11\/Dichtung-DK-M104-A1041410780-768x574.png",768,574,true],"large":["https:\/\/derkabeldoc.de\/wp-content\/uploads\/2025\/11\/Dichtung-DK-M104-A1041410780-1024x766.png",1024,766,true],"1536x1536":["https:\/\/derkabeldoc.de\/wp-content\/uploads\/2025\/11\/Dichtung-DK-M104-A1041410780-1536x1148.png",1536,1148,true],"2048x2048":["https:\/\/derkabeldoc.de\/wp-content\/uploads\/2025\/11\/Dichtung-DK-M104-A1041410780-2048x1531.png",2048,1531,true],"et-pb-post-main-image":["https:\/\/derkabeldoc.de\/wp-content\/uploads\/2025\/11\/Dichtung-DK-M104-A1041410780-400x250.png",400,250,true],"et-pb-post-main-image-fullwidth":["https:\/\/derkabeldoc.de\/wp-content\/uploads\/2025\/11\/Dichtung-DK-M104-A1041410780-1080x675.png",1080,675,true],"et-pb-portfolio-image":["https:\/\/derkabeldoc.de\/wp-content\/uploads\/2025\/11\/Dichtung-DK-M104-A1041410780-400x284.png",400,284,true],"et-pb-portfolio-module-image":["https:\/\/derkabeldoc.de\/wp-content\/uploads\/2025\/11\/Dichtung-DK-M104-A1041410780-510x382.png",510,382,true],"et-pb-portfolio-image-single":["https:\/\/derkabeldoc.de\/wp-content\/uploads\/2025\/11\/Dichtung-DK-M104-A1041410780-1080x807.png",1080,807,true],"et-pb-gallery-module-image-portrait":["https:\/\/derkabeldoc.de\/wp-content\/uploads\/2025\/11\/Dichtung-DK-M104-A1041410780-400x516.png",400,516,true],"et-pb-post-main-image-fullwidth-large":["https:\/\/derkabeldoc.de\/wp-content\/uploads\/2025\/11\/Dichtung-DK-M104-A1041410780.png",2120,1585,false],"et-pb-image--responsive--desktop":["https:\/\/derkabeldoc.de\/wp-content\/uploads\/2025\/11\/Dichtung-DK-M104-A1041410780-1280x957.png",963,720,true],"et-pb-image--responsive--tablet":["https:\/\/derkabeldoc.de\/wp-content\/uploads\/2025\/11\/Dichtung-DK-M104-A1041410780-980x733.png",737,551,true],"et-pb-image--responsive--phone":["https:\/\/derkabeldoc.de\/wp-content\/uploads\/2025\/11\/Dichtung-DK-M104-A1041410780-480x359.png",361,270,true],"cfw_cart_thumb":["https:\/\/derkabeldoc.de\/wp-content\/uploads\/2025\/11\/Dichtung-DK-M104-A1041410780-60x45.png",60,45,true],"cfw_order_bump_thumb":["https:\/\/derkabeldoc.de\/wp-content\/uploads\/2025\/11\/Dichtung-DK-M104-A1041410780.png",320,239,false],"woocommerce_thumbnail":["https:\/\/derkabeldoc.de\/wp-content\/uploads\/2025\/11\/Dichtung-DK-M104-A1041410780-300x300.png",300,300,true],"woocommerce_single":["https:\/\/derkabeldoc.de\/wp-content\/uploads\/2025\/11\/Dichtung-DK-M104-A1041410780-600x449.png",600,449,true],"woocommerce_gallery_thumbnail":["https:\/\/derkabeldoc.de\/wp-content\/uploads\/2025\/11\/Dichtung-DK-M104-A1041410780-100x100.png",100,100,true]},"uagb_author_info":{"display_name":"admin","author_link":"https:\/\/derkabeldoc.de\/en\/author\/"},"uagb_comment_info":0,"uagb_excerpt":"Part Number: A1041410780 Fits engines: M104 and M120 This genuine Mercedes gasket, part number A1041410780, ensures a reliable seal between the throttle body and the intake manifold. It prevents unmetered air and supports smooth, clean engine operation. Product details Original Mercedes-Benz Spare Part Part Number: A1041410780 Fits many models:W124, R129, W140, W202, W210 High-quality, durable&hellip;","_links":{"self":[{"href":"https:\/\/derkabeldoc.de\/en\/wp-json\/wp\/v2\/product\/1828","targetHints":{"allow":["GET"]}}],"collection":[{"href":"https:\/\/derkabeldoc.de\/en\/wp-json\/wp\/v2\/product"}],"about":[{"href":"https:\/\/derkabeldoc.de\/en\/wp-json\/wp\/v2\/types\/product"}],"wp:featuredmedia":[{"embeddable":true,"href":"https:\/\/derkabeldoc.de\/en\/wp-json\/wp\/v2\/media\/1831"}],"wp:attachment":[{"href":"https:\/\/derkabeldoc.de\/en\/wp-json\/wp\/v2\/media?parent=1828"}],"wp:term":[{"taxonomy":"product_brand","embeddable":true,"href":"https:\/\/derkabeldoc.de\/en\/wp-json\/wp\/v2\/product_brand?post=1828"},{"taxonomy":"product_cat","embeddable":true,"href":"https:\/\/derkabeldoc.de\/en\/wp-json\/wp\/v2\/product_cat?post=1828"},{"taxonomy":"product_tag","embeddable":true,"href":"https:\/\/derkabeldoc.de\/en\/wp-json\/wp\/v2\/product_tag?post=1828"}],"curies":[{"name":"wp","href":"https:\/\/api.w.org\/{rel}","templated":true}]}}