
{"id":1613,"date":"2025-09-22T15:32:40","date_gmt":"2025-09-22T15:32:40","guid":{"rendered":"https:\/\/derkabeldoc.de\/?post_type=product&#038;p=1613"},"modified":"2025-10-09T14:10:32","modified_gmt":"2025-10-09T14:10:32","slug":"mercedes-benz-connector-housing-a0125450528-with-solder-contact-original-part-kopie-2","status":"publish","type":"product","link":"https:\/\/derkabeldoc.de\/en\/produkt\/mercedes-benz-connector-housing-a0125450528-with-solder-contact-original-part-kopie-2\/","title":{"rendered":"Cruise Control Unit Repair W124, W202, R107, W126, W123"},"content":{"rendered":"<p data-start=\"364\" data-end=\"496\">We offer professional repair of cruise control units with coding plugs for Mercedes-Benz models W124, W202, R107, W126, and W123.<\/p>\n<p data-start=\"498\" data-end=\"525\"><strong data-start=\"498\" data-end=\"523\">Repair Process:<\/strong><\/p>\n<ul data-start=\"526\" data-end=\"888\">\n<li data-start=\"526\" data-end=\"590\">\n<p data-start=\"528\" data-end=\"590\">Before repair, the submitted control unit is tested.<\/p>\n<\/li>\n<li data-start=\"591\" data-end=\"724\">\n<p data-start=\"593\" data-end=\"724\">Subsequently, all <strong data-start=\"618\" data-end=\"653\">electrolytic capacitors (electrolytics)<\/strong> and the <strong data-start=\"664\" data-end=\"686\">tantalum capacitor<\/strong> are replaced with high-quality new parts.<\/p>\n<\/li>\n<li data-start=\"725\" data-end=\"831\">\n<p data-start=\"727\" data-end=\"831\">In addition, all <strong data-start=\"755\" data-end=\"781\">solder joints are reworked<\/strong> to reliably prevent contact problems.<\/p>\n<\/li>\n<li data-start=\"832\" data-end=\"888\">\n<p data-start=\"834\" data-end=\"888\">Finally, a functional test is performed again.<\/p>\n<\/li>\n<\/ul>\n<p>&nbsp;<\/p>\n<p>&nbsp;<\/p>\n<p data-start=\"890\" data-end=\"905\"><strong data-start=\"890\" data-end=\"903\">Notes:<\/strong><\/p>\n<ul data-start=\"906\" data-end=\"1399\">\n<li data-start=\"906\" data-end=\"1036\">\n<p data-start=\"908\" data-end=\"1036\">Please provide us with <strong data-start=\"929\" data-end=\"967\">the part number of your control unit before sending it in<\/strong> to check its repairability in advance. If you&#8217;re unsure, feel free to provide the VIN before you start searching for the part number yourself.<\/p>\n<\/li>\n<li data-start=\"1037\" data-end=\"1186\">\n<p data-start=\"1039\" data-end=\"1186\">If another component of the control unit (e.g., EPROM or integrated circuits) is defective, repair is not possible.<\/p>\n<\/li>\n<li data-start=\"1187\" data-end=\"1325\">\n<p data-start=\"1189\" data-end=\"1325\">Similarly, defects in other components of the cruise control system (e.g., switch, actuator, wiring harness) can impair its function.<\/p>\n<\/li>\n<li data-start=\"1187\" data-end=\"1325\">The agreed fee of <strong>\u20ac99<\/strong> is due in any case for the work performed (testing, component replacement, rework) \u2013 even if the repair cannot be successfully completed.<\/li>\n<li data-start=\"1326\" data-end=\"1399\">\n<p data-start=\"1328\" data-end=\"1399\">Therefore, we provide <strong data-start=\"1349\" data-end=\"1396\">no guarantee on the success of the repair<\/strong>.<\/p>\n<\/li>\n<\/ul>\n<p>&nbsp;<\/p>\n<p>&nbsp;<\/p>\n<p>Part Numbers (not complete):<\/p>\n<table style=\"width: 426px;\" width=\"349\">\n<tbody>\n<tr>\n<td style=\"width: 158.938px;\">A001 545 06 32<\/td>\n<td style=\"width: 253.462px;\">W123, W126<\/td>\n<\/tr>\n<tr>\n<td style=\"width: 158.938px;\">A001 545 20 32<\/td>\n<td style=\"width: 253.462px;\">W123, W126<\/td>\n<\/tr>\n<tr>\n<td style=\"width: 158.938px;\">A001 545 21 32<\/td>\n<td style=\"width: 253.462px;\">W123, W126<\/td>\n<\/tr>\n<tr>\n<td style=\"width: 158.938px;\">A003 545 07 32<\/td>\n<td style=\"width: 253.462px;\">W123, R107<\/td>\n<\/tr>\n<tr>\n<td style=\"width: 158.938px;\">A003 545 08 32<\/td>\n<td style=\"width: 253.462px;\">W123, W116, R107<\/td>\n<\/tr>\n<tr>\n<td style=\"width: 158.938px;\">A003 545 09 32<\/td>\n<td style=\"width: 253.462px;\">W123, R107<\/td>\n<\/tr>\n<tr>\n<td style=\"width: 158.938px;\">A005 545 05 32<\/td>\n<td style=\"width: 253.462px;\">W124, W126, W201<\/td>\n<\/tr>\n<tr>\n<td style=\"width: 158.938px;\">A005 545 07 32<\/td>\n<td style=\"width: 253.462px;\">W124, W126, W201<\/td>\n<\/tr>\n<tr>\n<td style=\"width: 158.938px;\">A005 545 12 32<\/td>\n<td style=\"width: 253.462px;\">W124, W126, W201<\/td>\n<\/tr>\n<tr>\n<td style=\"width: 158.938px;\">A007 545 12 32<\/td>\n<td style=\"width: 253.462px;\">R129<\/td>\n<\/tr>\n<tr>\n<td style=\"width: 158.938px;\">A007 545 43 32<\/td>\n<td style=\"width: 253.462px;\">R129<\/td>\n<\/tr>\n<tr>\n<td style=\"width: 158.938px;\">A014 545 40 32<\/td>\n<td style=\"width: 253.462px;\">W124, W202<\/td>\n<\/tr>\n<tr>\n<td style=\"width: 158.938px;\">A014 545 80 32<\/td>\n<td style=\"width: 253.462px;\">W124, W202<\/td>\n<\/tr>\n<tr>\n<td style=\"width: 158.938px;\">A016 545 77 32<\/td>\n<td style=\"width: 253.462px;\">W124, W202, W140<\/td>\n<\/tr>\n<tr>\n<td style=\"width: 158.938px;\">A023 545 21 32<\/td>\n<td style=\"width: 253.462px;\">W124, W140, W201, W202<\/td>\n<\/tr>\n<tr>\n<td style=\"width: 158.938px;\">A140 545 36 32<\/td>\n<td style=\"width: 253.462px;\">W140<\/td>\n<\/tr>\n<tr>\n<td style=\"width: 158.938px;\">A140 545 77 32<\/td>\n<td style=\"width: 253.462px;\">W140<\/td>\n<\/tr>\n<\/tbody>\n<\/table>\n","protected":false},"excerpt":{"rendered":"<p>We offer professional repair of cruise control units with coding plugs for Mercedes-Benz models W124, W202, R107, W126, and W123. Repair Process: Before repair, the submitted control unit is tested. Subsequently, all electrolytic capacitors (electrolytics) and the tantalum capacitor are replaced with high-quality new parts. In addition, all solder joints are reworked to reliably prevent [&hellip;]<\/p>\n","protected":false},"featured_media":1638,"template":"","meta":{"_et_pb_use_builder":"","_et_pb_old_content":"","_et_gb_content_width":"","_uag_custom_page_level_css":""},"product_brand":[],"product_cat":[710,887,708,762],"product_tag":[1387,1295,1326,1388,1296,1327,1389,1297,1328,1390,1298,1329,1391,1299,1330,1392,1300,1331,1393,1301,1332,1394,1302,1395,1367,1303,1396,1304,1333,1397,1305,1334,1398,1306,1335,1399,1307,1336,1400,1308,1368,1401,1309,1369,1402,1310,1337,1403,1311,1338,1320,1324,1037,1321,1323,1318,1319,1312,1313,1314,1317,1315,1316,996,1166,1325,1322],"class_list":{"0":"post-1613","1":"product","2":"type-product","3":"status-publish","4":"has-post-thumbnail","6":"product_cat-accessories","7":"product_cat-connector","8":"product_cat-w124","9":"product_cat-w202","10":"product_tag-a0015450632","11":"product_tag-a0015450632-cruise-control-unit","12":"product_tag-a0015450632-mercedes-cruise-control-unit","13":"product_tag-a0015452032","14":"product_tag-a0015452032-cruise-control-unit","15":"product_tag-a0015452032-mercedes-cruise-control-unit","16":"product_tag-a0015452132","17":"product_tag-a0015452132-cruise-control-unit","18":"product_tag-a0015452132-mercedes-cruise-control-unit","19":"product_tag-a0035450732","20":"product_tag-a0035450732-cruise-control-unit","21":"product_tag-a0035450732-mercedes-cruise-control-unit","22":"product_tag-a0035450832","23":"product_tag-a0035450832-cruise-control-repair","24":"product_tag-a0035450832-mercedes-cruise-control-unit","25":"product_tag-a0035450932","26":"product_tag-a0035450932-mercedes-cruise-control","27":"product_tag-a0035450932-mercedes-cruise-control-unit","28":"product_tag-a0055450532","29":"product_tag-a0055450532-cruise-control-unit","30":"product_tag-a0055450532-mercedes-cruise-control-unit","31":"product_tag-a0055450732","32":"product_tag-a0055450732-mercedes-cruise-control-unit","33":"product_tag-a0055451232","34":"product_tag-a0055451232-mercedes-cruise-control-unit-2","35":"product_tag-a0055451232-mercedes-cruise-control-unit","36":"product_tag-a0075451232","37":"product_tag-a0075451232-cruise-control-unit-r129","38":"product_tag-a0075451232-mercedes-cruise-control-unit","39":"product_tag-a0075454332","40":"product_tag-a0075454332-cruise-control-repair-r129","41":"product_tag-a0075454332-mercedes-cruise-control-unit","42":"product_tag-a0145454032","43":"product_tag-a0145454032-cruise-control-unit-w124","44":"product_tag-a0145454032-mercedes-cruise-control-unit","45":"product_tag-a0145458032","46":"product_tag-a0145458032-cruise-control-unit-w202","47":"product_tag-a0145458032-mercedes-cruise-control-unit","48":"product_tag-a0165457732","49":"product_tag-a0165457732-mercedes-cruise-control-unit","50":"product_tag-a0165457732-mercedes-cruise-control-unit-2","51":"product_tag-a0235452132","52":"product_tag-a0235452132-mercedes-cruise-control-unit","53":"product_tag-a0235452132-mercedes-cruise-control-unit-2","54":"product_tag-a1405453632","55":"product_tag-a1405453632-cruise-control-unit-w140","56":"product_tag-a1405453632-mercedes-cruise-control-unit","57":"product_tag-a1405457732","58":"product_tag-a1405457732-cruise-control-unit-w140","59":"product_tag-a1405457732-mercedes-cruise-control-unit","60":"product_tag-buy-mercedes-cruise-control-unit","61":"product_tag-defective-mercedes-cruise-control-unit","62":"product_tag-mercedes","63":"product_tag-mercedes-cruise-control-unit-repair","64":"product_tag-mercedes-original-cruise-control-unit","65":"product_tag-mercedes-r107-cruise-control-unit","66":"product_tag-mercedes-r129-cruise-control-repair","67":"product_tag-mercedes-w123-cruise-control-unit","68":"product_tag-mercedes-w124-cruise-control-repair","69":"product_tag-mercedes-w126-cruise-control-unit","70":"product_tag-mercedes-w140-cruise-control-unit","71":"product_tag-mercedes-w201-cruise-control-repair","72":"product_tag-mercedes-w202-cruise-control-unit","73":"product_tag-mercedes-benz","74":"product_tag-mercedes-benz-electrical-spare-parts","75":"product_tag-overhaul-mercedes-cruise-control-unit","76":"product_tag-recondition-cruise-control-unit","77":"product_shipping_class-medium","79":"first","80":"instock","81":"taxable","82":"shipping-taxable","83":"purchasable","84":"product-type-simple"},"yoast_head":"<!-- This site is optimized with the Yoast SEO plugin v27.4 - https:\/\/yoast.com\/product\/yoast-seo-wordpress\/ -->\n<title>Mercedes Cruise Control Unit Repair W124 W202 R107<\/title>\n<meta name=\"description\" content=\"Repair of Mercedes cruise control units (W124, W202, R107, W126, W123). Capacitors renewed, solder joints reworked. Price: \u20ac139.\" \/>\n<meta name=\"robots\" content=\"index, follow, max-snippet:-1, max-image-preview:large, max-video-preview:-1\" \/>\n<link rel=\"canonical\" href=\"https:\/\/derkabeldoc.de\/en\/produkt\/mercedes-benz-connector-housing-a0125450528-with-solder-contact-original-part-kopie-2\/\" \/>\n<meta property=\"og:locale\" content=\"en_US\" \/>\n<meta property=\"og:type\" content=\"article\" \/>\n<meta property=\"og:title\" content=\"Mercedes Cruise Control Unit Repair W124 W202 R107\" \/>\n<meta property=\"og:description\" content=\"Repair of Mercedes cruise control units (W124, W202, R107, W126, W123). Capacitors renewed, solder joints reworked. Price: \u20ac139.\" \/>\n<meta property=\"og:url\" content=\"https:\/\/derkabeldoc.de\/en\/produkt\/mercedes-benz-connector-housing-a0125450528-with-solder-contact-original-part-kopie-2\/\" \/>\n<meta property=\"og:site_name\" content=\"DerKabeldoc.de\" \/>\n<meta property=\"article:modified_time\" content=\"2025-10-09T14:10:32+00:00\" \/>\n<meta property=\"og:image\" content=\"https:\/\/derkabeldoc.de\/wp-content\/uploads\/2025\/09\/DerKabeldocTemp-Rep-1.png\" \/>\n\t<meta property=\"og:image:width\" content=\"2352\" \/>\n\t<meta property=\"og:image:height\" content=\"1752\" \/>\n\t<meta property=\"og:image:type\" content=\"image\/png\" \/>\n<meta name=\"twitter:card\" content=\"summary_large_image\" \/>\n<meta name=\"twitter:label1\" content=\"Est. reading time\" \/>\n\t<meta name=\"twitter:data1\" content=\"1 minute\" \/>\n<script type=\"application\/ld+json\" class=\"yoast-schema-graph\">{\"@context\":\"https:\\\/\\\/schema.org\",\"@graph\":[{\"@type\":\"WebPage\",\"@id\":\"https:\\\/\\\/derkabeldoc.de\\\/en\\\/produkt\\\/mercedes-benz-connector-housing-a0125450528-with-solder-contact-original-part-kopie-2\\\/\",\"url\":\"https:\\\/\\\/derkabeldoc.de\\\/en\\\/produkt\\\/mercedes-benz-connector-housing-a0125450528-with-solder-contact-original-part-kopie-2\\\/\",\"name\":\"Mercedes Cruise Control Unit Repair W124 W202 R107\",\"isPartOf\":{\"@id\":\"https:\\\/\\\/derkabeldoc.de\\\/en\\\/#website\"},\"primaryImageOfPage\":{\"@id\":\"https:\\\/\\\/derkabeldoc.de\\\/en\\\/produkt\\\/mercedes-benz-connector-housing-a0125450528-with-solder-contact-original-part-kopie-2\\\/#primaryimage\"},\"image\":{\"@id\":\"https:\\\/\\\/derkabeldoc.de\\\/en\\\/produkt\\\/mercedes-benz-connector-housing-a0125450528-with-solder-contact-original-part-kopie-2\\\/#primaryimage\"},\"thumbnailUrl\":\"https:\\\/\\\/derkabeldoc.de\\\/wp-content\\\/uploads\\\/2025\\\/09\\\/DerKabeldocTemp-Rep-1.png\",\"datePublished\":\"2025-09-22T15:32:40+00:00\",\"dateModified\":\"2025-10-09T14:10:32+00:00\",\"description\":\"Repair of Mercedes cruise control units (W124, W202, R107, W126, W123). Capacitors renewed, solder joints reworked. Price: \u20ac139.\",\"breadcrumb\":{\"@id\":\"https:\\\/\\\/derkabeldoc.de\\\/en\\\/produkt\\\/mercedes-benz-connector-housing-a0125450528-with-solder-contact-original-part-kopie-2\\\/#breadcrumb\"},\"inLanguage\":\"en-US\",\"potentialAction\":[{\"@type\":\"ReadAction\",\"target\":[\"https:\\\/\\\/derkabeldoc.de\\\/en\\\/produkt\\\/mercedes-benz-connector-housing-a0125450528-with-solder-contact-original-part-kopie-2\\\/\"]}]},{\"@type\":\"ImageObject\",\"inLanguage\":\"en-US\",\"@id\":\"https:\\\/\\\/derkabeldoc.de\\\/en\\\/produkt\\\/mercedes-benz-connector-housing-a0125450528-with-solder-contact-original-part-kopie-2\\\/#primaryimage\",\"url\":\"https:\\\/\\\/derkabeldoc.de\\\/wp-content\\\/uploads\\\/2025\\\/09\\\/DerKabeldocTemp-Rep-1.png\",\"contentUrl\":\"https:\\\/\\\/derkabeldoc.de\\\/wp-content\\\/uploads\\\/2025\\\/09\\\/DerKabeldocTemp-Rep-1.png\",\"width\":2352,\"height\":1752},{\"@type\":\"BreadcrumbList\",\"@id\":\"https:\\\/\\\/derkabeldoc.de\\\/en\\\/produkt\\\/mercedes-benz-connector-housing-a0125450528-with-solder-contact-original-part-kopie-2\\\/#breadcrumb\",\"itemListElement\":[{\"@type\":\"ListItem\",\"position\":1,\"name\":\"Startseite\",\"item\":\"https:\\\/\\\/derkabeldoc.de\\\/en\\\/shop\\\/\"},{\"@type\":\"ListItem\",\"position\":2,\"name\":\"Home\",\"item\":\"https:\\\/\\\/derkabeldoc.de\\\/\"},{\"@type\":\"ListItem\",\"position\":3,\"name\":\"Cruise Control Unit Repair W124, W202, R107, W126, W123\"}]},{\"@type\":\"WebSite\",\"@id\":\"https:\\\/\\\/derkabeldoc.de\\\/en\\\/#website\",\"url\":\"https:\\\/\\\/derkabeldoc.de\\\/en\\\/\",\"name\":\"DerKabeldoc.de\",\"description\":\"Vertrauen Sie auf Qualit\u00e4t und Innovation \u2013 w\u00e4hlen Sie unseren Kabelbaum. Erleben Sie Spitzenqualit\u00e4t und Zuverl\u00e4ssigkeit.\",\"publisher\":{\"@id\":\"https:\\\/\\\/derkabeldoc.de\\\/en\\\/#organization\"},\"potentialAction\":[{\"@type\":\"SearchAction\",\"target\":{\"@type\":\"EntryPoint\",\"urlTemplate\":\"https:\\\/\\\/derkabeldoc.de\\\/en\\\/?s={search_term_string}\"},\"query-input\":{\"@type\":\"PropertyValueSpecification\",\"valueRequired\":true,\"valueName\":\"search_term_string\"}}],\"inLanguage\":\"en-US\"},{\"@type\":\"Organization\",\"@id\":\"https:\\\/\\\/derkabeldoc.de\\\/en\\\/#organization\",\"name\":\"DerKabeldoc.de\",\"url\":\"https:\\\/\\\/derkabeldoc.de\\\/en\\\/\",\"logo\":{\"@type\":\"ImageObject\",\"inLanguage\":\"en-US\",\"@id\":\"https:\\\/\\\/derkabeldoc.de\\\/en\\\/#\\\/schema\\\/logo\\\/image\\\/\",\"url\":\"https:\\\/\\\/derkabeldoc.de\\\/wp-content\\\/uploads\\\/2023\\\/01\\\/cropped-Screenshot-2023-01-30-222446-e1675196845195.jpg\",\"contentUrl\":\"https:\\\/\\\/derkabeldoc.de\\\/wp-content\\\/uploads\\\/2023\\\/01\\\/cropped-Screenshot-2023-01-30-222446-e1675196845195.jpg\",\"width\":512,\"height\":512,\"caption\":\"DerKabeldoc.de\"},\"image\":{\"@id\":\"https:\\\/\\\/derkabeldoc.de\\\/en\\\/#\\\/schema\\\/logo\\\/image\\\/\"}}]}<\/script>\n<!-- \/ Yoast SEO plugin. -->","yoast_head_json":{"title":"Mercedes Cruise Control Unit Repair W124 W202 R107","description":"Repair of Mercedes cruise control units (W124, W202, R107, W126, W123). Capacitors renewed, solder joints reworked. Price: \u20ac139.","robots":{"index":"index","follow":"follow","max-snippet":"max-snippet:-1","max-image-preview":"max-image-preview:large","max-video-preview":"max-video-preview:-1"},"canonical":"https:\/\/derkabeldoc.de\/en\/produkt\/mercedes-benz-connector-housing-a0125450528-with-solder-contact-original-part-kopie-2\/","og_locale":"en_US","og_type":"article","og_title":"Mercedes Cruise Control Unit Repair W124 W202 R107","og_description":"Repair of Mercedes cruise control units (W124, W202, R107, W126, W123). Capacitors renewed, solder joints reworked. Price: \u20ac139.","og_url":"https:\/\/derkabeldoc.de\/en\/produkt\/mercedes-benz-connector-housing-a0125450528-with-solder-contact-original-part-kopie-2\/","og_site_name":"DerKabeldoc.de","article_modified_time":"2025-10-09T14:10:32+00:00","og_image":[{"width":2352,"height":1752,"url":"https:\/\/derkabeldoc.de\/wp-content\/uploads\/2025\/09\/DerKabeldocTemp-Rep-1.png","type":"image\/png"}],"twitter_card":"summary_large_image","twitter_misc":{"Est. reading time":"1 minute"},"schema":{"@context":"https:\/\/schema.org","@graph":[{"@type":"WebPage","@id":"https:\/\/derkabeldoc.de\/en\/produkt\/mercedes-benz-connector-housing-a0125450528-with-solder-contact-original-part-kopie-2\/","url":"https:\/\/derkabeldoc.de\/en\/produkt\/mercedes-benz-connector-housing-a0125450528-with-solder-contact-original-part-kopie-2\/","name":"Mercedes Cruise Control Unit Repair W124 W202 R107","isPartOf":{"@id":"https:\/\/derkabeldoc.de\/en\/#website"},"primaryImageOfPage":{"@id":"https:\/\/derkabeldoc.de\/en\/produkt\/mercedes-benz-connector-housing-a0125450528-with-solder-contact-original-part-kopie-2\/#primaryimage"},"image":{"@id":"https:\/\/derkabeldoc.de\/en\/produkt\/mercedes-benz-connector-housing-a0125450528-with-solder-contact-original-part-kopie-2\/#primaryimage"},"thumbnailUrl":"https:\/\/derkabeldoc.de\/wp-content\/uploads\/2025\/09\/DerKabeldocTemp-Rep-1.png","datePublished":"2025-09-22T15:32:40+00:00","dateModified":"2025-10-09T14:10:32+00:00","description":"Repair of Mercedes cruise control units (W124, W202, R107, W126, W123). Capacitors renewed, solder joints reworked. Price: \u20ac139.","breadcrumb":{"@id":"https:\/\/derkabeldoc.de\/en\/produkt\/mercedes-benz-connector-housing-a0125450528-with-solder-contact-original-part-kopie-2\/#breadcrumb"},"inLanguage":"en-US","potentialAction":[{"@type":"ReadAction","target":["https:\/\/derkabeldoc.de\/en\/produkt\/mercedes-benz-connector-housing-a0125450528-with-solder-contact-original-part-kopie-2\/"]}]},{"@type":"ImageObject","inLanguage":"en-US","@id":"https:\/\/derkabeldoc.de\/en\/produkt\/mercedes-benz-connector-housing-a0125450528-with-solder-contact-original-part-kopie-2\/#primaryimage","url":"https:\/\/derkabeldoc.de\/wp-content\/uploads\/2025\/09\/DerKabeldocTemp-Rep-1.png","contentUrl":"https:\/\/derkabeldoc.de\/wp-content\/uploads\/2025\/09\/DerKabeldocTemp-Rep-1.png","width":2352,"height":1752},{"@type":"BreadcrumbList","@id":"https:\/\/derkabeldoc.de\/en\/produkt\/mercedes-benz-connector-housing-a0125450528-with-solder-contact-original-part-kopie-2\/#breadcrumb","itemListElement":[{"@type":"ListItem","position":1,"name":"Startseite","item":"https:\/\/derkabeldoc.de\/en\/shop\/"},{"@type":"ListItem","position":2,"name":"Home","item":"https:\/\/derkabeldoc.de\/"},{"@type":"ListItem","position":3,"name":"Cruise Control Unit Repair W124, W202, R107, W126, W123"}]},{"@type":"WebSite","@id":"https:\/\/derkabeldoc.de\/en\/#website","url":"https:\/\/derkabeldoc.de\/en\/","name":"DerKabeldoc.de","description":"Vertrauen Sie auf Qualit\u00e4t und Innovation \u2013 w\u00e4hlen Sie unseren Kabelbaum. Erleben Sie Spitzenqualit\u00e4t und Zuverl\u00e4ssigkeit.","publisher":{"@id":"https:\/\/derkabeldoc.de\/en\/#organization"},"potentialAction":[{"@type":"SearchAction","target":{"@type":"EntryPoint","urlTemplate":"https:\/\/derkabeldoc.de\/en\/?s={search_term_string}"},"query-input":{"@type":"PropertyValueSpecification","valueRequired":true,"valueName":"search_term_string"}}],"inLanguage":"en-US"},{"@type":"Organization","@id":"https:\/\/derkabeldoc.de\/en\/#organization","name":"DerKabeldoc.de","url":"https:\/\/derkabeldoc.de\/en\/","logo":{"@type":"ImageObject","inLanguage":"en-US","@id":"https:\/\/derkabeldoc.de\/en\/#\/schema\/logo\/image\/","url":"https:\/\/derkabeldoc.de\/wp-content\/uploads\/2023\/01\/cropped-Screenshot-2023-01-30-222446-e1675196845195.jpg","contentUrl":"https:\/\/derkabeldoc.de\/wp-content\/uploads\/2023\/01\/cropped-Screenshot-2023-01-30-222446-e1675196845195.jpg","width":512,"height":512,"caption":"DerKabeldoc.de"},"image":{"@id":"https:\/\/derkabeldoc.de\/en\/#\/schema\/logo\/image\/"}}]}},"uagb_featured_image_src":{"full":["https:\/\/derkabeldoc.de\/wp-content\/uploads\/2025\/09\/DerKabeldocTemp-Rep-1.png",2352,1752,false],"thumbnail":["https:\/\/derkabeldoc.de\/wp-content\/uploads\/2025\/09\/DerKabeldocTemp-Rep-1-150x150.png",150,150,true],"medium":["https:\/\/derkabeldoc.de\/wp-content\/uploads\/2025\/09\/DerKabeldocTemp-Rep-1-300x223.png",300,223,true],"medium_large":["https:\/\/derkabeldoc.de\/wp-content\/uploads\/2025\/09\/DerKabeldocTemp-Rep-1-768x572.png",768,572,true],"large":["https:\/\/derkabeldoc.de\/wp-content\/uploads\/2025\/09\/DerKabeldocTemp-Rep-1-1024x763.png",1024,763,true],"1536x1536":["https:\/\/derkabeldoc.de\/wp-content\/uploads\/2025\/09\/DerKabeldocTemp-Rep-1-1536x1144.png",1536,1144,true],"2048x2048":["https:\/\/derkabeldoc.de\/wp-content\/uploads\/2025\/09\/DerKabeldocTemp-Rep-1-2048x1526.png",2048,1526,true],"et-pb-post-main-image":["https:\/\/derkabeldoc.de\/wp-content\/uploads\/2025\/09\/DerKabeldocTemp-Rep-1-400x250.png",400,250,true],"et-pb-post-main-image-fullwidth":["https:\/\/derkabeldoc.de\/wp-content\/uploads\/2025\/09\/DerKabeldocTemp-Rep-1-1080x675.png",1080,675,true],"et-pb-portfolio-image":["https:\/\/derkabeldoc.de\/wp-content\/uploads\/2025\/09\/DerKabeldocTemp-Rep-1-400x284.png",400,284,true],"et-pb-portfolio-module-image":["https:\/\/derkabeldoc.de\/wp-content\/uploads\/2025\/09\/DerKabeldocTemp-Rep-1-510x382.png",510,382,true],"et-pb-portfolio-image-single":["https:\/\/derkabeldoc.de\/wp-content\/uploads\/2025\/09\/DerKabeldocTemp-Rep-1-1080x804.png",1080,804,true],"et-pb-gallery-module-image-portrait":["https:\/\/derkabeldoc.de\/wp-content\/uploads\/2025\/09\/DerKabeldocTemp-Rep-1-400x516.png",400,516,true],"et-pb-post-main-image-fullwidth-large":["https:\/\/derkabeldoc.de\/wp-content\/uploads\/2025\/09\/DerKabeldocTemp-Rep-1.png",2352,1752,false],"et-pb-image--responsive--desktop":["https:\/\/derkabeldoc.de\/wp-content\/uploads\/2025\/09\/DerKabeldocTemp-Rep-1-1280x953.png",967,720,true],"et-pb-image--responsive--tablet":["https:\/\/derkabeldoc.de\/wp-content\/uploads\/2025\/09\/DerKabeldocTemp-Rep-1-980x730.png",740,551,true],"et-pb-image--responsive--phone":["https:\/\/derkabeldoc.de\/wp-content\/uploads\/2025\/09\/DerKabeldocTemp-Rep-1-480x358.png",362,270,true],"cfw_cart_thumb":["https:\/\/derkabeldoc.de\/wp-content\/uploads\/2025\/09\/DerKabeldocTemp-Rep-1-60x45.png",60,45,true],"cfw_order_bump_thumb":["https:\/\/derkabeldoc.de\/wp-content\/uploads\/2025\/09\/DerKabeldocTemp-Rep-1.png",320,238,false],"woocommerce_thumbnail":["https:\/\/derkabeldoc.de\/wp-content\/uploads\/2025\/09\/DerKabeldocTemp-Rep-1-300x300.png",300,300,true],"woocommerce_single":["https:\/\/derkabeldoc.de\/wp-content\/uploads\/2025\/09\/DerKabeldocTemp-Rep-1-600x447.png",600,447,true],"woocommerce_gallery_thumbnail":["https:\/\/derkabeldoc.de\/wp-content\/uploads\/2025\/09\/DerKabeldocTemp-Rep-1-100x100.png",100,100,true]},"uagb_author_info":{"display_name":"admin","author_link":"https:\/\/derkabeldoc.de\/en\/author\/"},"uagb_comment_info":0,"uagb_excerpt":"We offer professional repair of cruise control units with coding plugs for Mercedes-Benz models W124, W202, R107, W126, and W123. Repair Process: Before repair, the submitted control unit is tested. Subsequently, all electrolytic capacitors (electrolytics) and the tantalum capacitor are replaced with high-quality new parts. In addition, all solder joints are reworked to reliably prevent&hellip;","_links":{"self":[{"href":"https:\/\/derkabeldoc.de\/en\/wp-json\/wp\/v2\/product\/1613","targetHints":{"allow":["GET"]}}],"collection":[{"href":"https:\/\/derkabeldoc.de\/en\/wp-json\/wp\/v2\/product"}],"about":[{"href":"https:\/\/derkabeldoc.de\/en\/wp-json\/wp\/v2\/types\/product"}],"wp:featuredmedia":[{"embeddable":true,"href":"https:\/\/derkabeldoc.de\/en\/wp-json\/wp\/v2\/media\/1638"}],"wp:attachment":[{"href":"https:\/\/derkabeldoc.de\/en\/wp-json\/wp\/v2\/media?parent=1613"}],"wp:term":[{"taxonomy":"product_brand","embeddable":true,"href":"https:\/\/derkabeldoc.de\/en\/wp-json\/wp\/v2\/product_brand?post=1613"},{"taxonomy":"product_cat","embeddable":true,"href":"https:\/\/derkabeldoc.de\/en\/wp-json\/wp\/v2\/product_cat?post=1613"},{"taxonomy":"product_tag","embeddable":true,"href":"https:\/\/derkabeldoc.de\/en\/wp-json\/wp\/v2\/product_tag?post=1613"}],"curies":[{"name":"wp","href":"https:\/\/api.w.org\/{rel}","templated":true}]}}