
{"id":1568,"date":"2025-09-12T10:25:47","date_gmt":"2025-09-12T10:25:47","guid":{"rendered":"https:\/\/derkabeldoc.de\/?post_type=product&#038;p=1568"},"modified":"2025-10-25T07:12:19","modified_gmt":"2025-10-25T07:12:19","slug":"mercedes-benz-electric-coupling-a2105407481","status":"publish","type":"product","link":"https:\/\/derkabeldoc.de\/en\/produkt\/mercedes-benz-electric-coupling-a2105407481\/","title":{"rendered":"Mercedes-Benz Electric Coupling A2105407481"},"content":{"rendered":"<ul>\n<li>\n<p data-start=\"342\" data-end=\"655\">The <strong data-start=\"346\" data-end=\"396\">Mercedes-Benz Electric Coupling A2105407481<\/strong> is the ideal spare part for repair, restoration, or retrofitting. This is an original Mercedes-Benz new part.<\/p>\n<p data-start=\"657\" data-end=\"701\">You get the connector in three versions:<\/p>\n<ul data-start=\"702\" data-end=\"1072\">\n<li data-start=\"702\" data-end=\"803\">\n<p data-start=\"704\" data-end=\"803\"><strong data-start=\"704\" data-end=\"737\">Connector A2105407481 \u2013 \u20ac23.99<\/strong>: Original Mercedes-Benz connector, precisely fitting and durable.<\/p>\n<\/li>\n<li data-start=\"804\" data-end=\"919\">\n<p data-start=\"806\" data-end=\"919\"><strong data-start=\"806\" data-end=\"846\">Connector A2105407481 with 4 x crimp contacts and 4x seals \u2013 \u20ac27.99<\/strong>: Crimp contacts and seals are from the original equipment manufacturer!<\/p>\n<\/li>\n<li data-start=\"920\" data-end=\"1072\">\n<p data-start=\"922\" data-end=\"1072\"><strong data-start=\"922\" data-end=\"973\">Connector A2105407481 with FEP cable, ready to connect \u2013 \u20ac39.99<\/strong>: Ready for immediate use, with heat and chemical-resistant FEP cable, ideal for the engine compartment. The cables are already mounted on the connector. No more crimping necessary!<\/p>\n<\/li>\n<\/ul>\n<p data-start=\"1074\" data-end=\"1229\">\u2705 Original Mercedes-Benz Part number: <strong data-start=\"1115\" data-end=\"1130\">A2105407481<\/strong><br data-start=\"1130\" data-end=\"1133\" \/>\u2705 Perfect fit spare part <br data-start=\"1173\" data-end=\"1176\" \/>\u2705 For workshops, DIY mechanics, and classic car enthusiasts<\/p>\n<p data-start=\"1231\" data-end=\"1378\">Order now the <strong data-start=\"1250\" data-end=\"1287\">Mercedes-Benz Connector A2105407481<\/strong> in the version that suits you and get the highest quality for your vehicle.<\/p>\n<\/li>\n<\/ul>\n","protected":false},"excerpt":{"rendered":"<p>NEW<\/p>\n","protected":false},"featured_media":1581,"template":"","meta":{"_et_pb_use_builder":"","_et_pb_old_content":"","_et_gb_content_width":"","_uag_custom_page_level_css":""},"product_brand":[],"product_cat":[710,887],"product_tag":[1219,1218,895,888,889,894,897],"class_list":{"0":"post-1568","1":"product","2":"type-product","3":"status-publish","4":"has-post-thumbnail","6":"product_cat-accessories","7":"product_cat-connector","8":"product_tag-1219","9":"product_tag-a2105407481","10":"product_tag-clutch","11":"product_tag-connector","12":"product_tag-connector-housing","13":"product_tag-electric-clutch","14":"product_tag-socket-contact","15":"product_shipping_class-small","17":"first","18":"instock","19":"taxable","20":"shipping-taxable","21":"purchasable","22":"product-type-variable"},"yoast_head":"<!-- This site is optimized with the Yoast SEO plugin v27.4 - https:\/\/yoast.com\/product\/yoast-seo-wordpress\/ -->\n<title>Mercedes-Benz Electric Coupling A2105407481<\/title>\n<meta name=\"description\" content=\"Mercedes-Benz Connector A2105407481 - available as connector only, with crimp contacts, or pre-wired with FEP cable. Mercedes-Benz quality for repair &amp; retrofitting.\" \/>\n<meta name=\"robots\" content=\"index, follow, max-snippet:-1, max-image-preview:large, max-video-preview:-1\" \/>\n<link rel=\"canonical\" href=\"https:\/\/derkabeldoc.de\/en\/produkt\/mercedes-benz-electric-coupling-a2105407481\/\" \/>\n<meta property=\"og:locale\" content=\"en_US\" \/>\n<meta property=\"og:type\" content=\"article\" \/>\n<meta property=\"og:title\" content=\"Mercedes-Benz Electric Coupling A2105407481\" \/>\n<meta property=\"og:description\" content=\"Mercedes-Benz Connector A2105407481 - available as connector only, with crimp contacts, or pre-wired with FEP cable. Mercedes-Benz quality for repair &amp; retrofitting.\" \/>\n<meta property=\"og:url\" content=\"https:\/\/derkabeldoc.de\/en\/produkt\/mercedes-benz-electric-coupling-a2105407481\/\" \/>\n<meta property=\"og:site_name\" content=\"DerKabeldoc.de\" \/>\n<meta property=\"article:modified_time\" content=\"2025-10-25T07:12:19+00:00\" \/>\n<meta property=\"og:image\" content=\"https:\/\/derkabeldoc.de\/wp-content\/uploads\/2025\/09\/A2105407481mitKabel.png\" \/>\n\t<meta property=\"og:image:width\" content=\"1777\" \/>\n\t<meta property=\"og:image:height\" content=\"1321\" \/>\n\t<meta property=\"og:image:type\" content=\"image\/png\" \/>\n<meta name=\"twitter:card\" content=\"summary_large_image\" \/>\n<meta name=\"twitter:label1\" content=\"Est. reading time\" \/>\n\t<meta name=\"twitter:data1\" content=\"1 minute\" \/>\n<script type=\"application\/ld+json\" class=\"yoast-schema-graph\">{\"@context\":\"https:\\\/\\\/schema.org\",\"@graph\":[{\"@type\":\"WebPage\",\"@id\":\"https:\\\/\\\/derkabeldoc.de\\\/en\\\/produkt\\\/mercedes-benz-electric-coupling-a2105407481\\\/\",\"url\":\"https:\\\/\\\/derkabeldoc.de\\\/en\\\/produkt\\\/mercedes-benz-electric-coupling-a2105407481\\\/\",\"name\":\"Mercedes-Benz Electric Coupling A2105407481\",\"isPartOf\":{\"@id\":\"https:\\\/\\\/derkabeldoc.de\\\/en\\\/#website\"},\"primaryImageOfPage\":{\"@id\":\"https:\\\/\\\/derkabeldoc.de\\\/en\\\/produkt\\\/mercedes-benz-electric-coupling-a2105407481\\\/#primaryimage\"},\"image\":{\"@id\":\"https:\\\/\\\/derkabeldoc.de\\\/en\\\/produkt\\\/mercedes-benz-electric-coupling-a2105407481\\\/#primaryimage\"},\"thumbnailUrl\":\"https:\\\/\\\/derkabeldoc.de\\\/wp-content\\\/uploads\\\/2025\\\/09\\\/A2105407481mitKabel.png\",\"datePublished\":\"2025-09-12T10:25:47+00:00\",\"dateModified\":\"2025-10-25T07:12:19+00:00\",\"description\":\"Mercedes-Benz Connector A2105407481 - available as connector only, with crimp contacts, or pre-wired with FEP cable. Mercedes-Benz quality for repair & retrofitting.\",\"breadcrumb\":{\"@id\":\"https:\\\/\\\/derkabeldoc.de\\\/en\\\/produkt\\\/mercedes-benz-electric-coupling-a2105407481\\\/#breadcrumb\"},\"inLanguage\":\"en-US\",\"potentialAction\":[{\"@type\":\"ReadAction\",\"target\":[\"https:\\\/\\\/derkabeldoc.de\\\/en\\\/produkt\\\/mercedes-benz-electric-coupling-a2105407481\\\/\"]}]},{\"@type\":\"ImageObject\",\"inLanguage\":\"en-US\",\"@id\":\"https:\\\/\\\/derkabeldoc.de\\\/en\\\/produkt\\\/mercedes-benz-electric-coupling-a2105407481\\\/#primaryimage\",\"url\":\"https:\\\/\\\/derkabeldoc.de\\\/wp-content\\\/uploads\\\/2025\\\/09\\\/A2105407481mitKabel.png\",\"contentUrl\":\"https:\\\/\\\/derkabeldoc.de\\\/wp-content\\\/uploads\\\/2025\\\/09\\\/A2105407481mitKabel.png\",\"width\":1777,\"height\":1321},{\"@type\":\"BreadcrumbList\",\"@id\":\"https:\\\/\\\/derkabeldoc.de\\\/en\\\/produkt\\\/mercedes-benz-electric-coupling-a2105407481\\\/#breadcrumb\",\"itemListElement\":[{\"@type\":\"ListItem\",\"position\":1,\"name\":\"Startseite\",\"item\":\"https:\\\/\\\/derkabeldoc.de\\\/en\\\/shop\\\/\"},{\"@type\":\"ListItem\",\"position\":2,\"name\":\"Home\",\"item\":\"https:\\\/\\\/derkabeldoc.de\\\/\"},{\"@type\":\"ListItem\",\"position\":3,\"name\":\"Mercedes-Benz Electric Coupling A2105407481\"}]},{\"@type\":\"WebSite\",\"@id\":\"https:\\\/\\\/derkabeldoc.de\\\/en\\\/#website\",\"url\":\"https:\\\/\\\/derkabeldoc.de\\\/en\\\/\",\"name\":\"DerKabeldoc.de\",\"description\":\"Vertrauen Sie auf Qualit\u00e4t und Innovation \u2013 w\u00e4hlen Sie unseren Kabelbaum. Erleben Sie Spitzenqualit\u00e4t und Zuverl\u00e4ssigkeit.\",\"publisher\":{\"@id\":\"https:\\\/\\\/derkabeldoc.de\\\/en\\\/#organization\"},\"potentialAction\":[{\"@type\":\"SearchAction\",\"target\":{\"@type\":\"EntryPoint\",\"urlTemplate\":\"https:\\\/\\\/derkabeldoc.de\\\/en\\\/?s={search_term_string}\"},\"query-input\":{\"@type\":\"PropertyValueSpecification\",\"valueRequired\":true,\"valueName\":\"search_term_string\"}}],\"inLanguage\":\"en-US\"},{\"@type\":\"Organization\",\"@id\":\"https:\\\/\\\/derkabeldoc.de\\\/en\\\/#organization\",\"name\":\"DerKabeldoc.de\",\"url\":\"https:\\\/\\\/derkabeldoc.de\\\/en\\\/\",\"logo\":{\"@type\":\"ImageObject\",\"inLanguage\":\"en-US\",\"@id\":\"https:\\\/\\\/derkabeldoc.de\\\/en\\\/#\\\/schema\\\/logo\\\/image\\\/\",\"url\":\"https:\\\/\\\/derkabeldoc.de\\\/wp-content\\\/uploads\\\/2023\\\/01\\\/cropped-Screenshot-2023-01-30-222446-e1675196845195.jpg\",\"contentUrl\":\"https:\\\/\\\/derkabeldoc.de\\\/wp-content\\\/uploads\\\/2023\\\/01\\\/cropped-Screenshot-2023-01-30-222446-e1675196845195.jpg\",\"width\":512,\"height\":512,\"caption\":\"DerKabeldoc.de\"},\"image\":{\"@id\":\"https:\\\/\\\/derkabeldoc.de\\\/en\\\/#\\\/schema\\\/logo\\\/image\\\/\"}}]}<\/script>\n<!-- \/ Yoast SEO plugin. -->","yoast_head_json":{"title":"Mercedes-Benz Electric Coupling A2105407481","description":"Mercedes-Benz Connector A2105407481 - available as connector only, with crimp contacts, or pre-wired with FEP cable. Mercedes-Benz quality for repair & retrofitting.","robots":{"index":"index","follow":"follow","max-snippet":"max-snippet:-1","max-image-preview":"max-image-preview:large","max-video-preview":"max-video-preview:-1"},"canonical":"https:\/\/derkabeldoc.de\/en\/produkt\/mercedes-benz-electric-coupling-a2105407481\/","og_locale":"en_US","og_type":"article","og_title":"Mercedes-Benz Electric Coupling A2105407481","og_description":"Mercedes-Benz Connector A2105407481 - available as connector only, with crimp contacts, or pre-wired with FEP cable. Mercedes-Benz quality for repair & retrofitting.","og_url":"https:\/\/derkabeldoc.de\/en\/produkt\/mercedes-benz-electric-coupling-a2105407481\/","og_site_name":"DerKabeldoc.de","article_modified_time":"2025-10-25T07:12:19+00:00","og_image":[{"width":1777,"height":1321,"url":"https:\/\/derkabeldoc.de\/wp-content\/uploads\/2025\/09\/A2105407481mitKabel.png","type":"image\/png"}],"twitter_card":"summary_large_image","twitter_misc":{"Est. reading time":"1 minute"},"schema":{"@context":"https:\/\/schema.org","@graph":[{"@type":"WebPage","@id":"https:\/\/derkabeldoc.de\/en\/produkt\/mercedes-benz-electric-coupling-a2105407481\/","url":"https:\/\/derkabeldoc.de\/en\/produkt\/mercedes-benz-electric-coupling-a2105407481\/","name":"Mercedes-Benz Electric Coupling A2105407481","isPartOf":{"@id":"https:\/\/derkabeldoc.de\/en\/#website"},"primaryImageOfPage":{"@id":"https:\/\/derkabeldoc.de\/en\/produkt\/mercedes-benz-electric-coupling-a2105407481\/#primaryimage"},"image":{"@id":"https:\/\/derkabeldoc.de\/en\/produkt\/mercedes-benz-electric-coupling-a2105407481\/#primaryimage"},"thumbnailUrl":"https:\/\/derkabeldoc.de\/wp-content\/uploads\/2025\/09\/A2105407481mitKabel.png","datePublished":"2025-09-12T10:25:47+00:00","dateModified":"2025-10-25T07:12:19+00:00","description":"Mercedes-Benz Connector A2105407481 - available as connector only, with crimp contacts, or pre-wired with FEP cable. Mercedes-Benz quality for repair & retrofitting.","breadcrumb":{"@id":"https:\/\/derkabeldoc.de\/en\/produkt\/mercedes-benz-electric-coupling-a2105407481\/#breadcrumb"},"inLanguage":"en-US","potentialAction":[{"@type":"ReadAction","target":["https:\/\/derkabeldoc.de\/en\/produkt\/mercedes-benz-electric-coupling-a2105407481\/"]}]},{"@type":"ImageObject","inLanguage":"en-US","@id":"https:\/\/derkabeldoc.de\/en\/produkt\/mercedes-benz-electric-coupling-a2105407481\/#primaryimage","url":"https:\/\/derkabeldoc.de\/wp-content\/uploads\/2025\/09\/A2105407481mitKabel.png","contentUrl":"https:\/\/derkabeldoc.de\/wp-content\/uploads\/2025\/09\/A2105407481mitKabel.png","width":1777,"height":1321},{"@type":"BreadcrumbList","@id":"https:\/\/derkabeldoc.de\/en\/produkt\/mercedes-benz-electric-coupling-a2105407481\/#breadcrumb","itemListElement":[{"@type":"ListItem","position":1,"name":"Startseite","item":"https:\/\/derkabeldoc.de\/en\/shop\/"},{"@type":"ListItem","position":2,"name":"Home","item":"https:\/\/derkabeldoc.de\/"},{"@type":"ListItem","position":3,"name":"Mercedes-Benz Electric Coupling A2105407481"}]},{"@type":"WebSite","@id":"https:\/\/derkabeldoc.de\/en\/#website","url":"https:\/\/derkabeldoc.de\/en\/","name":"DerKabeldoc.de","description":"Vertrauen Sie auf Qualit\u00e4t und Innovation \u2013 w\u00e4hlen Sie unseren Kabelbaum. Erleben Sie Spitzenqualit\u00e4t und Zuverl\u00e4ssigkeit.","publisher":{"@id":"https:\/\/derkabeldoc.de\/en\/#organization"},"potentialAction":[{"@type":"SearchAction","target":{"@type":"EntryPoint","urlTemplate":"https:\/\/derkabeldoc.de\/en\/?s={search_term_string}"},"query-input":{"@type":"PropertyValueSpecification","valueRequired":true,"valueName":"search_term_string"}}],"inLanguage":"en-US"},{"@type":"Organization","@id":"https:\/\/derkabeldoc.de\/en\/#organization","name":"DerKabeldoc.de","url":"https:\/\/derkabeldoc.de\/en\/","logo":{"@type":"ImageObject","inLanguage":"en-US","@id":"https:\/\/derkabeldoc.de\/en\/#\/schema\/logo\/image\/","url":"https:\/\/derkabeldoc.de\/wp-content\/uploads\/2023\/01\/cropped-Screenshot-2023-01-30-222446-e1675196845195.jpg","contentUrl":"https:\/\/derkabeldoc.de\/wp-content\/uploads\/2023\/01\/cropped-Screenshot-2023-01-30-222446-e1675196845195.jpg","width":512,"height":512,"caption":"DerKabeldoc.de"},"image":{"@id":"https:\/\/derkabeldoc.de\/en\/#\/schema\/logo\/image\/"}}]}},"uagb_featured_image_src":{"full":["https:\/\/derkabeldoc.de\/wp-content\/uploads\/2025\/09\/A2105407481mitKabel.png",1777,1321,false],"thumbnail":["https:\/\/derkabeldoc.de\/wp-content\/uploads\/2025\/09\/A2105407481mitKabel-150x150.png",150,150,true],"medium":["https:\/\/derkabeldoc.de\/wp-content\/uploads\/2025\/09\/A2105407481mitKabel-300x223.png",300,223,true],"medium_large":["https:\/\/derkabeldoc.de\/wp-content\/uploads\/2025\/09\/A2105407481mitKabel-768x571.png",768,571,true],"large":["https:\/\/derkabeldoc.de\/wp-content\/uploads\/2025\/09\/A2105407481mitKabel-1024x761.png",1024,761,true],"1536x1536":["https:\/\/derkabeldoc.de\/wp-content\/uploads\/2025\/09\/A2105407481mitKabel-1536x1142.png",1536,1142,true],"2048x2048":["https:\/\/derkabeldoc.de\/wp-content\/uploads\/2025\/09\/A2105407481mitKabel.png",1777,1321,false],"et-pb-post-main-image":["https:\/\/derkabeldoc.de\/wp-content\/uploads\/2025\/09\/A2105407481mitKabel-400x250.png",400,250,true],"et-pb-post-main-image-fullwidth":["https:\/\/derkabeldoc.de\/wp-content\/uploads\/2025\/09\/A2105407481mitKabel-1080x675.png",1080,675,true],"et-pb-portfolio-image":["https:\/\/derkabeldoc.de\/wp-content\/uploads\/2025\/09\/A2105407481mitKabel-400x284.png",400,284,true],"et-pb-portfolio-module-image":["https:\/\/derkabeldoc.de\/wp-content\/uploads\/2025\/09\/A2105407481mitKabel-510x382.png",510,382,true],"et-pb-portfolio-image-single":["https:\/\/derkabeldoc.de\/wp-content\/uploads\/2025\/09\/A2105407481mitKabel-1080x803.png",1080,803,true],"et-pb-gallery-module-image-portrait":["https:\/\/derkabeldoc.de\/wp-content\/uploads\/2025\/09\/A2105407481mitKabel-400x516.png",400,516,true],"et-pb-post-main-image-fullwidth-large":["https:\/\/derkabeldoc.de\/wp-content\/uploads\/2025\/09\/A2105407481mitKabel.png",1777,1321,false],"et-pb-image--responsive--desktop":["https:\/\/derkabeldoc.de\/wp-content\/uploads\/2025\/09\/A2105407481mitKabel-1280x952.png",968,720,true],"et-pb-image--responsive--tablet":["https:\/\/derkabeldoc.de\/wp-content\/uploads\/2025\/09\/A2105407481mitKabel-980x729.png",741,551,true],"et-pb-image--responsive--phone":["https:\/\/derkabeldoc.de\/wp-content\/uploads\/2025\/09\/A2105407481mitKabel-480x357.png",363,270,true],"cfw_cart_thumb":["https:\/\/derkabeldoc.de\/wp-content\/uploads\/2025\/09\/A2105407481mitKabel-60x45.png",60,45,true],"cfw_order_bump_thumb":["https:\/\/derkabeldoc.de\/wp-content\/uploads\/2025\/09\/A2105407481mitKabel.png",320,238,false],"woocommerce_thumbnail":["https:\/\/derkabeldoc.de\/wp-content\/uploads\/2025\/09\/A2105407481mitKabel-300x300.png",300,300,true],"woocommerce_single":["https:\/\/derkabeldoc.de\/wp-content\/uploads\/2025\/09\/A2105407481mitKabel-600x446.png",600,446,true],"woocommerce_gallery_thumbnail":["https:\/\/derkabeldoc.de\/wp-content\/uploads\/2025\/09\/A2105407481mitKabel-100x100.png",100,100,true]},"uagb_author_info":{"display_name":"admin","author_link":"https:\/\/derkabeldoc.de\/en\/author\/"},"uagb_comment_info":0,"uagb_excerpt":"NEW","_links":{"self":[{"href":"https:\/\/derkabeldoc.de\/en\/wp-json\/wp\/v2\/product\/1568","targetHints":{"allow":["GET"]}}],"collection":[{"href":"https:\/\/derkabeldoc.de\/en\/wp-json\/wp\/v2\/product"}],"about":[{"href":"https:\/\/derkabeldoc.de\/en\/wp-json\/wp\/v2\/types\/product"}],"wp:featuredmedia":[{"embeddable":true,"href":"https:\/\/derkabeldoc.de\/en\/wp-json\/wp\/v2\/media\/1581"}],"wp:attachment":[{"href":"https:\/\/derkabeldoc.de\/en\/wp-json\/wp\/v2\/media?parent=1568"}],"wp:term":[{"taxonomy":"product_brand","embeddable":true,"href":"https:\/\/derkabeldoc.de\/en\/wp-json\/wp\/v2\/product_brand?post=1568"},{"taxonomy":"product_cat","embeddable":true,"href":"https:\/\/derkabeldoc.de\/en\/wp-json\/wp\/v2\/product_cat?post=1568"},{"taxonomy":"product_tag","embeddable":true,"href":"https:\/\/derkabeldoc.de\/en\/wp-json\/wp\/v2\/product_tag?post=1568"}],"curies":[{"name":"wp","href":"https:\/\/api.w.org\/{rel}","templated":true}]}}