
{"id":1545,"date":"2025-08-14T15:28:55","date_gmt":"2025-08-14T15:28:55","guid":{"rendered":"https:\/\/derkabeldoc.de\/produkt\/positive-cable-starter-cable-signal-cables-w124-m119-a1245402730\/"},"modified":"2025-08-14T15:28:55","modified_gmt":"2025-08-14T15:28:55","slug":"positive-cable-starter-cable-signal-cables-w124-m119-a1245402730","status":"publish","type":"product","link":"https:\/\/derkabeldoc.de\/en\/produkt\/positive-cable-starter-cable-signal-cables-w124-m119-a1245402730\/","title":{"rendered":"Positive Cable, Starter Cable, Signal Cables W124 M119 A1245402730"},"content":{"rendered":"<p data-start=\"319\" data-end=\"763\">With the <strong data-start=\"324\" data-end=\"356\">Mercedes W124 with M119 engine<\/strong>, there is a common problem:<br data-start=\"390\" data-end=\"393\">The control and signal cables in the original positive cable harness (OE A124 540 27 30) were produced at the factory with a <strong data-start=\"501\" data-end=\"534\">defective material compound<\/strong>.<br data-start=\"546\" data-end=\"549\">The result becomes apparent after many years: The insulation becomes brittle, breaks open and exposes the bare copper. The consequences range from sporadic misfires to starting failures or short circuits. <\/p>\n<p data-start=\"765\" data-end=\"1144\">Our repair kit is <strong data-start=\"789\" data-end=\"800\">new,<\/strong> not a reconditioned used part, and specifically replaces these fault-prone cable harnesses.<br data-start=\"892\" data-end=\"895\">The heavy-duty main power cables to the alternator and starter remain untouched because they cause no problems.<\/p>\n<hr data-start=\"1146\" data-end=\"1149\">\n<h3 data-start=\"1151\" data-end=\"1171\"><\/h3>\n<h3 data-start=\"1151\" data-end=\"1171\"><strong data-start=\"1155\" data-end=\"1169\">Fits:<\/strong><\/h3>\n<ul data-start=\"1172\" data-end=\"1252\">\n<li data-start=\"1172\" data-end=\"1204\">\n<p data-start=\"1174\" data-end=\"1204\">Mercedes W124 500E \/ E60 AMG<\/p>\n<\/li>\n<li data-start=\"1205\" data-end=\"1223\">\n<p data-start=\"1207\" data-end=\"1223\">Engine M119.974<\/p>\n<\/li>\n<li data-start=\"1224\" data-end=\"1252\">\n<p data-start=\"1226\" data-end=\"1252\">OE Number A124 540 27 30<\/p>\n<\/li>\n<\/ul>\n<hr data-start=\"1254\" data-end=\"1257\">\n<h3 data-start=\"1259\" data-end=\"1291\"><\/h3>\n<h3 data-start=\"1259\" data-end=\"1291\"><strong data-start=\"1263\" data-end=\"1289\">Technical Specifications:<\/strong><\/h3>\n<ul data-start=\"1292\" data-end=\"1596\">\n<li data-start=\"1292\" data-end=\"1369\">\n<p data-start=\"1294\" data-end=\"1369\"><strong data-start=\"1294\" data-end=\"1322\">High-quality silicone cables<\/strong> up to over 200\u00b0C \u2013 significantly more flexible and durable than PVC<\/p>\n<\/li>\n<li data-start=\"1370\" data-end=\"1455\">\n<p data-start=\"1372\" data-end=\"1455\"><strong data-start=\"1372\" data-end=\"1395\">Fiberglass sleeves<\/strong> \u2013 additional protection against chafing and external influences<\/p>\n<\/li>\n<li data-start=\"1456\" data-end=\"1496\">\n<p data-start=\"1458\" data-end=\"1496\">Precisely manufactured to original dimensions<\/p>\n<\/li>\n<li data-start=\"1497\" data-end=\"1533\">\n<p data-start=\"1499\" data-end=\"1533\">Handcrafted \u2013 <strong data-start=\"1512\" data-end=\"1531\">Made in Germany<\/strong><\/p>\n<\/li>\n<li data-start=\"1534\" data-end=\"1596\">\n<p data-start=\"1536\" data-end=\"1596\">Ready to install \u2013 remove old sensor cables, insert new ones<\/p>\n<\/li>\n<\/ul>\n<hr data-start=\"1598\" data-end=\"1601\">\n<p>&nbsp;<\/p>\n<p><strong>The offer refers to the following part number:<\/strong><\/p>\n<p>A1245402730<\/p>\n<p>&nbsp;<\/p>\n","protected":false},"excerpt":{"rendered":"<p>With the Mercedes W124 with M119 engine, there is a common problem:The control and signal cables in the original positive cable harness (OE A124 540 27 30) were produced at the factory with a defective material compound.The result becomes apparent after many years: The insulation becomes brittle, breaks open and exposes the bare copper. The [&hellip;]<\/p>\n","protected":false},"featured_media":0,"template":"","meta":{"_et_pb_use_builder":"","_et_pb_old_content":"","_et_gb_content_width":"","_uag_custom_page_level_css":""},"product_brand":[],"product_cat":[870,900,903],"product_tag":[1184,1180,1183,1181,1182,871,946,907,947],"class_list":{"0":"post-1545","1":"product","2":"type-product","3":"status-publish","5":"product_cat-m119","6":"product_cat-positive-cable","7":"product_cat-r129","8":"product_tag-a1295400530","9":"product_tag-a1295401230","10":"product_tag-a1295402230","11":"product_tag-a1295402430","12":"product_tag-a1295402630","13":"product_tag-m119","14":"product_tag-positive-cable","15":"product_tag-r129","16":"product_tag-sl","18":"first","19":"instock","20":"taxable","21":"shipping-taxable","22":"purchasable","23":"product-type-simple"},"yoast_head":"<!-- This site is optimized with the Yoast SEO plugin v27.4 - https:\/\/yoast.com\/product\/yoast-seo-wordpress\/ -->\n<title>Positive Cable, Starter Cable W124 M119 A1245402730<\/title>\n<meta name=\"description\" content=\"New Product!: Repair Kit Positive Cable A1245402730 for Mercedes W124 M119. Durable silicone cables instead of brittle original cables \u2013 Made in Germany.\" \/>\n<meta name=\"robots\" content=\"index, follow, max-snippet:-1, max-image-preview:large, max-video-preview:-1\" \/>\n<link rel=\"canonical\" href=\"https:\/\/derkabeldoc.de\/en\/produkt\/positive-cable-starter-cable-signal-cables-w124-m119-a1245402730\/\" \/>\n<meta property=\"og:locale\" content=\"en_US\" \/>\n<meta property=\"og:type\" content=\"article\" \/>\n<meta property=\"og:title\" content=\"Positive Cable, Starter Cable W124 M119 A1245402730\" \/>\n<meta property=\"og:description\" content=\"New Product!: Repair Kit Positive Cable A1245402730 for Mercedes W124 M119. Durable silicone cables instead of brittle original cables \u2013 Made in Germany.\" \/>\n<meta property=\"og:url\" content=\"https:\/\/derkabeldoc.de\/en\/produkt\/positive-cable-starter-cable-signal-cables-w124-m119-a1245402730\/\" \/>\n<meta property=\"og:site_name\" content=\"DerKabeldoc.de\" \/>\n<meta property=\"og:image\" content=\"https:\/\/derkabeldoc.de\/wp-content\/uploads\/2025\/08\/A1245402730.png\" \/>\n\t<meta property=\"og:image:width\" content=\"2116\" \/>\n\t<meta property=\"og:image:height\" content=\"1575\" \/>\n\t<meta property=\"og:image:type\" content=\"image\/png\" \/>\n<meta name=\"twitter:card\" content=\"summary_large_image\" \/>\n<meta name=\"twitter:label1\" content=\"Est. reading time\" \/>\n\t<meta name=\"twitter:data1\" content=\"1 minute\" \/>\n<script type=\"application\/ld+json\" class=\"yoast-schema-graph\">{\"@context\":\"https:\\\/\\\/schema.org\",\"@graph\":[{\"@type\":\"WebPage\",\"@id\":\"https:\\\/\\\/derkabeldoc.de\\\/en\\\/produkt\\\/positive-cable-starter-cable-signal-cables-w124-m119-a1245402730\\\/\",\"url\":\"https:\\\/\\\/derkabeldoc.de\\\/en\\\/produkt\\\/positive-cable-starter-cable-signal-cables-w124-m119-a1245402730\\\/\",\"name\":\"Positive Cable, Starter Cable W124 M119 A1245402730\",\"isPartOf\":{\"@id\":\"https:\\\/\\\/derkabeldoc.de\\\/en\\\/#website\"},\"datePublished\":\"2025-08-14T15:28:55+00:00\",\"description\":\"New Product!: Repair Kit Positive Cable A1245402730 for Mercedes W124 M119. Durable silicone cables instead of brittle original cables \u2013 Made in Germany.\",\"breadcrumb\":{\"@id\":\"https:\\\/\\\/derkabeldoc.de\\\/en\\\/produkt\\\/positive-cable-starter-cable-signal-cables-w124-m119-a1245402730\\\/#breadcrumb\"},\"inLanguage\":\"en-US\",\"potentialAction\":[{\"@type\":\"ReadAction\",\"target\":[\"https:\\\/\\\/derkabeldoc.de\\\/en\\\/produkt\\\/positive-cable-starter-cable-signal-cables-w124-m119-a1245402730\\\/\"]}]},{\"@type\":\"BreadcrumbList\",\"@id\":\"https:\\\/\\\/derkabeldoc.de\\\/en\\\/produkt\\\/positive-cable-starter-cable-signal-cables-w124-m119-a1245402730\\\/#breadcrumb\",\"itemListElement\":[{\"@type\":\"ListItem\",\"position\":1,\"name\":\"Startseite\",\"item\":\"https:\\\/\\\/derkabeldoc.de\\\/en\\\/shop\\\/\"},{\"@type\":\"ListItem\",\"position\":2,\"name\":\"Home\",\"item\":\"https:\\\/\\\/derkabeldoc.de\\\/\"},{\"@type\":\"ListItem\",\"position\":3,\"name\":\"Positive Cable, Starter Cable, Signal Cables W124 M119 A1245402730\"}]},{\"@type\":\"WebSite\",\"@id\":\"https:\\\/\\\/derkabeldoc.de\\\/en\\\/#website\",\"url\":\"https:\\\/\\\/derkabeldoc.de\\\/en\\\/\",\"name\":\"DerKabeldoc.de\",\"description\":\"Vertrauen Sie auf Qualit\u00e4t und Innovation \u2013 w\u00e4hlen Sie unseren Kabelbaum. Erleben Sie Spitzenqualit\u00e4t und Zuverl\u00e4ssigkeit.\",\"publisher\":{\"@id\":\"https:\\\/\\\/derkabeldoc.de\\\/en\\\/#organization\"},\"potentialAction\":[{\"@type\":\"SearchAction\",\"target\":{\"@type\":\"EntryPoint\",\"urlTemplate\":\"https:\\\/\\\/derkabeldoc.de\\\/en\\\/?s={search_term_string}\"},\"query-input\":{\"@type\":\"PropertyValueSpecification\",\"valueRequired\":true,\"valueName\":\"search_term_string\"}}],\"inLanguage\":\"en-US\"},{\"@type\":\"Organization\",\"@id\":\"https:\\\/\\\/derkabeldoc.de\\\/en\\\/#organization\",\"name\":\"DerKabeldoc.de\",\"url\":\"https:\\\/\\\/derkabeldoc.de\\\/en\\\/\",\"logo\":{\"@type\":\"ImageObject\",\"inLanguage\":\"en-US\",\"@id\":\"https:\\\/\\\/derkabeldoc.de\\\/en\\\/#\\\/schema\\\/logo\\\/image\\\/\",\"url\":\"https:\\\/\\\/derkabeldoc.de\\\/wp-content\\\/uploads\\\/2023\\\/01\\\/cropped-Screenshot-2023-01-30-222446-e1675196845195.jpg\",\"contentUrl\":\"https:\\\/\\\/derkabeldoc.de\\\/wp-content\\\/uploads\\\/2023\\\/01\\\/cropped-Screenshot-2023-01-30-222446-e1675196845195.jpg\",\"width\":512,\"height\":512,\"caption\":\"DerKabeldoc.de\"},\"image\":{\"@id\":\"https:\\\/\\\/derkabeldoc.de\\\/en\\\/#\\\/schema\\\/logo\\\/image\\\/\"}}]}<\/script>\n<!-- \/ Yoast SEO plugin. -->","yoast_head_json":{"title":"Positive Cable, Starter Cable W124 M119 A1245402730","description":"New Product!: Repair Kit Positive Cable A1245402730 for Mercedes W124 M119. Durable silicone cables instead of brittle original cables \u2013 Made in Germany.","robots":{"index":"index","follow":"follow","max-snippet":"max-snippet:-1","max-image-preview":"max-image-preview:large","max-video-preview":"max-video-preview:-1"},"canonical":"https:\/\/derkabeldoc.de\/en\/produkt\/positive-cable-starter-cable-signal-cables-w124-m119-a1245402730\/","og_locale":"en_US","og_type":"article","og_title":"Positive Cable, Starter Cable W124 M119 A1245402730","og_description":"New Product!: Repair Kit Positive Cable A1245402730 for Mercedes W124 M119. Durable silicone cables instead of brittle original cables \u2013 Made in Germany.","og_url":"https:\/\/derkabeldoc.de\/en\/produkt\/positive-cable-starter-cable-signal-cables-w124-m119-a1245402730\/","og_site_name":"DerKabeldoc.de","og_image":[{"width":2116,"height":1575,"url":"https:\/\/derkabeldoc.de\/wp-content\/uploads\/2025\/08\/A1245402730.png","type":"image\/png"}],"twitter_card":"summary_large_image","twitter_misc":{"Est. reading time":"1 minute"},"schema":{"@context":"https:\/\/schema.org","@graph":[{"@type":"WebPage","@id":"https:\/\/derkabeldoc.de\/en\/produkt\/positive-cable-starter-cable-signal-cables-w124-m119-a1245402730\/","url":"https:\/\/derkabeldoc.de\/en\/produkt\/positive-cable-starter-cable-signal-cables-w124-m119-a1245402730\/","name":"Positive Cable, Starter Cable W124 M119 A1245402730","isPartOf":{"@id":"https:\/\/derkabeldoc.de\/en\/#website"},"datePublished":"2025-08-14T15:28:55+00:00","description":"New Product!: Repair Kit Positive Cable A1245402730 for Mercedes W124 M119. Durable silicone cables instead of brittle original cables \u2013 Made in Germany.","breadcrumb":{"@id":"https:\/\/derkabeldoc.de\/en\/produkt\/positive-cable-starter-cable-signal-cables-w124-m119-a1245402730\/#breadcrumb"},"inLanguage":"en-US","potentialAction":[{"@type":"ReadAction","target":["https:\/\/derkabeldoc.de\/en\/produkt\/positive-cable-starter-cable-signal-cables-w124-m119-a1245402730\/"]}]},{"@type":"BreadcrumbList","@id":"https:\/\/derkabeldoc.de\/en\/produkt\/positive-cable-starter-cable-signal-cables-w124-m119-a1245402730\/#breadcrumb","itemListElement":[{"@type":"ListItem","position":1,"name":"Startseite","item":"https:\/\/derkabeldoc.de\/en\/shop\/"},{"@type":"ListItem","position":2,"name":"Home","item":"https:\/\/derkabeldoc.de\/"},{"@type":"ListItem","position":3,"name":"Positive Cable, Starter Cable, Signal Cables W124 M119 A1245402730"}]},{"@type":"WebSite","@id":"https:\/\/derkabeldoc.de\/en\/#website","url":"https:\/\/derkabeldoc.de\/en\/","name":"DerKabeldoc.de","description":"Vertrauen Sie auf Qualit\u00e4t und Innovation \u2013 w\u00e4hlen Sie unseren Kabelbaum. Erleben Sie Spitzenqualit\u00e4t und Zuverl\u00e4ssigkeit.","publisher":{"@id":"https:\/\/derkabeldoc.de\/en\/#organization"},"potentialAction":[{"@type":"SearchAction","target":{"@type":"EntryPoint","urlTemplate":"https:\/\/derkabeldoc.de\/en\/?s={search_term_string}"},"query-input":{"@type":"PropertyValueSpecification","valueRequired":true,"valueName":"search_term_string"}}],"inLanguage":"en-US"},{"@type":"Organization","@id":"https:\/\/derkabeldoc.de\/en\/#organization","name":"DerKabeldoc.de","url":"https:\/\/derkabeldoc.de\/en\/","logo":{"@type":"ImageObject","inLanguage":"en-US","@id":"https:\/\/derkabeldoc.de\/en\/#\/schema\/logo\/image\/","url":"https:\/\/derkabeldoc.de\/wp-content\/uploads\/2023\/01\/cropped-Screenshot-2023-01-30-222446-e1675196845195.jpg","contentUrl":"https:\/\/derkabeldoc.de\/wp-content\/uploads\/2023\/01\/cropped-Screenshot-2023-01-30-222446-e1675196845195.jpg","width":512,"height":512,"caption":"DerKabeldoc.de"},"image":{"@id":"https:\/\/derkabeldoc.de\/en\/#\/schema\/logo\/image\/"}}]}},"uagb_featured_image_src":{"full":false,"thumbnail":false,"medium":false,"medium_large":false,"large":false,"1536x1536":false,"2048x2048":false,"et-pb-post-main-image":false,"et-pb-post-main-image-fullwidth":false,"et-pb-portfolio-image":false,"et-pb-portfolio-module-image":false,"et-pb-portfolio-image-single":false,"et-pb-gallery-module-image-portrait":false,"et-pb-post-main-image-fullwidth-large":false,"et-pb-image--responsive--desktop":false,"et-pb-image--responsive--tablet":false,"et-pb-image--responsive--phone":false,"cfw_cart_thumb":false,"cfw_order_bump_thumb":false,"woocommerce_thumbnail":false,"woocommerce_single":false,"woocommerce_gallery_thumbnail":false},"uagb_author_info":{"display_name":"admin","author_link":"https:\/\/derkabeldoc.de\/en\/author\/"},"uagb_comment_info":0,"uagb_excerpt":"With the Mercedes W124 with M119 engine, there is a common problem:The control and signal cables in the original positive cable harness (OE A124 540 27 30) were produced at the factory with a defective material compound.The result becomes apparent after many years: The insulation becomes brittle, breaks open and exposes the bare copper. The&hellip;","_links":{"self":[{"href":"https:\/\/derkabeldoc.de\/en\/wp-json\/wp\/v2\/product\/1545","targetHints":{"allow":["GET"]}}],"collection":[{"href":"https:\/\/derkabeldoc.de\/en\/wp-json\/wp\/v2\/product"}],"about":[{"href":"https:\/\/derkabeldoc.de\/en\/wp-json\/wp\/v2\/types\/product"}],"wp:attachment":[{"href":"https:\/\/derkabeldoc.de\/en\/wp-json\/wp\/v2\/media?parent=1545"}],"wp:term":[{"taxonomy":"product_brand","embeddable":true,"href":"https:\/\/derkabeldoc.de\/en\/wp-json\/wp\/v2\/product_brand?post=1545"},{"taxonomy":"product_cat","embeddable":true,"href":"https:\/\/derkabeldoc.de\/en\/wp-json\/wp\/v2\/product_cat?post=1545"},{"taxonomy":"product_tag","embeddable":true,"href":"https:\/\/derkabeldoc.de\/en\/wp-json\/wp\/v2\/product_tag?post=1545"}],"curies":[{"name":"wp","href":"https:\/\/api.w.org\/{rel}","templated":true}]}}