
{"id":1543,"date":"2025-09-08T13:36:59","date_gmt":"2025-09-08T13:36:59","guid":{"rendered":"https:\/\/derkabeldoc.de\/produkt\/mercedes-benz-connector-housing-a0125450528-with-solder-contact-original-part\/"},"modified":"2025-09-08T13:36:59","modified_gmt":"2025-09-08T13:36:59","slug":"mercedes-benz-connector-housing-a0125450528-with-solder-contact-original-part","status":"publish","type":"product","link":"https:\/\/derkabeldoc.de\/en\/produkt\/mercedes-benz-connector-housing-a0125450528-with-solder-contact-original-part\/","title":{"rendered":"Mercedes-Benz Connector Housing A0125450528 with Solder Contact Original Part"},"content":{"rendered":"<p data-start=\"80\" data-end=\"567\">The <strong data-start=\"114\" data-end=\"179\">Mercedes-Benz Connector Housing A0125450528 including Solder Contact<\/strong> is a high-quality original spare part for reliable connection and signal transmission in electrical vehicle systems. It features precise fit, durable materials, and easy installation. The included solder contact enables a secure and stable connection, preventing failures and ensuring optimal current flow.  <\/p>\n<p data-start=\"569\" data-end=\"722\">Ideal for Repair, Maintenance, or Retrofitting<\/p>\n<ul data-start=\"724\" data-end=\"900\">\n<li data-start=\"724\" data-end=\"761\">\n<p data-start=\"726\" data-end=\"761\">Original Mercedes-Benz Spare Part<\/p>\n<\/li>\n<li data-start=\"762\" data-end=\"790\">\n<p data-start=\"764\" data-end=\"790\">Part number: A0125450528<\/p>\n<\/li>\n<li data-start=\"791\" data-end=\"815\">\n<p data-start=\"793\" data-end=\"815\">Including Solder Contact<\/p>\n<\/li>\n<li data-start=\"816\" data-end=\"872\">\n<p data-start=\"818\" data-end=\"872\">Robust Connector Housing for Electrical Connections<\/p>\n<\/li>\n<li data-start=\"873\" data-end=\"900\">\n<p data-start=\"875\" data-end=\"900\">Precise Fit and Durable<\/p>\n<\/li>\n<\/ul>\n","protected":false},"excerpt":{"rendered":"<p>The Mercedes-Benz Connector Housing A0125450528 including Solder Contact is a high-quality original spare part for reliable connection and signal transmission in electrical vehicle systems. It features precise fit, durable materials, and easy installation. The included solder contact enables a secure and stable connection, preventing failures and ensuring optimal current flow. Ideal for Repair, Maintenance, or [&hellip;]<\/p>\n","protected":false},"featured_media":0,"template":"","meta":{"_et_pb_use_builder":"","_et_pb_old_content":"","_et_gb_content_width":"","_uag_custom_page_level_css":""},"product_brand":[],"product_cat":[710,887],"product_tag":[1200,1199,888,1163,1037,1162,1165,1167,996,1161,1166,1164],"class_list":{"0":"post-1543","1":"product","2":"type-product","3":"status-publish","5":"product_cat-accessories","6":"product_cat-connector","7":"product_tag-1200","8":"product_tag-a0125450528","9":"product_tag-connector","10":"product_tag-mb-connector-housing-spare-part","11":"product_tag-mercedes","12":"product_tag-mercedes-connector-housing-with-solder-contact","13":"product_tag-mercedes-electrical-connector-housing","14":"product_tag-mercedes-wiring-harness-connector-housing","15":"product_tag-mercedes-benz","16":"product_tag-mercedes-benz-connector-housing-a0115458528","17":"product_tag-mercedes-benz-electrical-spare-parts","18":"product_tag-original-mercedes-benz-connector-housing","19":"product_shipping_class-small","21":"first","22":"instock","23":"taxable","24":"shipping-taxable","25":"purchasable","26":"product-type-simple"},"yoast_head":"<!-- This site is optimized with the Yoast SEO plugin v27.4 - https:\/\/yoast.com\/product\/yoast-seo-wordpress\/ -->\n<title>Mercedes-Benz Connector Housing A0125450528 Including Solder Contact<\/title>\n<meta name=\"description\" content=\"Mercedes-Benz Connector Housing A0125450528 incl. Solder Contact \u2013 Original Spare Part for secure electrical connections. Precise fit &amp; durable.\" \/>\n<meta name=\"robots\" content=\"index, follow, max-snippet:-1, max-image-preview:large, max-video-preview:-1\" \/>\n<link rel=\"canonical\" href=\"https:\/\/derkabeldoc.de\/en\/produkt\/mercedes-benz-connector-housing-a0125450528-with-solder-contact-original-part\/\" \/>\n<meta property=\"og:locale\" content=\"en_US\" \/>\n<meta property=\"og:type\" content=\"article\" \/>\n<meta property=\"og:title\" content=\"Mercedes-Benz Connector Housing A0125450528 Including Solder Contact\" \/>\n<meta property=\"og:description\" content=\"Mercedes-Benz Connector Housing A0125450528 incl. Solder Contact \u2013 Original Spare Part for secure electrical connections. Precise fit &amp; durable.\" \/>\n<meta property=\"og:url\" content=\"https:\/\/derkabeldoc.de\/en\/produkt\/mercedes-benz-connector-housing-a0125450528-with-solder-contact-original-part\/\" \/>\n<meta property=\"og:site_name\" content=\"DerKabeldoc.de\" \/>\n<meta property=\"og:image\" content=\"https:\/\/derkabeldoc.de\/wp-content\/uploads\/2025\/09\/A0125450528-buchsen.png\" \/>\n\t<meta property=\"og:image:width\" content=\"2333\" \/>\n\t<meta property=\"og:image:height\" content=\"1737\" \/>\n\t<meta property=\"og:image:type\" content=\"image\/png\" \/>\n<meta name=\"twitter:card\" content=\"summary_large_image\" \/>\n<script type=\"application\/ld+json\" class=\"yoast-schema-graph\">{\"@context\":\"https:\\\/\\\/schema.org\",\"@graph\":[{\"@type\":\"WebPage\",\"@id\":\"https:\\\/\\\/derkabeldoc.de\\\/en\\\/produkt\\\/mercedes-benz-connector-housing-a0125450528-with-solder-contact-original-part\\\/\",\"url\":\"https:\\\/\\\/derkabeldoc.de\\\/en\\\/produkt\\\/mercedes-benz-connector-housing-a0125450528-with-solder-contact-original-part\\\/\",\"name\":\"Mercedes-Benz Connector Housing A0125450528 Including Solder Contact\",\"isPartOf\":{\"@id\":\"https:\\\/\\\/derkabeldoc.de\\\/en\\\/#website\"},\"datePublished\":\"2025-09-08T13:36:59+00:00\",\"description\":\"Mercedes-Benz Connector Housing A0125450528 incl. Solder Contact \u2013 Original Spare Part for secure electrical connections. Precise fit & durable.\",\"breadcrumb\":{\"@id\":\"https:\\\/\\\/derkabeldoc.de\\\/en\\\/produkt\\\/mercedes-benz-connector-housing-a0125450528-with-solder-contact-original-part\\\/#breadcrumb\"},\"inLanguage\":\"en-US\",\"potentialAction\":[{\"@type\":\"ReadAction\",\"target\":[\"https:\\\/\\\/derkabeldoc.de\\\/en\\\/produkt\\\/mercedes-benz-connector-housing-a0125450528-with-solder-contact-original-part\\\/\"]}]},{\"@type\":\"BreadcrumbList\",\"@id\":\"https:\\\/\\\/derkabeldoc.de\\\/en\\\/produkt\\\/mercedes-benz-connector-housing-a0125450528-with-solder-contact-original-part\\\/#breadcrumb\",\"itemListElement\":[{\"@type\":\"ListItem\",\"position\":1,\"name\":\"Startseite\",\"item\":\"https:\\\/\\\/derkabeldoc.de\\\/en\\\/shop\\\/\"},{\"@type\":\"ListItem\",\"position\":2,\"name\":\"Home\",\"item\":\"https:\\\/\\\/derkabeldoc.de\\\/\"},{\"@type\":\"ListItem\",\"position\":3,\"name\":\"Mercedes-Benz Connector Housing A0125450528 with Solder Contact Original Part\"}]},{\"@type\":\"WebSite\",\"@id\":\"https:\\\/\\\/derkabeldoc.de\\\/en\\\/#website\",\"url\":\"https:\\\/\\\/derkabeldoc.de\\\/en\\\/\",\"name\":\"DerKabeldoc.de\",\"description\":\"Vertrauen Sie auf Qualit\u00e4t und Innovation \u2013 w\u00e4hlen Sie unseren Kabelbaum. Erleben Sie Spitzenqualit\u00e4t und Zuverl\u00e4ssigkeit.\",\"publisher\":{\"@id\":\"https:\\\/\\\/derkabeldoc.de\\\/en\\\/#organization\"},\"potentialAction\":[{\"@type\":\"SearchAction\",\"target\":{\"@type\":\"EntryPoint\",\"urlTemplate\":\"https:\\\/\\\/derkabeldoc.de\\\/en\\\/?s={search_term_string}\"},\"query-input\":{\"@type\":\"PropertyValueSpecification\",\"valueRequired\":true,\"valueName\":\"search_term_string\"}}],\"inLanguage\":\"en-US\"},{\"@type\":\"Organization\",\"@id\":\"https:\\\/\\\/derkabeldoc.de\\\/en\\\/#organization\",\"name\":\"DerKabeldoc.de\",\"url\":\"https:\\\/\\\/derkabeldoc.de\\\/en\\\/\",\"logo\":{\"@type\":\"ImageObject\",\"inLanguage\":\"en-US\",\"@id\":\"https:\\\/\\\/derkabeldoc.de\\\/en\\\/#\\\/schema\\\/logo\\\/image\\\/\",\"url\":\"https:\\\/\\\/derkabeldoc.de\\\/wp-content\\\/uploads\\\/2023\\\/01\\\/cropped-Screenshot-2023-01-30-222446-e1675196845195.jpg\",\"contentUrl\":\"https:\\\/\\\/derkabeldoc.de\\\/wp-content\\\/uploads\\\/2023\\\/01\\\/cropped-Screenshot-2023-01-30-222446-e1675196845195.jpg\",\"width\":512,\"height\":512,\"caption\":\"DerKabeldoc.de\"},\"image\":{\"@id\":\"https:\\\/\\\/derkabeldoc.de\\\/en\\\/#\\\/schema\\\/logo\\\/image\\\/\"}}]}<\/script>\n<!-- \/ Yoast SEO plugin. -->","yoast_head_json":{"title":"Mercedes-Benz Connector Housing A0125450528 Including Solder Contact","description":"Mercedes-Benz Connector Housing A0125450528 incl. Solder Contact \u2013 Original Spare Part for secure electrical connections. Precise fit & durable.","robots":{"index":"index","follow":"follow","max-snippet":"max-snippet:-1","max-image-preview":"max-image-preview:large","max-video-preview":"max-video-preview:-1"},"canonical":"https:\/\/derkabeldoc.de\/en\/produkt\/mercedes-benz-connector-housing-a0125450528-with-solder-contact-original-part\/","og_locale":"en_US","og_type":"article","og_title":"Mercedes-Benz Connector Housing A0125450528 Including Solder Contact","og_description":"Mercedes-Benz Connector Housing A0125450528 incl. Solder Contact \u2013 Original Spare Part for secure electrical connections. Precise fit & durable.","og_url":"https:\/\/derkabeldoc.de\/en\/produkt\/mercedes-benz-connector-housing-a0125450528-with-solder-contact-original-part\/","og_site_name":"DerKabeldoc.de","og_image":[{"width":2333,"height":1737,"url":"https:\/\/derkabeldoc.de\/wp-content\/uploads\/2025\/09\/A0125450528-buchsen.png","type":"image\/png"}],"twitter_card":"summary_large_image","schema":{"@context":"https:\/\/schema.org","@graph":[{"@type":"WebPage","@id":"https:\/\/derkabeldoc.de\/en\/produkt\/mercedes-benz-connector-housing-a0125450528-with-solder-contact-original-part\/","url":"https:\/\/derkabeldoc.de\/en\/produkt\/mercedes-benz-connector-housing-a0125450528-with-solder-contact-original-part\/","name":"Mercedes-Benz Connector Housing A0125450528 Including Solder Contact","isPartOf":{"@id":"https:\/\/derkabeldoc.de\/en\/#website"},"datePublished":"2025-09-08T13:36:59+00:00","description":"Mercedes-Benz Connector Housing A0125450528 incl. Solder Contact \u2013 Original Spare Part for secure electrical connections. Precise fit & durable.","breadcrumb":{"@id":"https:\/\/derkabeldoc.de\/en\/produkt\/mercedes-benz-connector-housing-a0125450528-with-solder-contact-original-part\/#breadcrumb"},"inLanguage":"en-US","potentialAction":[{"@type":"ReadAction","target":["https:\/\/derkabeldoc.de\/en\/produkt\/mercedes-benz-connector-housing-a0125450528-with-solder-contact-original-part\/"]}]},{"@type":"BreadcrumbList","@id":"https:\/\/derkabeldoc.de\/en\/produkt\/mercedes-benz-connector-housing-a0125450528-with-solder-contact-original-part\/#breadcrumb","itemListElement":[{"@type":"ListItem","position":1,"name":"Startseite","item":"https:\/\/derkabeldoc.de\/en\/shop\/"},{"@type":"ListItem","position":2,"name":"Home","item":"https:\/\/derkabeldoc.de\/"},{"@type":"ListItem","position":3,"name":"Mercedes-Benz Connector Housing A0125450528 with Solder Contact Original Part"}]},{"@type":"WebSite","@id":"https:\/\/derkabeldoc.de\/en\/#website","url":"https:\/\/derkabeldoc.de\/en\/","name":"DerKabeldoc.de","description":"Vertrauen Sie auf Qualit\u00e4t und Innovation \u2013 w\u00e4hlen Sie unseren Kabelbaum. Erleben Sie Spitzenqualit\u00e4t und Zuverl\u00e4ssigkeit.","publisher":{"@id":"https:\/\/derkabeldoc.de\/en\/#organization"},"potentialAction":[{"@type":"SearchAction","target":{"@type":"EntryPoint","urlTemplate":"https:\/\/derkabeldoc.de\/en\/?s={search_term_string}"},"query-input":{"@type":"PropertyValueSpecification","valueRequired":true,"valueName":"search_term_string"}}],"inLanguage":"en-US"},{"@type":"Organization","@id":"https:\/\/derkabeldoc.de\/en\/#organization","name":"DerKabeldoc.de","url":"https:\/\/derkabeldoc.de\/en\/","logo":{"@type":"ImageObject","inLanguage":"en-US","@id":"https:\/\/derkabeldoc.de\/en\/#\/schema\/logo\/image\/","url":"https:\/\/derkabeldoc.de\/wp-content\/uploads\/2023\/01\/cropped-Screenshot-2023-01-30-222446-e1675196845195.jpg","contentUrl":"https:\/\/derkabeldoc.de\/wp-content\/uploads\/2023\/01\/cropped-Screenshot-2023-01-30-222446-e1675196845195.jpg","width":512,"height":512,"caption":"DerKabeldoc.de"},"image":{"@id":"https:\/\/derkabeldoc.de\/en\/#\/schema\/logo\/image\/"}}]}},"uagb_featured_image_src":{"full":false,"thumbnail":false,"medium":false,"medium_large":false,"large":false,"1536x1536":false,"2048x2048":false,"et-pb-post-main-image":false,"et-pb-post-main-image-fullwidth":false,"et-pb-portfolio-image":false,"et-pb-portfolio-module-image":false,"et-pb-portfolio-image-single":false,"et-pb-gallery-module-image-portrait":false,"et-pb-post-main-image-fullwidth-large":false,"et-pb-image--responsive--desktop":false,"et-pb-image--responsive--tablet":false,"et-pb-image--responsive--phone":false,"cfw_cart_thumb":false,"cfw_order_bump_thumb":false,"woocommerce_thumbnail":false,"woocommerce_single":false,"woocommerce_gallery_thumbnail":false},"uagb_author_info":{"display_name":"admin","author_link":"https:\/\/derkabeldoc.de\/en\/author\/"},"uagb_comment_info":0,"uagb_excerpt":"The Mercedes-Benz Connector Housing A0125450528 including Solder Contact is a high-quality original spare part for reliable connection and signal transmission in electrical vehicle systems. It features precise fit, durable materials, and easy installation. The included solder contact enables a secure and stable connection, preventing failures and ensuring optimal current flow. Ideal for Repair, Maintenance, or&hellip;","_links":{"self":[{"href":"https:\/\/derkabeldoc.de\/en\/wp-json\/wp\/v2\/product\/1543","targetHints":{"allow":["GET"]}}],"collection":[{"href":"https:\/\/derkabeldoc.de\/en\/wp-json\/wp\/v2\/product"}],"about":[{"href":"https:\/\/derkabeldoc.de\/en\/wp-json\/wp\/v2\/types\/product"}],"wp:attachment":[{"href":"https:\/\/derkabeldoc.de\/en\/wp-json\/wp\/v2\/media?parent=1543"}],"wp:term":[{"taxonomy":"product_brand","embeddable":true,"href":"https:\/\/derkabeldoc.de\/en\/wp-json\/wp\/v2\/product_brand?post=1543"},{"taxonomy":"product_cat","embeddable":true,"href":"https:\/\/derkabeldoc.de\/en\/wp-json\/wp\/v2\/product_cat?post=1543"},{"taxonomy":"product_tag","embeddable":true,"href":"https:\/\/derkabeldoc.de\/en\/wp-json\/wp\/v2\/product_tag?post=1543"}],"curies":[{"name":"wp","href":"https:\/\/api.w.org\/{rel}","templated":true}]}}