
{"id":1502,"date":"2025-02-25T10:52:17","date_gmt":"2025-02-25T10:52:17","guid":{"rendered":"https:\/\/derkabeldoc.de\/produkt\/positive-cable-restoration-r129-m119\/"},"modified":"2025-02-25T10:52:17","modified_gmt":"2025-02-25T10:52:17","slug":"positive-cable-restoration-r129-m119","status":"publish","type":"product","link":"https:\/\/derkabeldoc.de\/en\/produkt\/positive-cable-restoration-r129-m119\/","title":{"rendered":"Positive Cable Restoration R129 M119"},"content":{"rendered":"<h2><\/h2>\n<p><strong>Facts:<\/strong><\/p>\n<ul>\n<li>Coaxial cables up to over 200\u00b0C<\/li>\n<li>Silicone wires up to over 200\u00b0C<\/li>\n<li>Cable protection made of fiberglass sleeve with silicone coating up to 250\u00b0C<\/li>\n<li>RoHS compliant according to RoHS 2011\/65\/EU and 2015\/863\/EU<\/li>\n<\/ul>\n<p><strong>Important:<\/strong> For the restoration of the positive cable&#8217;s signal lines, please send it to us. You will receive an email with further details after your order. <\/p>\n<p>To meet the demands of your vehicle, the materials used are of the highest quality. For example, the silicone and coaxial cables used are heat-resistant up to over 200\u00b0C.  During restoration, we place importance on largely preserving the visual originality of the wiring harnesses. That&#8217;s why we use a fabric protective tape specially developed for the engine compartment as cable protection, just like with factory delivery.  In necessary areas, a fiberglass sleeve with silicone coating is used. This deviates minimally from the original visually, but in return offers much higher quality. The original material loses its flexibility over time, whereas the fiberglass sleeve retains its properties over the years. This is, by the way, heat-resistant up to over 250\u00b0C.   <\/p>\n<p><strong>Simple Ordering Process:<\/strong><\/p>\n<ol>\n<li>Add the service to your cart<\/li>\n<li>Proceed to checkout. You can pay there either with PayPal or by bank transfer. <\/li>\n<li>You will receive a confirmation email. It also contains the shipping address to which you should send your engine wiring harness.  When removing, please ensure that you do not damage any connectors, cut any wires, or break the cable duct. Additionally, this confirmation email contains payment information, should you wish to pay by bank transfer. <\/li>\n<li>You will receive your invoice in a separate email<\/li>\n<li>As soon as your wiring harness arrives, you will receive another notification.<\/li>\n<li>Your wiring harness is restored and on its way to you. We will send you the tracking number. <\/li>\n<\/ol>\n<p>&nbsp;<\/p>\n<p><strong>Professional Installation and Removal of Your Engine Wiring Harness:<\/strong><\/p>\n<p>We are happy to professionally install and remove the wiring harness for you. The work is carried out by prior appointment, so we can ensure everything runs smoothly. Please note that costs may vary depending on the model and effort. Simply contact us for a non-binding consultation or a personalized offer.   <\/p>\n<p>&nbsp;<\/p>\n<p><strong>Any Questions?<\/strong> Call us, send us an email, or use the contact form on our website.<\/p>\n<p>&nbsp;<\/p>\n<p><strong>The offer refers to the following part number:<\/strong><\/p>\n<p>A1295400530<\/p>\n<p>A1295401230<\/p>\n<p>A1295402430<\/p>\n<p>A1295402230<\/p>\n<p>A1295402630<\/p>\n","protected":false},"excerpt":{"rendered":"<p>Facts: Coaxial cables up to over 200\u00b0C Silicone wires up to over 200\u00b0C Cable protection made of fiberglass sleeve with silicone coating up to 250\u00b0C RoHS compliant according to RoHS 2011\/65\/EU and 2015\/863\/EU Important: For the restoration of the positive cable&#8217;s signal lines, please send it to us. You will receive an email with further [&hellip;]<\/p>\n","protected":false},"featured_media":0,"template":"","meta":{"_et_pb_use_builder":"","_et_pb_old_content":"","_et_gb_content_width":"","_uag_custom_page_level_css":""},"product_brand":[],"product_cat":[870,900,903],"product_tag":[1184,1180,1183,1181,1182,871,946,907,947],"class_list":{"0":"post-1502","1":"product","2":"type-product","3":"status-publish","5":"product_cat-m119","6":"product_cat-positive-cable","7":"product_cat-r129","8":"product_tag-a1295400530","9":"product_tag-a1295401230","10":"product_tag-a1295402230","11":"product_tag-a1295402430","12":"product_tag-a1295402630","13":"product_tag-m119","14":"product_tag-positive-cable","15":"product_tag-r129","16":"product_tag-sl","18":"first","19":"instock","20":"taxable","21":"shipping-taxable","22":"purchasable","23":"product-type-simple"},"yoast_head":"<!-- This site is optimized with the Yoast SEO plugin v27.4 - https:\/\/yoast.com\/product\/yoast-seo-wordpress\/ -->\n<title>Positive Cable Restoration R129 M119<\/title>\n<meta name=\"description\" content=\"Discover top quality with our restoration of your positive cable for the Mercedes R129. Quality products for discerning vehicle owners.\" \/>\n<meta name=\"robots\" content=\"index, follow, max-snippet:-1, max-image-preview:large, max-video-preview:-1\" \/>\n<link rel=\"canonical\" href=\"https:\/\/derkabeldoc.de\/en\/produkt\/positive-cable-restoration-r129-m119\/\" \/>\n<meta property=\"og:locale\" content=\"en_US\" \/>\n<meta property=\"og:type\" content=\"article\" \/>\n<meta property=\"og:title\" content=\"Positive Cable Restoration R129 M119\" \/>\n<meta property=\"og:description\" content=\"Discover top quality with our restoration of your positive cable for the Mercedes R129. Quality products for discerning vehicle owners.\" \/>\n<meta property=\"og:url\" content=\"https:\/\/derkabeldoc.de\/en\/produkt\/positive-cable-restoration-r129-m119\/\" \/>\n<meta property=\"og:site_name\" content=\"DerKabeldoc.de\" \/>\n<meta property=\"og:image\" content=\"https:\/\/derkabeldoc.de\/wp-content\/uploads\/2025\/02\/R129-Plus-M119.jpg\" \/>\n\t<meta property=\"og:image:width\" content=\"2075\" \/>\n\t<meta property=\"og:image:height\" content=\"1534\" \/>\n\t<meta property=\"og:image:type\" content=\"image\/jpeg\" \/>\n<meta name=\"twitter:card\" content=\"summary_large_image\" \/>\n<meta name=\"twitter:label1\" content=\"Est. reading time\" \/>\n\t<meta name=\"twitter:data1\" content=\"2 minutes\" \/>\n<script type=\"application\/ld+json\" class=\"yoast-schema-graph\">{\"@context\":\"https:\\\/\\\/schema.org\",\"@graph\":[{\"@type\":\"WebPage\",\"@id\":\"https:\\\/\\\/derkabeldoc.de\\\/en\\\/produkt\\\/positive-cable-restoration-r129-m119\\\/\",\"url\":\"https:\\\/\\\/derkabeldoc.de\\\/en\\\/produkt\\\/positive-cable-restoration-r129-m119\\\/\",\"name\":\"Positive Cable Restoration R129 M119\",\"isPartOf\":{\"@id\":\"https:\\\/\\\/derkabeldoc.de\\\/en\\\/#website\"},\"datePublished\":\"2025-02-25T10:52:17+00:00\",\"description\":\"Discover top quality with our restoration of your positive cable for the Mercedes R129. Quality products for discerning vehicle owners.\",\"breadcrumb\":{\"@id\":\"https:\\\/\\\/derkabeldoc.de\\\/en\\\/produkt\\\/positive-cable-restoration-r129-m119\\\/#breadcrumb\"},\"inLanguage\":\"en-US\",\"potentialAction\":[{\"@type\":\"ReadAction\",\"target\":[\"https:\\\/\\\/derkabeldoc.de\\\/en\\\/produkt\\\/positive-cable-restoration-r129-m119\\\/\"]}]},{\"@type\":\"BreadcrumbList\",\"@id\":\"https:\\\/\\\/derkabeldoc.de\\\/en\\\/produkt\\\/positive-cable-restoration-r129-m119\\\/#breadcrumb\",\"itemListElement\":[{\"@type\":\"ListItem\",\"position\":1,\"name\":\"Startseite\",\"item\":\"https:\\\/\\\/derkabeldoc.de\\\/en\\\/shop\\\/\"},{\"@type\":\"ListItem\",\"position\":2,\"name\":\"Home\",\"item\":\"https:\\\/\\\/derkabeldoc.de\\\/\"},{\"@type\":\"ListItem\",\"position\":3,\"name\":\"Positive Cable Restoration R129 M119\"}]},{\"@type\":\"WebSite\",\"@id\":\"https:\\\/\\\/derkabeldoc.de\\\/en\\\/#website\",\"url\":\"https:\\\/\\\/derkabeldoc.de\\\/en\\\/\",\"name\":\"DerKabeldoc.de\",\"description\":\"Vertrauen Sie auf Qualit\u00e4t und Innovation \u2013 w\u00e4hlen Sie unseren Kabelbaum. Erleben Sie Spitzenqualit\u00e4t und Zuverl\u00e4ssigkeit.\",\"publisher\":{\"@id\":\"https:\\\/\\\/derkabeldoc.de\\\/en\\\/#organization\"},\"potentialAction\":[{\"@type\":\"SearchAction\",\"target\":{\"@type\":\"EntryPoint\",\"urlTemplate\":\"https:\\\/\\\/derkabeldoc.de\\\/en\\\/?s={search_term_string}\"},\"query-input\":{\"@type\":\"PropertyValueSpecification\",\"valueRequired\":true,\"valueName\":\"search_term_string\"}}],\"inLanguage\":\"en-US\"},{\"@type\":\"Organization\",\"@id\":\"https:\\\/\\\/derkabeldoc.de\\\/en\\\/#organization\",\"name\":\"DerKabeldoc.de\",\"url\":\"https:\\\/\\\/derkabeldoc.de\\\/en\\\/\",\"logo\":{\"@type\":\"ImageObject\",\"inLanguage\":\"en-US\",\"@id\":\"https:\\\/\\\/derkabeldoc.de\\\/en\\\/#\\\/schema\\\/logo\\\/image\\\/\",\"url\":\"https:\\\/\\\/derkabeldoc.de\\\/wp-content\\\/uploads\\\/2023\\\/01\\\/cropped-Screenshot-2023-01-30-222446-e1675196845195.jpg\",\"contentUrl\":\"https:\\\/\\\/derkabeldoc.de\\\/wp-content\\\/uploads\\\/2023\\\/01\\\/cropped-Screenshot-2023-01-30-222446-e1675196845195.jpg\",\"width\":512,\"height\":512,\"caption\":\"DerKabeldoc.de\"},\"image\":{\"@id\":\"https:\\\/\\\/derkabeldoc.de\\\/en\\\/#\\\/schema\\\/logo\\\/image\\\/\"}}]}<\/script>\n<!-- \/ Yoast SEO plugin. -->","yoast_head_json":{"title":"Positive Cable Restoration R129 M119","description":"Discover top quality with our restoration of your positive cable for the Mercedes R129. Quality products for discerning vehicle owners.","robots":{"index":"index","follow":"follow","max-snippet":"max-snippet:-1","max-image-preview":"max-image-preview:large","max-video-preview":"max-video-preview:-1"},"canonical":"https:\/\/derkabeldoc.de\/en\/produkt\/positive-cable-restoration-r129-m119\/","og_locale":"en_US","og_type":"article","og_title":"Positive Cable Restoration R129 M119","og_description":"Discover top quality with our restoration of your positive cable for the Mercedes R129. Quality products for discerning vehicle owners.","og_url":"https:\/\/derkabeldoc.de\/en\/produkt\/positive-cable-restoration-r129-m119\/","og_site_name":"DerKabeldoc.de","og_image":[{"width":2075,"height":1534,"url":"https:\/\/derkabeldoc.de\/wp-content\/uploads\/2025\/02\/R129-Plus-M119.jpg","type":"image\/jpeg"}],"twitter_card":"summary_large_image","twitter_misc":{"Est. reading time":"2 minutes"},"schema":{"@context":"https:\/\/schema.org","@graph":[{"@type":"WebPage","@id":"https:\/\/derkabeldoc.de\/en\/produkt\/positive-cable-restoration-r129-m119\/","url":"https:\/\/derkabeldoc.de\/en\/produkt\/positive-cable-restoration-r129-m119\/","name":"Positive Cable Restoration R129 M119","isPartOf":{"@id":"https:\/\/derkabeldoc.de\/en\/#website"},"datePublished":"2025-02-25T10:52:17+00:00","description":"Discover top quality with our restoration of your positive cable for the Mercedes R129. Quality products for discerning vehicle owners.","breadcrumb":{"@id":"https:\/\/derkabeldoc.de\/en\/produkt\/positive-cable-restoration-r129-m119\/#breadcrumb"},"inLanguage":"en-US","potentialAction":[{"@type":"ReadAction","target":["https:\/\/derkabeldoc.de\/en\/produkt\/positive-cable-restoration-r129-m119\/"]}]},{"@type":"BreadcrumbList","@id":"https:\/\/derkabeldoc.de\/en\/produkt\/positive-cable-restoration-r129-m119\/#breadcrumb","itemListElement":[{"@type":"ListItem","position":1,"name":"Startseite","item":"https:\/\/derkabeldoc.de\/en\/shop\/"},{"@type":"ListItem","position":2,"name":"Home","item":"https:\/\/derkabeldoc.de\/"},{"@type":"ListItem","position":3,"name":"Positive Cable Restoration R129 M119"}]},{"@type":"WebSite","@id":"https:\/\/derkabeldoc.de\/en\/#website","url":"https:\/\/derkabeldoc.de\/en\/","name":"DerKabeldoc.de","description":"Vertrauen Sie auf Qualit\u00e4t und Innovation \u2013 w\u00e4hlen Sie unseren Kabelbaum. Erleben Sie Spitzenqualit\u00e4t und Zuverl\u00e4ssigkeit.","publisher":{"@id":"https:\/\/derkabeldoc.de\/en\/#organization"},"potentialAction":[{"@type":"SearchAction","target":{"@type":"EntryPoint","urlTemplate":"https:\/\/derkabeldoc.de\/en\/?s={search_term_string}"},"query-input":{"@type":"PropertyValueSpecification","valueRequired":true,"valueName":"search_term_string"}}],"inLanguage":"en-US"},{"@type":"Organization","@id":"https:\/\/derkabeldoc.de\/en\/#organization","name":"DerKabeldoc.de","url":"https:\/\/derkabeldoc.de\/en\/","logo":{"@type":"ImageObject","inLanguage":"en-US","@id":"https:\/\/derkabeldoc.de\/en\/#\/schema\/logo\/image\/","url":"https:\/\/derkabeldoc.de\/wp-content\/uploads\/2023\/01\/cropped-Screenshot-2023-01-30-222446-e1675196845195.jpg","contentUrl":"https:\/\/derkabeldoc.de\/wp-content\/uploads\/2023\/01\/cropped-Screenshot-2023-01-30-222446-e1675196845195.jpg","width":512,"height":512,"caption":"DerKabeldoc.de"},"image":{"@id":"https:\/\/derkabeldoc.de\/en\/#\/schema\/logo\/image\/"}}]}},"uagb_featured_image_src":{"full":false,"thumbnail":false,"medium":false,"medium_large":false,"large":false,"1536x1536":false,"2048x2048":false,"et-pb-post-main-image":false,"et-pb-post-main-image-fullwidth":false,"et-pb-portfolio-image":false,"et-pb-portfolio-module-image":false,"et-pb-portfolio-image-single":false,"et-pb-gallery-module-image-portrait":false,"et-pb-post-main-image-fullwidth-large":false,"et-pb-image--responsive--desktop":false,"et-pb-image--responsive--tablet":false,"et-pb-image--responsive--phone":false,"cfw_cart_thumb":false,"cfw_order_bump_thumb":false,"woocommerce_thumbnail":false,"woocommerce_single":false,"woocommerce_gallery_thumbnail":false},"uagb_author_info":{"display_name":"admin","author_link":"https:\/\/derkabeldoc.de\/en\/author\/"},"uagb_comment_info":0,"uagb_excerpt":"Facts: Coaxial cables up to over 200\u00b0C Silicone wires up to over 200\u00b0C Cable protection made of fiberglass sleeve with silicone coating up to 250\u00b0C RoHS compliant according to RoHS 2011\/65\/EU and 2015\/863\/EU Important: For the restoration of the positive cable&#8217;s signal lines, please send it to us. You will receive an email with further&hellip;","_links":{"self":[{"href":"https:\/\/derkabeldoc.de\/en\/wp-json\/wp\/v2\/product\/1502","targetHints":{"allow":["GET"]}}],"collection":[{"href":"https:\/\/derkabeldoc.de\/en\/wp-json\/wp\/v2\/product"}],"about":[{"href":"https:\/\/derkabeldoc.de\/en\/wp-json\/wp\/v2\/types\/product"}],"wp:attachment":[{"href":"https:\/\/derkabeldoc.de\/en\/wp-json\/wp\/v2\/media?parent=1502"}],"wp:term":[{"taxonomy":"product_brand","embeddable":true,"href":"https:\/\/derkabeldoc.de\/en\/wp-json\/wp\/v2\/product_brand?post=1502"},{"taxonomy":"product_cat","embeddable":true,"href":"https:\/\/derkabeldoc.de\/en\/wp-json\/wp\/v2\/product_cat?post=1502"},{"taxonomy":"product_tag","embeddable":true,"href":"https:\/\/derkabeldoc.de\/en\/wp-json\/wp\/v2\/product_tag?post=1502"}],"curies":[{"name":"wp","href":"https:\/\/api.w.org\/{rel}","templated":true}]}}