
{"id":1465,"date":"2024-09-28T07:15:10","date_gmt":"2024-09-28T07:15:10","guid":{"rendered":"https:\/\/derkabeldoc.de\/produkt\/mercedes-benz-connector-housing-a0115457128-optional-with-2x-contact-sockets-new\/"},"modified":"2024-09-28T07:15:10","modified_gmt":"2024-09-28T07:15:10","slug":"mercedes-benz-connector-housing-a0115457128-optional-with-2x-contact-sockets-new","status":"publish","type":"product","link":"https:\/\/derkabeldoc.de\/en\/produkt\/mercedes-benz-connector-housing-a0115457128-optional-with-2x-contact-sockets-new\/","title":{"rendered":"Mercedes-Benz Connector Housing A0115457128 Optional with 2x Contact Sockets NEW"},"content":{"rendered":"<ul>\n<li>Production Year 2024<\/li>\n<li>Reference number: &#8220;A0125457128&#8221;<\/li>\n<li>2-pin connector housing<\/li>\n<li>Optional with silver-plated solder contacts<\/li>\n<\/ul>\n","protected":false},"excerpt":{"rendered":"<p>NEW<\/p>\n","protected":false},"featured_media":0,"template":"","meta":{"_et_pb_use_builder":"","_et_pb_old_content":"","_et_gb_content_width":"","_uag_custom_page_level_css":""},"product_brand":[],"product_cat":[710,887],"product_tag":[1116,1115,895,888,889,894,897,896],"class_list":{"0":"post-1465","1":"product","2":"type-product","3":"status-publish","5":"product_cat-accessories","6":"product_cat-connector","7":"product_tag-1116","8":"product_tag-a0125457128","9":"product_tag-clutch","10":"product_tag-connector","11":"product_tag-connector-housing","12":"product_tag-electric-clutch","13":"product_tag-socket-contact","14":"product_tag-solder-contact","15":"product_shipping_class-small","17":"first","18":"instock","19":"taxable","20":"shipping-taxable","21":"purchasable","22":"product-type-variable"},"yoast_head":"<!-- This site is optimized with the Yoast SEO plugin v27.4 - https:\/\/yoast.com\/product\/yoast-seo-wordpress\/ -->\n<title>Mercedes-Benz Connector Housing A0115457128 Optional with 2x Contact Sockets NEW<\/title>\n<meta name=\"description\" content=\"A0125457128: 2-pin connector housing, optional silver terminals, 2024 MB electrical coupling.\" \/>\n<meta name=\"robots\" content=\"index, follow, max-snippet:-1, max-image-preview:large, max-video-preview:-1\" \/>\n<link rel=\"canonical\" href=\"https:\/\/derkabeldoc.de\/en\/produkt\/mercedes-benz-connector-housing-a0115457128-optional-with-2x-contact-sockets-new\/\" \/>\n<meta property=\"og:locale\" content=\"en_US\" \/>\n<meta property=\"og:type\" content=\"article\" \/>\n<meta property=\"og:title\" content=\"Mercedes-Benz Connector Housing A0115457128 Optional with 2x Contact Sockets NEW\" \/>\n<meta property=\"og:description\" content=\"A0125457128: 2-pin connector housing, optional silver terminals, 2024 MB electrical coupling.\" \/>\n<meta property=\"og:url\" content=\"https:\/\/derkabeldoc.de\/en\/produkt\/mercedes-benz-connector-housing-a0115457128-optional-with-2x-contact-sockets-new\/\" \/>\n<meta property=\"og:site_name\" content=\"DerKabeldoc.de\" \/>\n<meta property=\"og:image\" content=\"https:\/\/derkabeldoc.de\/wp-content\/uploads\/2024\/09\/Internet.png\" \/>\n\t<meta property=\"og:image:width\" content=\"2149\" \/>\n\t<meta property=\"og:image:height\" content=\"1590\" \/>\n\t<meta property=\"og:image:type\" content=\"image\/png\" \/>\n<meta name=\"twitter:card\" content=\"summary_large_image\" \/>\n<script type=\"application\/ld+json\" class=\"yoast-schema-graph\">{\"@context\":\"https:\\\/\\\/schema.org\",\"@graph\":[{\"@type\":\"WebPage\",\"@id\":\"https:\\\/\\\/derkabeldoc.de\\\/en\\\/produkt\\\/mercedes-benz-connector-housing-a0115457128-optional-with-2x-contact-sockets-new\\\/\",\"url\":\"https:\\\/\\\/derkabeldoc.de\\\/en\\\/produkt\\\/mercedes-benz-connector-housing-a0115457128-optional-with-2x-contact-sockets-new\\\/\",\"name\":\"Mercedes-Benz Connector Housing A0115457128 Optional with 2x Contact Sockets NEW\",\"isPartOf\":{\"@id\":\"https:\\\/\\\/derkabeldoc.de\\\/en\\\/#website\"},\"datePublished\":\"2024-09-28T07:15:10+00:00\",\"description\":\"A0125457128: 2-pin connector housing, optional silver terminals, 2024 MB electrical coupling.\",\"breadcrumb\":{\"@id\":\"https:\\\/\\\/derkabeldoc.de\\\/en\\\/produkt\\\/mercedes-benz-connector-housing-a0115457128-optional-with-2x-contact-sockets-new\\\/#breadcrumb\"},\"inLanguage\":\"en-US\",\"potentialAction\":[{\"@type\":\"ReadAction\",\"target\":[\"https:\\\/\\\/derkabeldoc.de\\\/en\\\/produkt\\\/mercedes-benz-connector-housing-a0115457128-optional-with-2x-contact-sockets-new\\\/\"]}]},{\"@type\":\"BreadcrumbList\",\"@id\":\"https:\\\/\\\/derkabeldoc.de\\\/en\\\/produkt\\\/mercedes-benz-connector-housing-a0115457128-optional-with-2x-contact-sockets-new\\\/#breadcrumb\",\"itemListElement\":[{\"@type\":\"ListItem\",\"position\":1,\"name\":\"Startseite\",\"item\":\"https:\\\/\\\/derkabeldoc.de\\\/en\\\/shop\\\/\"},{\"@type\":\"ListItem\",\"position\":2,\"name\":\"Home\",\"item\":\"https:\\\/\\\/derkabeldoc.de\\\/\"},{\"@type\":\"ListItem\",\"position\":3,\"name\":\"Mercedes-Benz Connector Housing A0115457128 Optional with 2x Contact Sockets NEW\"}]},{\"@type\":\"WebSite\",\"@id\":\"https:\\\/\\\/derkabeldoc.de\\\/en\\\/#website\",\"url\":\"https:\\\/\\\/derkabeldoc.de\\\/en\\\/\",\"name\":\"DerKabeldoc.de\",\"description\":\"Vertrauen Sie auf Qualit\u00e4t und Innovation \u2013 w\u00e4hlen Sie unseren Kabelbaum. Erleben Sie Spitzenqualit\u00e4t und Zuverl\u00e4ssigkeit.\",\"publisher\":{\"@id\":\"https:\\\/\\\/derkabeldoc.de\\\/en\\\/#organization\"},\"potentialAction\":[{\"@type\":\"SearchAction\",\"target\":{\"@type\":\"EntryPoint\",\"urlTemplate\":\"https:\\\/\\\/derkabeldoc.de\\\/en\\\/?s={search_term_string}\"},\"query-input\":{\"@type\":\"PropertyValueSpecification\",\"valueRequired\":true,\"valueName\":\"search_term_string\"}}],\"inLanguage\":\"en-US\"},{\"@type\":\"Organization\",\"@id\":\"https:\\\/\\\/derkabeldoc.de\\\/en\\\/#organization\",\"name\":\"DerKabeldoc.de\",\"url\":\"https:\\\/\\\/derkabeldoc.de\\\/en\\\/\",\"logo\":{\"@type\":\"ImageObject\",\"inLanguage\":\"en-US\",\"@id\":\"https:\\\/\\\/derkabeldoc.de\\\/en\\\/#\\\/schema\\\/logo\\\/image\\\/\",\"url\":\"https:\\\/\\\/derkabeldoc.de\\\/wp-content\\\/uploads\\\/2023\\\/01\\\/cropped-Screenshot-2023-01-30-222446-e1675196845195.jpg\",\"contentUrl\":\"https:\\\/\\\/derkabeldoc.de\\\/wp-content\\\/uploads\\\/2023\\\/01\\\/cropped-Screenshot-2023-01-30-222446-e1675196845195.jpg\",\"width\":512,\"height\":512,\"caption\":\"DerKabeldoc.de\"},\"image\":{\"@id\":\"https:\\\/\\\/derkabeldoc.de\\\/en\\\/#\\\/schema\\\/logo\\\/image\\\/\"}}]}<\/script>\n<!-- \/ Yoast SEO plugin. -->","yoast_head_json":{"title":"Mercedes-Benz Connector Housing A0115457128 Optional with 2x Contact Sockets NEW","description":"A0125457128: 2-pin connector housing, optional silver terminals, 2024 MB electrical coupling.","robots":{"index":"index","follow":"follow","max-snippet":"max-snippet:-1","max-image-preview":"max-image-preview:large","max-video-preview":"max-video-preview:-1"},"canonical":"https:\/\/derkabeldoc.de\/en\/produkt\/mercedes-benz-connector-housing-a0115457128-optional-with-2x-contact-sockets-new\/","og_locale":"en_US","og_type":"article","og_title":"Mercedes-Benz Connector Housing A0115457128 Optional with 2x Contact Sockets NEW","og_description":"A0125457128: 2-pin connector housing, optional silver terminals, 2024 MB electrical coupling.","og_url":"https:\/\/derkabeldoc.de\/en\/produkt\/mercedes-benz-connector-housing-a0115457128-optional-with-2x-contact-sockets-new\/","og_site_name":"DerKabeldoc.de","og_image":[{"width":2149,"height":1590,"url":"https:\/\/derkabeldoc.de\/wp-content\/uploads\/2024\/09\/Internet.png","type":"image\/png"}],"twitter_card":"summary_large_image","schema":{"@context":"https:\/\/schema.org","@graph":[{"@type":"WebPage","@id":"https:\/\/derkabeldoc.de\/en\/produkt\/mercedes-benz-connector-housing-a0115457128-optional-with-2x-contact-sockets-new\/","url":"https:\/\/derkabeldoc.de\/en\/produkt\/mercedes-benz-connector-housing-a0115457128-optional-with-2x-contact-sockets-new\/","name":"Mercedes-Benz Connector Housing A0115457128 Optional with 2x Contact Sockets NEW","isPartOf":{"@id":"https:\/\/derkabeldoc.de\/en\/#website"},"datePublished":"2024-09-28T07:15:10+00:00","description":"A0125457128: 2-pin connector housing, optional silver terminals, 2024 MB electrical coupling.","breadcrumb":{"@id":"https:\/\/derkabeldoc.de\/en\/produkt\/mercedes-benz-connector-housing-a0115457128-optional-with-2x-contact-sockets-new\/#breadcrumb"},"inLanguage":"en-US","potentialAction":[{"@type":"ReadAction","target":["https:\/\/derkabeldoc.de\/en\/produkt\/mercedes-benz-connector-housing-a0115457128-optional-with-2x-contact-sockets-new\/"]}]},{"@type":"BreadcrumbList","@id":"https:\/\/derkabeldoc.de\/en\/produkt\/mercedes-benz-connector-housing-a0115457128-optional-with-2x-contact-sockets-new\/#breadcrumb","itemListElement":[{"@type":"ListItem","position":1,"name":"Startseite","item":"https:\/\/derkabeldoc.de\/en\/shop\/"},{"@type":"ListItem","position":2,"name":"Home","item":"https:\/\/derkabeldoc.de\/"},{"@type":"ListItem","position":3,"name":"Mercedes-Benz Connector Housing A0115457128 Optional with 2x Contact Sockets NEW"}]},{"@type":"WebSite","@id":"https:\/\/derkabeldoc.de\/en\/#website","url":"https:\/\/derkabeldoc.de\/en\/","name":"DerKabeldoc.de","description":"Vertrauen Sie auf Qualit\u00e4t und Innovation \u2013 w\u00e4hlen Sie unseren Kabelbaum. Erleben Sie Spitzenqualit\u00e4t und Zuverl\u00e4ssigkeit.","publisher":{"@id":"https:\/\/derkabeldoc.de\/en\/#organization"},"potentialAction":[{"@type":"SearchAction","target":{"@type":"EntryPoint","urlTemplate":"https:\/\/derkabeldoc.de\/en\/?s={search_term_string}"},"query-input":{"@type":"PropertyValueSpecification","valueRequired":true,"valueName":"search_term_string"}}],"inLanguage":"en-US"},{"@type":"Organization","@id":"https:\/\/derkabeldoc.de\/en\/#organization","name":"DerKabeldoc.de","url":"https:\/\/derkabeldoc.de\/en\/","logo":{"@type":"ImageObject","inLanguage":"en-US","@id":"https:\/\/derkabeldoc.de\/en\/#\/schema\/logo\/image\/","url":"https:\/\/derkabeldoc.de\/wp-content\/uploads\/2023\/01\/cropped-Screenshot-2023-01-30-222446-e1675196845195.jpg","contentUrl":"https:\/\/derkabeldoc.de\/wp-content\/uploads\/2023\/01\/cropped-Screenshot-2023-01-30-222446-e1675196845195.jpg","width":512,"height":512,"caption":"DerKabeldoc.de"},"image":{"@id":"https:\/\/derkabeldoc.de\/en\/#\/schema\/logo\/image\/"}}]}},"uagb_featured_image_src":{"full":false,"thumbnail":false,"medium":false,"medium_large":false,"large":false,"1536x1536":false,"2048x2048":false,"et-pb-post-main-image":false,"et-pb-post-main-image-fullwidth":false,"et-pb-portfolio-image":false,"et-pb-portfolio-module-image":false,"et-pb-portfolio-image-single":false,"et-pb-gallery-module-image-portrait":false,"et-pb-post-main-image-fullwidth-large":false,"et-pb-image--responsive--desktop":false,"et-pb-image--responsive--tablet":false,"et-pb-image--responsive--phone":false,"cfw_cart_thumb":false,"cfw_order_bump_thumb":false,"woocommerce_thumbnail":false,"woocommerce_single":false,"woocommerce_gallery_thumbnail":false},"uagb_author_info":{"display_name":"admin","author_link":"https:\/\/derkabeldoc.de\/en\/author\/"},"uagb_comment_info":0,"uagb_excerpt":"NEW","_links":{"self":[{"href":"https:\/\/derkabeldoc.de\/en\/wp-json\/wp\/v2\/product\/1465","targetHints":{"allow":["GET"]}}],"collection":[{"href":"https:\/\/derkabeldoc.de\/en\/wp-json\/wp\/v2\/product"}],"about":[{"href":"https:\/\/derkabeldoc.de\/en\/wp-json\/wp\/v2\/types\/product"}],"wp:attachment":[{"href":"https:\/\/derkabeldoc.de\/en\/wp-json\/wp\/v2\/media?parent=1465"}],"wp:term":[{"taxonomy":"product_brand","embeddable":true,"href":"https:\/\/derkabeldoc.de\/en\/wp-json\/wp\/v2\/product_brand?post=1465"},{"taxonomy":"product_cat","embeddable":true,"href":"https:\/\/derkabeldoc.de\/en\/wp-json\/wp\/v2\/product_cat?post=1465"},{"taxonomy":"product_tag","embeddable":true,"href":"https:\/\/derkabeldoc.de\/en\/wp-json\/wp\/v2\/product_tag?post=1465"}],"curies":[{"name":"wp","href":"https:\/\/api.w.org\/{rel}","templated":true}]}}