
{"id":1437,"date":"2024-08-17T10:49:53","date_gmt":"2024-08-17T10:49:53","guid":{"rendered":"https:\/\/derkabeldoc.de\/produkt\/mercedes-benz-maf-sensor-connector-m120-new-part-no-a1404407637\/"},"modified":"2024-08-17T10:49:53","modified_gmt":"2024-08-17T10:49:53","slug":"mercedes-benz-maf-sensor-connector-m120-new-part-no-a1404407637","status":"publish","type":"product","link":"https:\/\/derkabeldoc.de\/en\/produkt\/mercedes-benz-maf-sensor-connector-m120-new-part-no-a1404407637\/","title":{"rendered":"Mercedes-Benz MAF Sensor Connector M120 NEW Part No.: A1404407637"},"content":{"rendered":"<p>&nbsp;<\/p>\n<p>Discover our repair kit (replacement for A1404407637) for the M120 MAF sensor connectors. The ready-to-use connectors are new and from our own production here in Germany. Quality you can rely on.  <\/p>\n<p>Package Contents:<\/p>\n<p>-2x connectors including wiring (Part No.: A1405400036)<\/p>\n<p>-10x crimp contacts (pre-assembled)<\/p>\n<p>-1x M6 cable lugs (pre-assembled)<\/p>\n<p>-Connection instructions (see last image)<\/p>\n","protected":false},"excerpt":{"rendered":"<p>Replacement Connector HFM or LH<\/p>\n","protected":false},"featured_media":0,"template":"","meta":{"_et_pb_use_builder":"","_et_pb_old_content":"","_et_gb_content_width":"","_uag_custom_page_level_css":""},"product_brand":[],"product_cat":[710,887,972,903,904],"product_tag":[1057,1053,1056,1052,856,888,976,995,996,907,908],"class_list":{"0":"post-1437","1":"product","2":"type-product","3":"status-publish","5":"product_cat-accessories","6":"product_cat-connector","7":"product_cat-m120","8":"product_cat-r129","9":"product_cat-w140","10":"product_tag-1057","11":"product_tag-1053","12":"product_tag-a1404407637","13":"product_tag-a1405400036","14":"product_tag-accessories","15":"product_tag-connector","16":"product_tag-m120","17":"product_tag-mass-air-flow-sensor","18":"product_tag-mercedes-benz","19":"product_tag-r129","20":"product_tag-w140","21":"product_shipping_class-small","23":"first","24":"instock","25":"taxable","26":"shipping-taxable","27":"purchasable","28":"product-type-simple"},"yoast_head":"<!-- This site is optimized with the Yoast SEO plugin v27.4 - https:\/\/yoast.com\/product\/yoast-seo-wordpress\/ -->\n<title>Mercedes-Benz MAF Sensor Connector M120 NEW Part No.: A1404407637 - DerKabeldoc.de<\/title>\n<meta name=\"description\" content=\"Made in Germany. As a new part from our own production, we guarantee the highest quality and durability for your vehicle. Part No. A1404407637\" \/>\n<meta name=\"robots\" content=\"index, follow, max-snippet:-1, max-image-preview:large, max-video-preview:-1\" \/>\n<link rel=\"canonical\" href=\"https:\/\/derkabeldoc.de\/en\/produkt\/mercedes-benz-maf-sensor-connector-m120-new-part-no-a1404407637\/\" \/>\n<meta property=\"og:locale\" content=\"en_US\" \/>\n<meta property=\"og:type\" content=\"article\" \/>\n<meta property=\"og:title\" content=\"Mercedes-Benz MAF Sensor Connector M120 NEW Part No.: A1404407637 - DerKabeldoc.de\" \/>\n<meta property=\"og:description\" content=\"Made in Germany. As a new part from our own production, we guarantee the highest quality and durability for your vehicle. Part No. A1404407637\" \/>\n<meta property=\"og:url\" content=\"https:\/\/derkabeldoc.de\/en\/produkt\/mercedes-benz-maf-sensor-connector-m120-new-part-no-a1404407637\/\" \/>\n<meta property=\"og:site_name\" content=\"DerKabeldoc.de\" \/>\n<meta property=\"og:image\" content=\"https:\/\/derkabeldoc.de\/wp-content\/uploads\/2024\/08\/Internet-M120-LMM.jpg\" \/>\n\t<meta property=\"og:image:width\" content=\"2146\" \/>\n\t<meta property=\"og:image:height\" content=\"1606\" \/>\n\t<meta property=\"og:image:type\" content=\"image\/jpeg\" \/>\n<meta name=\"twitter:card\" content=\"summary_large_image\" \/>\n<script type=\"application\/ld+json\" class=\"yoast-schema-graph\">{\"@context\":\"https:\\\/\\\/schema.org\",\"@graph\":[{\"@type\":\"WebPage\",\"@id\":\"https:\\\/\\\/derkabeldoc.de\\\/en\\\/produkt\\\/mercedes-benz-maf-sensor-connector-m120-new-part-no-a1404407637\\\/\",\"url\":\"https:\\\/\\\/derkabeldoc.de\\\/en\\\/produkt\\\/mercedes-benz-maf-sensor-connector-m120-new-part-no-a1404407637\\\/\",\"name\":\"Mercedes-Benz MAF Sensor Connector M120 NEW Part No.: A1404407637 - DerKabeldoc.de\",\"isPartOf\":{\"@id\":\"https:\\\/\\\/derkabeldoc.de\\\/en\\\/#website\"},\"datePublished\":\"2024-08-17T10:49:53+00:00\",\"description\":\"Made in Germany. As a new part from our own production, we guarantee the highest quality and durability for your vehicle. Part No. A1404407637\",\"breadcrumb\":{\"@id\":\"https:\\\/\\\/derkabeldoc.de\\\/en\\\/produkt\\\/mercedes-benz-maf-sensor-connector-m120-new-part-no-a1404407637\\\/#breadcrumb\"},\"inLanguage\":\"en-US\",\"potentialAction\":[{\"@type\":\"ReadAction\",\"target\":[\"https:\\\/\\\/derkabeldoc.de\\\/en\\\/produkt\\\/mercedes-benz-maf-sensor-connector-m120-new-part-no-a1404407637\\\/\"]}]},{\"@type\":\"BreadcrumbList\",\"@id\":\"https:\\\/\\\/derkabeldoc.de\\\/en\\\/produkt\\\/mercedes-benz-maf-sensor-connector-m120-new-part-no-a1404407637\\\/#breadcrumb\",\"itemListElement\":[{\"@type\":\"ListItem\",\"position\":1,\"name\":\"Startseite\",\"item\":\"https:\\\/\\\/derkabeldoc.de\\\/en\\\/shop\\\/\"},{\"@type\":\"ListItem\",\"position\":2,\"name\":\"Home\",\"item\":\"https:\\\/\\\/derkabeldoc.de\\\/\"},{\"@type\":\"ListItem\",\"position\":3,\"name\":\"Mercedes-Benz MAF Sensor Connector M120 NEW Part No.: A1404407637\"}]},{\"@type\":\"WebSite\",\"@id\":\"https:\\\/\\\/derkabeldoc.de\\\/en\\\/#website\",\"url\":\"https:\\\/\\\/derkabeldoc.de\\\/en\\\/\",\"name\":\"DerKabeldoc.de\",\"description\":\"Vertrauen Sie auf Qualit\u00e4t und Innovation \u2013 w\u00e4hlen Sie unseren Kabelbaum. Erleben Sie Spitzenqualit\u00e4t und Zuverl\u00e4ssigkeit.\",\"publisher\":{\"@id\":\"https:\\\/\\\/derkabeldoc.de\\\/en\\\/#organization\"},\"potentialAction\":[{\"@type\":\"SearchAction\",\"target\":{\"@type\":\"EntryPoint\",\"urlTemplate\":\"https:\\\/\\\/derkabeldoc.de\\\/en\\\/?s={search_term_string}\"},\"query-input\":{\"@type\":\"PropertyValueSpecification\",\"valueRequired\":true,\"valueName\":\"search_term_string\"}}],\"inLanguage\":\"en-US\"},{\"@type\":\"Organization\",\"@id\":\"https:\\\/\\\/derkabeldoc.de\\\/en\\\/#organization\",\"name\":\"DerKabeldoc.de\",\"url\":\"https:\\\/\\\/derkabeldoc.de\\\/en\\\/\",\"logo\":{\"@type\":\"ImageObject\",\"inLanguage\":\"en-US\",\"@id\":\"https:\\\/\\\/derkabeldoc.de\\\/en\\\/#\\\/schema\\\/logo\\\/image\\\/\",\"url\":\"https:\\\/\\\/derkabeldoc.de\\\/wp-content\\\/uploads\\\/2023\\\/01\\\/cropped-Screenshot-2023-01-30-222446-e1675196845195.jpg\",\"contentUrl\":\"https:\\\/\\\/derkabeldoc.de\\\/wp-content\\\/uploads\\\/2023\\\/01\\\/cropped-Screenshot-2023-01-30-222446-e1675196845195.jpg\",\"width\":512,\"height\":512,\"caption\":\"DerKabeldoc.de\"},\"image\":{\"@id\":\"https:\\\/\\\/derkabeldoc.de\\\/en\\\/#\\\/schema\\\/logo\\\/image\\\/\"}}]}<\/script>\n<!-- \/ Yoast SEO plugin. -->","yoast_head_json":{"title":"Mercedes-Benz MAF Sensor Connector M120 NEW Part No.: A1404407637 - DerKabeldoc.de","description":"Made in Germany. As a new part from our own production, we guarantee the highest quality and durability for your vehicle. Part No. A1404407637","robots":{"index":"index","follow":"follow","max-snippet":"max-snippet:-1","max-image-preview":"max-image-preview:large","max-video-preview":"max-video-preview:-1"},"canonical":"https:\/\/derkabeldoc.de\/en\/produkt\/mercedes-benz-maf-sensor-connector-m120-new-part-no-a1404407637\/","og_locale":"en_US","og_type":"article","og_title":"Mercedes-Benz MAF Sensor Connector M120 NEW Part No.: A1404407637 - DerKabeldoc.de","og_description":"Made in Germany. As a new part from our own production, we guarantee the highest quality and durability for your vehicle. Part No. A1404407637","og_url":"https:\/\/derkabeldoc.de\/en\/produkt\/mercedes-benz-maf-sensor-connector-m120-new-part-no-a1404407637\/","og_site_name":"DerKabeldoc.de","og_image":[{"width":2146,"height":1606,"url":"https:\/\/derkabeldoc.de\/wp-content\/uploads\/2024\/08\/Internet-M120-LMM.jpg","type":"image\/jpeg"}],"twitter_card":"summary_large_image","schema":{"@context":"https:\/\/schema.org","@graph":[{"@type":"WebPage","@id":"https:\/\/derkabeldoc.de\/en\/produkt\/mercedes-benz-maf-sensor-connector-m120-new-part-no-a1404407637\/","url":"https:\/\/derkabeldoc.de\/en\/produkt\/mercedes-benz-maf-sensor-connector-m120-new-part-no-a1404407637\/","name":"Mercedes-Benz MAF Sensor Connector M120 NEW Part No.: A1404407637 - DerKabeldoc.de","isPartOf":{"@id":"https:\/\/derkabeldoc.de\/en\/#website"},"datePublished":"2024-08-17T10:49:53+00:00","description":"Made in Germany. As a new part from our own production, we guarantee the highest quality and durability for your vehicle. Part No. A1404407637","breadcrumb":{"@id":"https:\/\/derkabeldoc.de\/en\/produkt\/mercedes-benz-maf-sensor-connector-m120-new-part-no-a1404407637\/#breadcrumb"},"inLanguage":"en-US","potentialAction":[{"@type":"ReadAction","target":["https:\/\/derkabeldoc.de\/en\/produkt\/mercedes-benz-maf-sensor-connector-m120-new-part-no-a1404407637\/"]}]},{"@type":"BreadcrumbList","@id":"https:\/\/derkabeldoc.de\/en\/produkt\/mercedes-benz-maf-sensor-connector-m120-new-part-no-a1404407637\/#breadcrumb","itemListElement":[{"@type":"ListItem","position":1,"name":"Startseite","item":"https:\/\/derkabeldoc.de\/en\/shop\/"},{"@type":"ListItem","position":2,"name":"Home","item":"https:\/\/derkabeldoc.de\/"},{"@type":"ListItem","position":3,"name":"Mercedes-Benz MAF Sensor Connector M120 NEW Part No.: A1404407637"}]},{"@type":"WebSite","@id":"https:\/\/derkabeldoc.de\/en\/#website","url":"https:\/\/derkabeldoc.de\/en\/","name":"DerKabeldoc.de","description":"Vertrauen Sie auf Qualit\u00e4t und Innovation \u2013 w\u00e4hlen Sie unseren Kabelbaum. Erleben Sie Spitzenqualit\u00e4t und Zuverl\u00e4ssigkeit.","publisher":{"@id":"https:\/\/derkabeldoc.de\/en\/#organization"},"potentialAction":[{"@type":"SearchAction","target":{"@type":"EntryPoint","urlTemplate":"https:\/\/derkabeldoc.de\/en\/?s={search_term_string}"},"query-input":{"@type":"PropertyValueSpecification","valueRequired":true,"valueName":"search_term_string"}}],"inLanguage":"en-US"},{"@type":"Organization","@id":"https:\/\/derkabeldoc.de\/en\/#organization","name":"DerKabeldoc.de","url":"https:\/\/derkabeldoc.de\/en\/","logo":{"@type":"ImageObject","inLanguage":"en-US","@id":"https:\/\/derkabeldoc.de\/en\/#\/schema\/logo\/image\/","url":"https:\/\/derkabeldoc.de\/wp-content\/uploads\/2023\/01\/cropped-Screenshot-2023-01-30-222446-e1675196845195.jpg","contentUrl":"https:\/\/derkabeldoc.de\/wp-content\/uploads\/2023\/01\/cropped-Screenshot-2023-01-30-222446-e1675196845195.jpg","width":512,"height":512,"caption":"DerKabeldoc.de"},"image":{"@id":"https:\/\/derkabeldoc.de\/en\/#\/schema\/logo\/image\/"}}]}},"uagb_featured_image_src":{"full":false,"thumbnail":false,"medium":false,"medium_large":false,"large":false,"1536x1536":false,"2048x2048":false,"et-pb-post-main-image":false,"et-pb-post-main-image-fullwidth":false,"et-pb-portfolio-image":false,"et-pb-portfolio-module-image":false,"et-pb-portfolio-image-single":false,"et-pb-gallery-module-image-portrait":false,"et-pb-post-main-image-fullwidth-large":false,"et-pb-image--responsive--desktop":false,"et-pb-image--responsive--tablet":false,"et-pb-image--responsive--phone":false,"cfw_cart_thumb":false,"cfw_order_bump_thumb":false,"woocommerce_thumbnail":false,"woocommerce_single":false,"woocommerce_gallery_thumbnail":false},"uagb_author_info":{"display_name":"admin","author_link":"https:\/\/derkabeldoc.de\/en\/author\/"},"uagb_comment_info":0,"uagb_excerpt":"Replacement Connector HFM or LH","_links":{"self":[{"href":"https:\/\/derkabeldoc.de\/en\/wp-json\/wp\/v2\/product\/1437","targetHints":{"allow":["GET"]}}],"collection":[{"href":"https:\/\/derkabeldoc.de\/en\/wp-json\/wp\/v2\/product"}],"about":[{"href":"https:\/\/derkabeldoc.de\/en\/wp-json\/wp\/v2\/types\/product"}],"wp:attachment":[{"href":"https:\/\/derkabeldoc.de\/en\/wp-json\/wp\/v2\/media?parent=1437"}],"wp:term":[{"taxonomy":"product_brand","embeddable":true,"href":"https:\/\/derkabeldoc.de\/en\/wp-json\/wp\/v2\/product_brand?post=1437"},{"taxonomy":"product_cat","embeddable":true,"href":"https:\/\/derkabeldoc.de\/en\/wp-json\/wp\/v2\/product_cat?post=1437"},{"taxonomy":"product_tag","embeddable":true,"href":"https:\/\/derkabeldoc.de\/en\/wp-json\/wp\/v2\/product_tag?post=1437"}],"curies":[{"name":"wp","href":"https:\/\/api.w.org\/{rel}","templated":true}]}}