
{"id":1330,"date":"2023-01-31T20:10:18","date_gmt":"2023-01-31T20:10:18","guid":{"rendered":"https:\/\/derkabeldoc.de\/right-of-withdrawal-information\/"},"modified":"2025-09-09T15:06:58","modified_gmt":"2025-09-09T15:06:58","slug":"right-of-withdrawal-information","status":"publish","type":"page","link":"https:\/\/derkabeldoc.de\/en\/right-of-withdrawal-information\/","title":{"rendered":"Right of Withdrawal Information"},"content":{"rendered":"<p>[et_pb_section fb_built=&#8221;1&#8243; _builder_version=&#8221;4.16&#8243; global_colors_info=&#8221;{}&#8221;][et_pb_row _builder_version=&#8221;4.16&#8243; background_size=&#8221;initial&#8221; background_position=&#8221;top_left&#8221; background_repeat=&#8221;repeat&#8221; global_colors_info=&#8221;{}&#8221;][et_pb_column type=&#8221;4_4&#8243; _builder_version=&#8221;4.16&#8243; custom_padding=&#8221;|||&#8221; global_colors_info=&#8221;{}&#8221; custom_padding__hover=&#8221;|||&#8221;][et_pb_text _builder_version=&#8221;4.16&#8243; background_size=&#8221;initial&#8221; background_position=&#8221;top_left&#8221; background_repeat=&#8221;repeat&#8221; global_colors_info=&#8221;{}&#8221;]<!-- divi:paragraph --><\/p>\n<p>Right of Withdrawal for Services<\/p>\n<p><!-- \/divi:paragraph --><\/p>\n<p><!-- divi:paragraph --><\/p>\n<p>Right of Withdrawal You have the right, within fourteen days<\/p>\n<p><!-- \/divi:paragraph --><\/p>\n<p><!-- divi:paragraph --><\/p>\n<p>to withdraw from this contract without giving any reason. The withdrawal period is<\/p>\n<p><!-- \/divi:paragraph --><\/p>\n<p><!-- divi:paragraph --><\/p>\n<p>fourteen days from the day the contract was concluded.<\/p>\n<p><!-- \/divi:paragraph --><\/p>\n<p><!-- divi:paragraph --><\/p>\n<p>To exercise your right of withdrawal, you must inform us (Thomas Schiffmann, Parkstra\u00dfe 11, 84098 Hohenthann, Germany, info@kfz-technik-schiffmann.de, Phone: +491706513291) by means of a clear statement (e.g., a letter sent by post or an email) of your decision to withdraw from this contract.<\/p>\n<p><!-- \/divi:paragraph --><\/p>\n<p><!-- divi:paragraph --><\/p>\n<p>To meet the withdrawal deadline, it is sufficient that you send the notification of the exercise of the right of withdrawal before the expiry of the withdrawal period.&nbsp; Consequences of Withdrawal. If you withdraw from this contract, we must reimburse you for all payments we have received from you, including delivery costs (with the exception of the additional costs resulting from your choice of a type of delivery other than the cheapest standard delivery offered by us), without undue delay and at the latest within fourteen days from the day on which the notification of your withdrawal from this contract has reached us. For this repayment, we will use the same means of payment that you used for the original transaction, unless expressly agreed otherwise with you; in no case will you be charged fees for this repayment.<\/p>\n<p><!-- \/divi:paragraph --><\/p>\n<p><!-- divi:paragraph --><\/p>\n<p>&nbsp;&nbsp;&nbsp; If you have requested that the services begin during the withdrawal period, you must pay us a reasonable amount, which corresponds to the proportion of services already rendered up to the point in time at which you inform us of the exercise of the right of withdrawal with regard to this contract, compared to the total scope of the services provided for in the contract.<\/p>\n<p><!-- \/divi:paragraph --><\/p>\n<p><!-- divi:paragraph --><\/p>\n<p>Model Withdrawal Form (If you wish to withdraw from the contract, please fill out this form and send it back.) \u2013 To Thomas Schiffmann, Parkstra\u00dfe 11, 84098 Hohenthann, Germany, <a href=\"mailto:info@kfz-technik-schiffmann.de\">info@kfz-technik-schiffmann.de<\/a><\/p>\n<p><!-- \/divi:paragraph --><\/p>\n<p><!-- divi:paragraph --><\/p>\n<p>I\/We (*) hereby withdraw<\/p>\n<p><!-- \/divi:paragraph --><\/p>\n<p><!-- divi:paragraph --><\/p>\n<p>from the contract concluded by me\/us (*)<\/p>\n<p><!-- \/divi:paragraph --><\/p>\n<p><!-- divi:paragraph --><\/p>\n<p>for the purchase of the following goods (*)<\/p>\n<p><!-- \/divi:paragraph --><\/p>\n<p><!-- divi:paragraph --><\/p>\n<p>the provision of the following service (*)<\/p>\n<p><!-- \/divi:paragraph --><\/p>\n<p><!-- divi:paragraph --><\/p>\n<p>Ordered on (*)<\/p>\n<p><!-- \/divi:paragraph --><\/p>\n<p><!-- divi:paragraph --><\/p>\n<p>Received on (*)<\/p>\n<p><!-- \/divi:paragraph --><\/p>\n<p><!-- divi:paragraph --><\/p>\n<p>Name of consumer(s)<\/p>\n<p><!-- \/divi:paragraph --><\/p>\n<p><!-- divi:paragraph --><\/p>\n<p>Address of consumer(s)<\/p>\n<p><!-- \/divi:paragraph --><\/p>\n<p><!-- divi:paragraph --><\/p>\n<p>Signature of consumer(s) (only for notification on paper) \u2013<\/p>\n<p><!-- \/divi:paragraph --><\/p>\n<p><!-- divi:paragraph --><\/p>\n<p>Date (*)<\/p>\n<p><!-- \/divi:paragraph --><\/p>\n<p><!-- divi:paragraph --><\/p>\n<p>Delete as appropriate.&nbsp;&nbsp;&nbsp;&nbsp;<\/p>\n<p><!-- \/divi:paragraph -->[\/et_pb_text][\/et_pb_column][\/et_pb_row][et_pb_row _builder_version=&#8221;4.19.5&#8243; _module_preset=&#8221;default&#8221;][et_pb_column _builder_version=&#8221;4.19.5&#8243; _module_preset=&#8221;default&#8221; type=&#8221;4_4&#8243;][\/et_pb_column][\/et_pb_row][\/et_pb_section]<\/p>\n","protected":false},"excerpt":{"rendered":"<p>Right of Withdrawal for Services Right of Withdrawal You have the right, within fourteen days to withdraw from this contract without giving any reason. The withdrawal period is fourteen days from the day the contract was concluded. To exercise your right of withdrawal, you must inform us (Thomas Schiffmann, Parkstra\u00dfe 11, 84098 Hohenthann, Germany, info@kfz-technik-schiffmann.de, [&hellip;]<\/p>\n","protected":false},"author":2,"featured_media":0,"parent":0,"menu_order":0,"comment_status":"closed","ping_status":"closed","template":"","meta":{"_et_pb_use_builder":"on","_et_pb_old_content":"","_et_gb_content_width":"","_uag_custom_page_level_css":"","footnotes":""},"class_list":["post-1330","page","type-page","status-publish","hentry"],"yoast_head":"<!-- This site is optimized with the Yoast SEO plugin v27.5 - https:\/\/yoast.com\/product\/yoast-seo-wordpress\/ -->\n<title>Right of Withdrawal Information - DerKabeldoc.de<\/title>\n<meta name=\"robots\" content=\"index, follow, max-snippet:-1, max-image-preview:large, max-video-preview:-1\" \/>\n<link rel=\"canonical\" href=\"https:\/\/derkabeldoc.de\/en\/right-of-withdrawal-information\/\" \/>\n<meta property=\"og:locale\" content=\"en_US\" \/>\n<meta property=\"og:type\" content=\"article\" \/>\n<meta property=\"og:title\" content=\"Right of Withdrawal Information - DerKabeldoc.de\" \/>\n<meta property=\"og:description\" content=\"Right of Withdrawal for Services Right of Withdrawal You have the right, within fourteen days to withdraw from this contract without giving any reason. The withdrawal period is fourteen days from the day the contract was concluded. To exercise your right of withdrawal, you must inform us (Thomas Schiffmann, Parkstra\u00dfe 11, 84098 Hohenthann, Germany, info@kfz-technik-schiffmann.de, [&hellip;]\" \/>\n<meta property=\"og:url\" content=\"https:\/\/derkabeldoc.de\/en\/right-of-withdrawal-information\/\" \/>\n<meta property=\"og:site_name\" content=\"DerKabeldoc.de\" \/>\n<meta property=\"article:modified_time\" content=\"2025-09-09T15:06:58+00:00\" \/>\n<meta property=\"og:image\" content=\"https:\/\/derkabeldoc.de\/wp-content\/uploads\/2023\/01\/Original.png\" \/>\n\t<meta property=\"og:image:width\" content=\"5000\" \/>\n\t<meta property=\"og:image:height\" content=\"5000\" \/>\n\t<meta property=\"og:image:type\" content=\"image\/png\" \/>\n<meta name=\"twitter:card\" content=\"summary_large_image\" \/>\n<meta name=\"twitter:label1\" content=\"Est. reading time\" \/>\n\t<meta name=\"twitter:data1\" content=\"2 minutes\" \/>\n<script type=\"application\/ld+json\" class=\"yoast-schema-graph\">{\"@context\":\"https:\\\/\\\/schema.org\",\"@graph\":[{\"@type\":\"WebPage\",\"@id\":\"https:\\\/\\\/derkabeldoc.de\\\/en\\\/right-of-withdrawal-information\\\/\",\"url\":\"https:\\\/\\\/derkabeldoc.de\\\/en\\\/right-of-withdrawal-information\\\/\",\"name\":\"Right of Withdrawal Information - DerKabeldoc.de\",\"isPartOf\":{\"@id\":\"https:\\\/\\\/derkabeldoc.de\\\/en\\\/#website\"},\"datePublished\":\"2023-01-31T20:10:18+00:00\",\"dateModified\":\"2025-09-09T15:06:58+00:00\",\"breadcrumb\":{\"@id\":\"https:\\\/\\\/derkabeldoc.de\\\/en\\\/right-of-withdrawal-information\\\/#breadcrumb\"},\"inLanguage\":\"en-US\",\"potentialAction\":[{\"@type\":\"ReadAction\",\"target\":[\"https:\\\/\\\/derkabeldoc.de\\\/en\\\/right-of-withdrawal-information\\\/\"]}]},{\"@type\":\"BreadcrumbList\",\"@id\":\"https:\\\/\\\/derkabeldoc.de\\\/en\\\/right-of-withdrawal-information\\\/#breadcrumb\",\"itemListElement\":[{\"@type\":\"ListItem\",\"position\":1,\"name\":\"Startseite\",\"item\":\"https:\\\/\\\/derkabeldoc.de\\\/en\\\/shop\\\/\"},{\"@type\":\"ListItem\",\"position\":2,\"name\":\"Right of Withdrawal Information\"}]},{\"@type\":\"WebSite\",\"@id\":\"https:\\\/\\\/derkabeldoc.de\\\/en\\\/#website\",\"url\":\"https:\\\/\\\/derkabeldoc.de\\\/en\\\/\",\"name\":\"DerKabeldoc.de\",\"description\":\"Vertrauen Sie auf Qualit\u00e4t und Innovation \u2013 w\u00e4hlen Sie unseren Kabelbaum. Erleben Sie Spitzenqualit\u00e4t und Zuverl\u00e4ssigkeit.\",\"publisher\":{\"@id\":\"https:\\\/\\\/derkabeldoc.de\\\/en\\\/#organization\"},\"potentialAction\":[{\"@type\":\"SearchAction\",\"target\":{\"@type\":\"EntryPoint\",\"urlTemplate\":\"https:\\\/\\\/derkabeldoc.de\\\/en\\\/?s={search_term_string}\"},\"query-input\":{\"@type\":\"PropertyValueSpecification\",\"valueRequired\":true,\"valueName\":\"search_term_string\"}}],\"inLanguage\":\"en-US\"},{\"@type\":\"Organization\",\"@id\":\"https:\\\/\\\/derkabeldoc.de\\\/en\\\/#organization\",\"name\":\"DerKabeldoc.de\",\"url\":\"https:\\\/\\\/derkabeldoc.de\\\/en\\\/\",\"logo\":{\"@type\":\"ImageObject\",\"inLanguage\":\"en-US\",\"@id\":\"https:\\\/\\\/derkabeldoc.de\\\/en\\\/#\\\/schema\\\/logo\\\/image\\\/\",\"url\":\"https:\\\/\\\/derkabeldoc.de\\\/wp-content\\\/uploads\\\/2023\\\/01\\\/cropped-Screenshot-2023-01-30-222446-e1675196845195.jpg\",\"contentUrl\":\"https:\\\/\\\/derkabeldoc.de\\\/wp-content\\\/uploads\\\/2023\\\/01\\\/cropped-Screenshot-2023-01-30-222446-e1675196845195.jpg\",\"width\":512,\"height\":512,\"caption\":\"DerKabeldoc.de\"},\"image\":{\"@id\":\"https:\\\/\\\/derkabeldoc.de\\\/en\\\/#\\\/schema\\\/logo\\\/image\\\/\"}}]}<\/script>\n<!-- \/ Yoast SEO plugin. -->","yoast_head_json":{"title":"Right of Withdrawal Information - DerKabeldoc.de","robots":{"index":"index","follow":"follow","max-snippet":"max-snippet:-1","max-image-preview":"max-image-preview:large","max-video-preview":"max-video-preview:-1"},"canonical":"https:\/\/derkabeldoc.de\/en\/right-of-withdrawal-information\/","og_locale":"en_US","og_type":"article","og_title":"Right of Withdrawal Information - DerKabeldoc.de","og_description":"Right of Withdrawal for Services Right of Withdrawal You have the right, within fourteen days to withdraw from this contract without giving any reason. The withdrawal period is fourteen days from the day the contract was concluded. To exercise your right of withdrawal, you must inform us (Thomas Schiffmann, Parkstra\u00dfe 11, 84098 Hohenthann, Germany, info@kfz-technik-schiffmann.de, [&hellip;]","og_url":"https:\/\/derkabeldoc.de\/en\/right-of-withdrawal-information\/","og_site_name":"DerKabeldoc.de","article_modified_time":"2025-09-09T15:06:58+00:00","og_image":[{"width":5000,"height":5000,"url":"https:\/\/derkabeldoc.de\/wp-content\/uploads\/2023\/01\/Original.png","type":"image\/png"}],"twitter_card":"summary_large_image","twitter_misc":{"Est. reading time":"2 minutes"},"schema":{"@context":"https:\/\/schema.org","@graph":[{"@type":"WebPage","@id":"https:\/\/derkabeldoc.de\/en\/right-of-withdrawal-information\/","url":"https:\/\/derkabeldoc.de\/en\/right-of-withdrawal-information\/","name":"Right of Withdrawal Information - DerKabeldoc.de","isPartOf":{"@id":"https:\/\/derkabeldoc.de\/en\/#website"},"datePublished":"2023-01-31T20:10:18+00:00","dateModified":"2025-09-09T15:06:58+00:00","breadcrumb":{"@id":"https:\/\/derkabeldoc.de\/en\/right-of-withdrawal-information\/#breadcrumb"},"inLanguage":"en-US","potentialAction":[{"@type":"ReadAction","target":["https:\/\/derkabeldoc.de\/en\/right-of-withdrawal-information\/"]}]},{"@type":"BreadcrumbList","@id":"https:\/\/derkabeldoc.de\/en\/right-of-withdrawal-information\/#breadcrumb","itemListElement":[{"@type":"ListItem","position":1,"name":"Startseite","item":"https:\/\/derkabeldoc.de\/en\/shop\/"},{"@type":"ListItem","position":2,"name":"Right of Withdrawal Information"}]},{"@type":"WebSite","@id":"https:\/\/derkabeldoc.de\/en\/#website","url":"https:\/\/derkabeldoc.de\/en\/","name":"DerKabeldoc.de","description":"Vertrauen Sie auf Qualit\u00e4t und Innovation \u2013 w\u00e4hlen Sie unseren Kabelbaum. Erleben Sie Spitzenqualit\u00e4t und Zuverl\u00e4ssigkeit.","publisher":{"@id":"https:\/\/derkabeldoc.de\/en\/#organization"},"potentialAction":[{"@type":"SearchAction","target":{"@type":"EntryPoint","urlTemplate":"https:\/\/derkabeldoc.de\/en\/?s={search_term_string}"},"query-input":{"@type":"PropertyValueSpecification","valueRequired":true,"valueName":"search_term_string"}}],"inLanguage":"en-US"},{"@type":"Organization","@id":"https:\/\/derkabeldoc.de\/en\/#organization","name":"DerKabeldoc.de","url":"https:\/\/derkabeldoc.de\/en\/","logo":{"@type":"ImageObject","inLanguage":"en-US","@id":"https:\/\/derkabeldoc.de\/en\/#\/schema\/logo\/image\/","url":"https:\/\/derkabeldoc.de\/wp-content\/uploads\/2023\/01\/cropped-Screenshot-2023-01-30-222446-e1675196845195.jpg","contentUrl":"https:\/\/derkabeldoc.de\/wp-content\/uploads\/2023\/01\/cropped-Screenshot-2023-01-30-222446-e1675196845195.jpg","width":512,"height":512,"caption":"DerKabeldoc.de"},"image":{"@id":"https:\/\/derkabeldoc.de\/en\/#\/schema\/logo\/image\/"}}]}},"uagb_featured_image_src":{"full":false,"thumbnail":false,"medium":false,"medium_large":false,"large":false,"1536x1536":false,"2048x2048":false,"et-pb-post-main-image":false,"et-pb-post-main-image-fullwidth":false,"et-pb-portfolio-image":false,"et-pb-portfolio-module-image":false,"et-pb-portfolio-image-single":false,"et-pb-gallery-module-image-portrait":false,"et-pb-post-main-image-fullwidth-large":false,"et-pb-image--responsive--desktop":false,"et-pb-image--responsive--tablet":false,"et-pb-image--responsive--phone":false,"cfw_cart_thumb":false,"cfw_order_bump_thumb":false,"woocommerce_thumbnail":false,"woocommerce_single":false,"woocommerce_gallery_thumbnail":false},"uagb_author_info":{"display_name":"admin","author_link":"https:\/\/derkabeldoc.de\/en\/author\/admin-2\/"},"uagb_comment_info":0,"uagb_excerpt":"Right of Withdrawal for Services Right of Withdrawal You have the right, within fourteen days to withdraw from this contract without giving any reason. The withdrawal period is fourteen days from the day the contract was concluded. To exercise your right of withdrawal, you must inform us (Thomas Schiffmann, Parkstra\u00dfe 11, 84098 Hohenthann, Germany, info@kfz-technik-schiffmann.de,&hellip;","_links":{"self":[{"href":"https:\/\/derkabeldoc.de\/en\/wp-json\/wp\/v2\/pages\/1330","targetHints":{"allow":["GET"]}}],"collection":[{"href":"https:\/\/derkabeldoc.de\/en\/wp-json\/wp\/v2\/pages"}],"about":[{"href":"https:\/\/derkabeldoc.de\/en\/wp-json\/wp\/v2\/types\/page"}],"author":[{"embeddable":true,"href":"https:\/\/derkabeldoc.de\/en\/wp-json\/wp\/v2\/users\/2"}],"replies":[{"embeddable":true,"href":"https:\/\/derkabeldoc.de\/en\/wp-json\/wp\/v2\/comments?post=1330"}],"version-history":[{"count":2,"href":"https:\/\/derkabeldoc.de\/en\/wp-json\/wp\/v2\/pages\/1330\/revisions"}],"predecessor-version":[{"id":1332,"href":"https:\/\/derkabeldoc.de\/en\/wp-json\/wp\/v2\/pages\/1330\/revisions\/1332"}],"wp:attachment":[{"href":"https:\/\/derkabeldoc.de\/en\/wp-json\/wp\/v2\/media?parent=1330"}],"curies":[{"name":"wp","href":"https:\/\/api.w.org\/{rel}","templated":true}]}}